{"id":538,"date":"2024-04-23T19:03:23","date_gmt":"2024-04-23T22:03:23","guid":{"rendered":"https:\/\/moblyus.com\/?page_id=538"},"modified":"2024-04-23T19:03:23","modified_gmt":"2024-04-23T22:03:23","slug":"dieu-khoan-su-dung","status":"publish","type":"page","link":"https:\/\/moblyus.com\/vi\/termos-de-uso\/","title":{"rendered":"\u0110i\u1ec1u kho\u1ea3n s\u1eed d\u1ee5ng"},"content":{"rendered":"<p>N\u1ebfu b\u1ea1n ti\u1ebfp t\u1ee5c duy\u1ec7t v\u00e0 s\u1eed d\u1ee5ng trang web n\u00e0y, b\u1ea1n \u0111\u1ed3ng \u00fd tu\u00e2n th\u1ee7 v\u00e0 b\u1ecb r\u00e0ng bu\u1ed9c b\u1edfi c\u00e1c \u0111i\u1ec1u kho\u1ea3n v\u00e0 \u0111i\u1ec1u ki\u1ec7n s\u1eed d\u1ee5ng sau \u0111\u00e2y, c\u00f9ng v\u1edbi ch\u00ednh s\u00e1ch quy\u1ec1n ri\u00eang t\u01b0 c\u1ee7a ch\u00fang t\u00f4i, chi ph\u1ed1i m\u1ed1i quan h\u1ec7 c\u1ee7a Moblyus v\u1edbi b\u1ea1n.<\/p>\n\n\n\n<p>N\u1ebfu b\u1ea1n kh\u00f4ng \u0111\u1ed3ng \u00fd v\u1edbi b\u1ea5t k\u1ef3 ph\u1ea7n n\u00e0o trong c\u00e1c \u0111i\u1ec1u kho\u1ea3n v\u00e0 \u0111i\u1ec1u ki\u1ec7n n\u00e0y, vui l\u00f2ng kh\u00f4ng s\u1eed d\u1ee5ng trang web c\u1ee7a ch\u00fang t\u00f4i.<\/p>\n\n\n\n<p>Vi\u1ec7c s\u1eed d\u1ee5ng trang web n\u00e0y ph\u1ea3i tu\u00e2n theo c\u00e1c \u0111i\u1ec1u kho\u1ea3n s\u1eed d\u1ee5ng sau:<\/p>\n\n\n\n<p>N\u1ed9i dung c\u1ee7a c\u00e1c trang c\u1ee7a trang web n\u00e0y ch\u1ec9 d\u00e0nh cho th\u00f4ng tin chung v\u00e0 m\u1ee5c \u0111\u00edch s\u1eed d\u1ee5ng c\u1ee7a b\u1ea1n. N\u00f3 c\u00f3 th\u1ec3 thay \u0111\u1ed5i m\u00e0 kh\u00f4ng c\u1ea7n th\u00f4ng b\u00e1o. C\u1ea3 ch\u00fang t\u00f4i v\u00e0 b\u1ea5t k\u1ef3 b\u00ean th\u1ee9 ba n\u00e0o \u0111\u1ec1u kh\u00f4ng \u0111\u01b0a ra b\u1ea5t k\u1ef3 b\u1ea3o \u0111\u1ea3m hay \u0111\u1ea3m b\u1ea3o n\u00e0o v\u1ec1 t\u00ednh ch\u00ednh x\u00e1c, k\u1ecbp th\u1eddi, hi\u1ec7u su\u1ea5t, t\u00ednh \u0111\u1ea7y \u0111\u1ee7 ho\u1eb7c ph\u00f9 h\u1ee3p c\u1ee7a th\u00f4ng tin v\u00e0 t\u00e0i li\u1ec7u \u0111\u01b0\u1ee3c t\u00ecm th\u1ea5y ho\u1eb7c cung c\u1ea5p tr\u00ean trang web n\u00e0y cho b\u1ea5t k\u1ef3 m\u1ee5c \u0111\u00edch c\u1ee5 th\u1ec3 n\u00e0o. Vi\u1ec7c b\u1ea1n s\u1eed d\u1ee5ng b\u1ea5t k\u1ef3 th\u00f4ng tin ho\u1eb7c t\u00e0i li\u1ec7u n\u00e0o tr\u00ean trang web n\u00e0y ho\u00e0n to\u00e0n do b\u1ea1n t\u1ef1 ch\u1ecbu r\u1ee7i ro v\u00e0 ch\u00fang t\u00f4i s\u1ebd kh\u00f4ng ch\u1ecbu tr\u00e1ch nhi\u1ec7m ph\u00e1p l\u00fd. \u0110\u00f4i khi trang web n\u00e0y c\u0169ng c\u00f3 th\u1ec3 bao g\u1ed3m c\u00e1c li\u00ean k\u1ebft \u0111\u1ebfn c\u00e1c trang web kh\u00e1c. C\u00e1c li\u00ean k\u1ebft n\u00e0y \u0111\u01b0\u1ee3c cung c\u1ea5p \u0111\u1ec3 thu\u1eadn ti\u1ec7n cho b\u1ea1n cung c\u1ea5p th\u00eam th\u00f4ng tin. Ch\u00fang t\u00f4i kh\u00f4ng ch\u1ecbu tr\u00e1ch nhi\u1ec7m v\u1ec1 n\u1ed9i dung c\u1ee7a (c\u00e1c) trang web \u0111\u01b0\u1ee3c li\u00ean k\u1ebft.<\/p>","protected":false},"excerpt":{"rendered":"<p>N\u1ebfu b\u1ea1n ti\u1ebfp t\u1ee5c duy\u1ec7t v\u00e0 s\u1eed d\u1ee5ng trang web n\u00e0y, b\u1ea1n \u0111\u1ed3ng \u00fd tu\u00e2n th\u1ee7 v\u00e0 b\u1ecb r\u00e0ng bu\u1ed9c b\u1edfi c\u00e1c \u0111i\u1ec1u kho\u1ea3n v\u00e0 \u0111i\u1ec1u ki\u1ec7n s\u1eed d\u1ee5ng sau \u0111\u00e2y, c\u00f9ng v\u1edbi ch\u00ednh s\u00e1ch b\u1ea3o m\u1eadt c\u1ee7a ch\u00fang t\u00f4i, \u0111i\u1ec1u ch\u1ec9nh m\u1ed1i quan h\u1ec7 gi\u1eefa Moblyus v\u00e0 b\u1ea1n. N\u1ebfu b\u1ea1n kh\u00f4ng \u0111\u1ed3ng \u00fd v\u1edbi b\u1ea5t k\u1ef3 ph\u1ea7n n\u00e0o trong c\u00e1c \u0111i\u1ec1u kho\u1ea3n v\u00e0 \u0111i\u1ec1u ki\u1ec7n n\u00e0y, vui l\u00f2ng kh\u00f4ng s\u1eed d\u1ee5ng trang web c\u1ee7a ch\u00fang t\u00f4i. Vi\u1ec7c s\u1eed d\u1ee5ng trang web n\u00e0y ph\u1ea3i tu\u00e2n theo\u2026 <a title=\"\u0110i\u1ec1u kho\u1ea3n s\u1eed d\u1ee5ng\" class=\"read-more\" href=\"https:\/\/moblyus.com\/vi\/termos-de-uso\/\" aria-label=\"D\u01b0\u1edbi \u0111\u00e2y l\u00e0 c\u00e1c \u0110i\u1ec1u kho\u1ea3n s\u1eed d\u1ee5ng\">\u0111\u1ecdc th\u00eam<\/a><\/p>","protected":false},"author":1,"featured_media":0,"parent":0,"menu_order":0,"comment_status":"closed","ping_status":"closed","template":"","meta":{"footnotes":""},"class_list":["post-538","page","type-page","status-publish"],"_links":{"self":[{"href":"https:\/\/moblyus.com\/vi\/wp-json\/wp\/v2\/pages\/538","targetHints":{"allow":["GET"]}}],"collection":[{"href":"https:\/\/moblyus.com\/vi\/wp-json\/wp\/v2\/pages"}],"about":[{"href":"https:\/\/moblyus.com\/vi\/wp-json\/wp\/v2\/types\/page"}],"author":[{"embeddable":true,"href":"https:\/\/moblyus.com\/vi\/wp-json\/wp\/v2\/users\/1"}],"replies":[{"embeddable":true,"href":"https:\/\/moblyus.com\/vi\/wp-json\/wp\/v2\/comments?post=538"}],"version-history":[{"count":1,"href":"https:\/\/moblyus.com\/vi\/wp-json\/wp\/v2\/pages\/538\/revisions"}],"predecessor-version":[{"id":539,"href":"https:\/\/moblyus.com\/vi\/wp-json\/wp\/v2\/pages\/538\/revisions\/539"}],"wp:attachment":[{"href":"https:\/\/moblyus.com\/vi\/wp-json\/wp\/v2\/media?parent=538"}],"curies":[{"name":"trang web","href":"https:\/\/api.w.org\/{rel}","templated":true}]}}