{"id":2,"date":"2024-03-09T10:48:06","date_gmt":"2024-03-09T10:48:06","guid":{"rendered":"https:\/\/moblyus.com\/?page_id=2"},"modified":"2024-06-28T07:28:11","modified_gmt":"2024-06-28T10:28:11","slug":"tu-choi-trach-nhiem","status":"publish","type":"page","link":"https:\/\/moblyus.com\/vi\/disclaimer\/","title":{"rendered":"Tuy\u00ean b\u1ed1 t\u1eeb ch\u1ed1i tr\u00e1ch nhi\u1ec7m"},"content":{"rendered":"<p>Vi\u1ec7c s\u1eed d\u1ee5ng trang web n\u00e0y v\u00e0 m\u1ecdi \u1ee9ng d\u1ee5ng ho\u1eb7c d\u1ecbch v\u1ee5 li\u00ean quan do ch\u00fang t\u00f4i cung c\u1ea5p \u0111\u1ec1u ph\u1ea3i tu\u00e2n theo c\u00e1c \u0111i\u1ec1u kho\u1ea3n v\u00e0 \u0111i\u1ec1u ki\u1ec7n sau. B\u1eb1ng c\u00e1ch truy c\u1eadp ho\u1eb7c s\u1eed d\u1ee5ng trang web c\u1ee7a ch\u00fang t\u00f4i, b\u1ea1n \u0111\u1ed3ng \u00fd tu\u00e2n th\u1ee7 v\u00e0 b\u1ecb r\u00e0ng bu\u1ed9c b\u1edfi c\u00e1c \u0111i\u1ec1u kho\u1ea3n n\u00e0y. N\u1ebfu b\u1ea1n kh\u00f4ng \u0111\u1ed3ng \u00fd v\u1edbi b\u1ea5t k\u1ef3 ph\u1ea7n n\u00e0o c\u1ee7a c\u00e1c \u0111i\u1ec1u kho\u1ea3n n\u00e0y, vui l\u00f2ng kh\u00f4ng s\u1eed d\u1ee5ng trang web n\u00e0y.<\/p>\n\n\n\n<ol class=\"wp-block-list\">\n<li><strong>S\u1edf h\u1eefu tr\u00ed tu\u1ec7:<\/strong>&nbsp;T\u1ea5t c\u1ea3 n\u1ed9i dung \u0111\u01b0\u1ee3c tr\u00ecnh b\u00e0y tr\u00ean trang n\u00e0y, bao g\u1ed3m nh\u01b0ng kh\u00f4ng gi\u1edbi h\u1ea1n \u1edf v\u0103n b\u1ea3n, \u0111\u1ed3 h\u1ecda, logo, bi\u1ec3u t\u01b0\u1ee3ng, h\u00ecnh \u1ea3nh, clip \u00e2m thanh, t\u1ea3i xu\u1ed1ng k\u1ef9 thu\u1eadt s\u1ed1 v\u00e0 t\u1ed5ng h\u1ee3p d\u1eef li\u1ec7u, l\u00e0 t\u00e0i s\u1ea3n \u0111\u1ed9c quy\u1ec1n c\u1ee7a ch\u00fang t\u00f4i ho\u1eb7c ng\u01b0\u1eddi c\u1ea5p ph\u00e9p c\u1ee7a ch\u00fang t\u00f4i, \u0111\u01b0\u1ee3c b\u1ea3o v\u1ec7 b\u1edfi lu\u1eadt b\u1ea3n quy\u1ec1n, b\u1ea3n quy\u1ec1n v\u00e0 tr\u00ed tu\u1ec7 hi\u1ec7n h\u00e0nh kh\u00e1c. lu\u1eadt t\u00e0i s\u1ea3n.<\/li>\n\n\n\n<li><strong>\u0110\u01b0\u1ee3c ph\u00e9p s\u1eed d\u1ee5ng:<\/strong>&nbsp;B\u1ea1n c\u00f3 th\u1ec3 truy c\u1eadp v\u00e0 s\u1eed d\u1ee5ng trang web n\u00e0y cho m\u1ee5c \u0111\u00edch c\u00e1 nh\u00e2n, phi th\u01b0\u01a1ng m\u1ea1i. B\u1ea5t k\u1ef3 vi\u1ec7c s\u1eed d\u1ee5ng th\u01b0\u01a1ng m\u1ea1i ho\u1eb7c t\u00e1i b\u1ea3n n\u1ed9i dung c\u1ee7a trang web n\u00e0y m\u00e0 kh\u00f4ng c\u00f3 s\u1ef1 cho ph\u00e9p r\u00f5 r\u00e0ng b\u1eb1ng v\u0103n b\u1ea3n c\u1ee7a ch\u00fang t\u00f4i \u0111\u1ec1u b\u1ecb nghi\u00eam c\u1ea5m.<\/li>\n\n\n\n<li><strong>Tuy\u00ean b\u1ed1 t\u1eeb ch\u1ed1i tr\u00e1ch nhi\u1ec7m:<\/strong>&nbsp;Trang web n\u00e0y \u0111\u01b0\u1ee3c cung c\u1ea5p \u201cnguy\u00ean tr\u1ea1ng\u201d v\u00e0 \u201cc\u00f3 s\u1eb5n\u201d m\u00e0 kh\u00f4ng c\u00f3 b\u1ea5t k\u1ef3 s\u1ef1 b\u1ea3o \u0111\u1ea3m n\u00e0o, r\u00f5 r\u00e0ng hay ng\u1ee5 \u00fd. Ch\u00fang t\u00f4i kh\u00f4ng \u0111\u1ea3m b\u1ea3o t\u00ednh ch\u00ednh x\u00e1c, \u0111\u1ed9 tin c\u1eady ho\u1eb7c t\u00ednh \u0111\u1ea7y \u0111\u1ee7 c\u1ee7a n\u1ed9i dung c\u1ee7a trang web n\u00e0y. Vi\u1ec7c s\u1eed d\u1ee5ng trang web n\u00e0y c\u1ee7a b\u1ea1n c\u00f3 nguy c\u01a1 c\u1ee7a ri\u00eang b\u1ea1n.<\/li>\n\n\n\n<li><strong>Li\u00ean k\u1ebft \u0111\u1ebfn c\u00e1c trang web c\u1ee7a b\u00ean th\u1ee9 ba:<\/strong>&nbsp;Trang web n\u00e0y c\u00f3 th\u1ec3 ch\u1ee9a c\u00e1c li\u00ean k\u1ebft \u0111\u1ebfn c\u00e1c trang web c\u1ee7a b\u00ean th\u1ee9 ba kh\u00f4ng do ch\u00fang t\u00f4i ki\u1ec3m so\u00e1t ho\u1eb7c v\u1eadn h\u00e0nh. Ch\u00fang t\u00f4i kh\u00f4ng ch\u1ecbu tr\u00e1ch nhi\u1ec7m v\u1ec1 n\u1ed9i dung, ch\u00ednh s\u00e1ch b\u1ea3o m\u1eadt ho\u1eb7c th\u00f4ng l\u1ec7 c\u1ee7a c\u00e1c trang web b\u00ean th\u1ee9 ba. Vi\u1ec7c \u0111\u01b0a c\u00e1c li\u00ean k\u1ebft \u0111\u1ebfn c\u00e1c trang web c\u1ee7a b\u00ean th\u1ee9 ba kh\u00f4ng ng\u1ee5 \u00fd s\u1ef1 ch\u1ee9ng th\u1ef1c ho\u1eb7c \u0111\u1ec1 xu\u1ea5t b\u1ea5t k\u1ef3 n\u1ed9i dung n\u00e0o tr\u00ean c\u00e1c trang web \u0111\u00f3.<\/li>\n\n\n\n<li><strong>Thay \u0111\u1ed5i \u0110i\u1ec1u kho\u1ea3n:<\/strong>&nbsp;Ch\u00fang t\u00f4i c\u00f3 quy\u1ec1n s\u1eeda \u0111\u1ed5i c\u00e1c \u0111i\u1ec1u kho\u1ea3n n\u00e0y b\u1ea5t c\u1ee9 l\u00fac n\u00e0o m\u00e0 kh\u00f4ng c\u1ea7n th\u00f4ng b\u00e1o tr\u01b0\u1edbc. Vi\u1ec7c b\u1ea1n ti\u1ebfp t\u1ee5c s\u1eed d\u1ee5ng trang web n\u00e0y sau nh\u1eefng s\u1eeda \u0111\u1ed5i \u0111\u00f3 \u0111\u1ed3ng ngh\u0129a v\u1edbi vi\u1ec7c b\u1ea1n \u0111\u1ed3ng \u00fd v\u1edbi c\u00e1c \u0111i\u1ec1u kho\u1ea3n \u0111\u01b0\u1ee3c s\u1eeda \u0111\u1ed5i.<\/li>\n\n\n\n<li><strong>Lu\u1eadt \u00e1p d\u1ee5ng:<\/strong>\u00a0C\u00e1c \u0111i\u1ec1u kho\u1ea3n v\u00e0 \u0111i\u1ec1u ki\u1ec7n n\u00e0y \u0111\u01b0\u1ee3c \u0111i\u1ec1u ch\u1ec9nh v\u00e0 hi\u1ec3u theo lu\u1eadt ph\u00e1p c\u1ee7a Brazil. M\u1ecdi tranh ch\u1ea5p li\u00ean quan \u0111\u1ebfn c\u00e1c \u0111i\u1ec1u kho\u1ea3n n\u00e0y s\u1ebd thu\u1ed9c th\u1ea9m quy\u1ec1n x\u00e9t x\u1eed \u0111\u1ed9c quy\u1ec1n c\u1ee7a c\u00e1c t\u00f2a \u00e1n c\u00f3 th\u1ea9m quy\u1ec1n n\u1eb1m trong khu v\u1ef1c ph\u00e1p l\u00fd n\u00e0y.<\/li>\n<\/ol>\n\n\n\n<p>B\u1eb1ng c\u00e1ch s\u1eed d\u1ee5ng trang web n\u00e0y, b\u1ea1n th\u1eeba nh\u1eadn r\u1eb1ng b\u1ea1n \u0111\u00e3 \u0111\u1ecdc, hi\u1ec3u v\u00e0 \u0111\u1ed3ng \u00fd v\u1edbi c\u00e1c \u0111i\u1ec1u kho\u1ea3n v\u00e0 \u0111i\u1ec1u ki\u1ec7n n\u00e0y. N\u1ebfu b\u1ea1n c\u00f3 b\u1ea5t k\u1ef3 c\u00e2u h\u1ecfi ho\u1eb7c th\u1eafc m\u1eafc n\u00e0o v\u1ec1 c\u00e1c \u0111i\u1ec1u kho\u1ea3n n\u00e0y, vui l\u00f2ng li\u00ean h\u1ec7 v\u1edbi ch\u00fang t\u00f4i.<\/p>","protected":false},"excerpt":{"rendered":"<p>Vi\u1ec7c b\u1ea1n s\u1eed d\u1ee5ng trang web n\u00e0y, c\u0169ng nh\u01b0 b\u1ea5t k\u1ef3 \u1ee9ng d\u1ee5ng ho\u1eb7c d\u1ecbch v\u1ee5 li\u00ean quan n\u00e0o do ch\u00fang t\u00f4i cung c\u1ea5p, ph\u1ea3i tu\u00e2n theo c\u00e1c \u0111i\u1ec1u kho\u1ea3n v\u00e0 \u0111i\u1ec1u ki\u1ec7n sau \u0111\u00e2y. B\u1eb1ng vi\u1ec7c truy c\u1eadp ho\u1eb7c s\u1eed d\u1ee5ng trang web c\u1ee7a ch\u00fang t\u00f4i, b\u1ea1n \u0111\u1ed3ng \u00fd tu\u00e2n th\u1ee7 v\u00e0 b\u1ecb r\u00e0ng bu\u1ed9c b\u1edfi c\u00e1c \u0111i\u1ec1u kho\u1ea3n n\u00e0y. N\u1ebfu b\u1ea1n kh\u00f4ng \u0111\u1ed3ng \u00fd v\u1edbi b\u1ea5t k\u1ef3 ph\u1ea7n n\u00e0o trong c\u00e1c \u0111i\u1ec1u kho\u1ea3n n\u00e0y, vui l\u00f2ng kh\u00f4ng s\u1eed d\u1ee5ng trang web n\u00e0y. B\u1eb1ng vi\u1ec7c s\u1eed d\u1ee5ng\u2026 <a title=\"Tuy\u00ean b\u1ed1 t\u1eeb ch\u1ed1i tr\u00e1ch nhi\u1ec7m\" class=\"read-more\" href=\"https:\/\/moblyus.com\/vi\/disclaimer\/\" aria-label=\"\u0110\u1ecdc th\u00eam v\u1ec1 Disclaimer\">\u0111\u1ecdc th\u00eam<\/a><\/p>","protected":false},"author":1,"featured_media":0,"parent":0,"menu_order":0,"comment_status":"closed","ping_status":"open","template":"","meta":{"footnotes":""},"class_list":["post-2","page","type-page","status-publish"],"_links":{"self":[{"href":"https:\/\/moblyus.com\/vi\/wp-json\/wp\/v2\/pages\/2","targetHints":{"allow":["GET"]}}],"collection":[{"href":"https:\/\/moblyus.com\/vi\/wp-json\/wp\/v2\/pages"}],"about":[{"href":"https:\/\/moblyus.com\/vi\/wp-json\/wp\/v2\/types\/page"}],"author":[{"embeddable":true,"href":"https:\/\/moblyus.com\/vi\/wp-json\/wp\/v2\/users\/1"}],"replies":[{"embeddable":true,"href":"https:\/\/moblyus.com\/vi\/wp-json\/wp\/v2\/comments?post=2"}],"version-history":[{"count":2,"href":"https:\/\/moblyus.com\/vi\/wp-json\/wp\/v2\/pages\/2\/revisions"}],"predecessor-version":[{"id":809,"href":"https:\/\/moblyus.com\/vi\/wp-json\/wp\/v2\/pages\/2\/revisions\/809"}],"wp:attachment":[{"href":"https:\/\/moblyus.com\/vi\/wp-json\/wp\/v2\/media?parent=2"}],"curies":[{"name":"trang web","href":"https:\/\/api.w.org\/{rel}","templated":true}]}}