{"id":538,"date":"2024-04-23T19:03:23","date_gmt":"2024-04-23T22:03:23","guid":{"rendered":"https:\/\/moblyus.com\/?page_id=538"},"modified":"2024-04-23T19:03:23","modified_gmt":"2024-04-23T22:03:23","slug":"kullanim-sartlari","status":"publish","type":"page","link":"https:\/\/moblyus.com\/tr_eu\/termos-de-uso\/","title":{"rendered":"Kullan\u0131m \u015eartlar\u0131"},"content":{"rendered":"<p>Bu web sitesine g\u00f6z atmaya ve kullanmaya devam ederseniz, Moblyus&#039;un sizinle olan ili\u015fkisini gizlilik politikam\u0131zla birlikte d\u00fczenleyen a\u015fa\u011f\u0131daki kullan\u0131m \u015fart ve ko\u015fullar\u0131na uymay\u0131 ve bunlara ba\u011fl\u0131 kalmay\u0131 kabul etmi\u015f olursunuz.<\/p>\n\n\n\n<p>Bu \u015fart ve ko\u015fullar\u0131n herhangi bir b\u00f6l\u00fcm\u00fcn\u00fc kabul etmiyorsan\u0131z web sitemizi kullanmay\u0131n.<\/p>\n\n\n\n<p>Bu web sitesinin kullan\u0131m\u0131 a\u015fa\u011f\u0131daki kullan\u0131m \u015fartlar\u0131na tabidir:<\/p>\n\n\n\n<p>Bu web sitesinin sayfalar\u0131n\u0131n i\u00e7eri\u011fi yaln\u0131zca genel bilginiz ve kullan\u0131m\u0131n\u0131z i\u00e7indir. Haber verilmeden de\u011fi\u015ftirilebilir. Ne biz ne de herhangi bir \u00fc\u00e7\u00fcnc\u00fc taraf, bu web sitesinde bulunan veya sunulan bilgi ve materyallerin belirli bir ama\u00e7 i\u00e7in do\u011frulu\u011fu, g\u00fcncelli\u011fi, performans\u0131, eksiksizli\u011fi veya uygunlu\u011fu konusunda herhangi bir garanti veya garanti vermiyoruz. Bu web sitesindeki herhangi bir bilgi veya materyali kullan\u0131m\u0131n\u0131z\u0131n riski tamamen size aittir ve biz sorumlu olmayaca\u011f\u0131z. Zaman zaman bu web sitesi di\u011fer web sitelerine ba\u011flant\u0131lar da i\u00e7erebilir. Bu ba\u011flant\u0131lar daha fazla bilgi sa\u011flaman\u0131z i\u00e7in size kolayl\u0131k sa\u011flamak amac\u0131yla sa\u011flanm\u0131\u015ft\u0131r. Ba\u011flant\u0131 verilen web sitelerinin i\u00e7eri\u011fine ili\u015fkin hi\u00e7bir sorumlulu\u011fumuz yoktur.<\/p>","protected":false},"excerpt":{"rendered":"<p>Bu sitede gezinmeye ve kullanmaya devam ederseniz, gizlilik politikam\u0131zla birlikte Moblyus&#039;un sizinle olan ili\u015fkisini d\u00fczenleyen a\u015fa\u011f\u0131daki kullan\u0131m h\u00fck\u00fcm ve ko\u015fullar\u0131na uymay\u0131 ve bunlara ba\u011fl\u0131 kalmay\u0131 kabul etmi\u015f olursunuz. Bu h\u00fck\u00fcm ve ko\u015fullar\u0131n herhangi bir b\u00f6l\u00fcm\u00fcn\u00fc kabul etmiyorsan\u0131z, sitemizi kullanmay\u0131n. Bu sitenin kullan\u0131m\u0131 a\u015fa\u011f\u0131dakilere tabidir: <a title=\"Kullan\u0131m \u015eartlar\u0131\" class=\"read-more\" href=\"https:\/\/moblyus.com\/tr_eu\/termos-de-uso\/\" aria-label=\"Kullan\u0131m Ko\u015fullar\u0131 hakk\u0131nda daha fazla bilgi edinin\">devam\u0131n\u0131 oku<\/a><\/p>","protected":false},"author":1,"featured_media":0,"parent":0,"menu_order":0,"comment_status":"closed","ping_status":"closed","template":"","meta":{"footnotes":""},"class_list":["post-538","page","type-page","status-publish"],"_links":{"self":[{"href":"https:\/\/moblyus.com\/tr_eu\/wp-json\/wp\/v2\/pages\/538","targetHints":{"allow":["GET"]}}],"collection":[{"href":"https:\/\/moblyus.com\/tr_eu\/wp-json\/wp\/v2\/pages"}],"about":[{"href":"https:\/\/moblyus.com\/tr_eu\/wp-json\/wp\/v2\/types\/page"}],"author":[{"embeddable":true,"href":"https:\/\/moblyus.com\/tr_eu\/wp-json\/wp\/v2\/users\/1"}],"replies":[{"embeddable":true,"href":"https:\/\/moblyus.com\/tr_eu\/wp-json\/wp\/v2\/comments?post=538"}],"version-history":[{"count":1,"href":"https:\/\/moblyus.com\/tr_eu\/wp-json\/wp\/v2\/pages\/538\/revisions"}],"predecessor-version":[{"id":539,"href":"https:\/\/moblyus.com\/tr_eu\/wp-json\/wp\/v2\/pages\/538\/revisions\/539"}],"wp:attachment":[{"href":"https:\/\/moblyus.com\/tr_eu\/wp-json\/wp\/v2\/media?parent=538"}],"curies":[{"name":"wp","href":"https:\/\/api.w.org\/{rel}","templated":true}]}}