{"id":3,"date":"2024-03-09T10:48:06","date_gmt":"2024-03-09T10:48:06","guid":{"rendered":"https:\/\/moblyus.com\/?page_id=3"},"modified":"2024-12-17T23:52:16","modified_gmt":"2024-12-18T02:52:16","slug":"gizlilik-politikasi","status":"publish","type":"page","link":"https:\/\/moblyus.com\/tr\/politica-de-privacidade\/","title":{"rendered":"Gizlilik Politikas\u0131"},"content":{"rendered":"<p>Ho\u015fgeldiniz <strong>Moblyus<\/strong>. Bu gizlilik politikas\u0131, web sitemize eri\u015fti\u011finizde veya onu kulland\u0131\u011f\u0131n\u0131zda hakk\u0131n\u0131zdaki bilgileri nas\u0131l toplad\u0131\u011f\u0131m\u0131z\u0131, kulland\u0131\u011f\u0131m\u0131z\u0131 ve payla\u015ft\u0131\u011f\u0131m\u0131z\u0131 a\u00e7\u0131klamaktad\u0131r.<\/p>\n\n\n\n<ol class=\"wp-block-list\">\n<li>Ki\u015fisel Bilgileri Toplad\u0131\u011f\u0131m\u0131z Bilgiler: G\u00fcncellemelere kaydoldu\u011funuzda veya bizimle ileti\u015fim kurdu\u011funuzda, g\u00f6n\u00fcll\u00fc olarak sa\u011flad\u0131\u011f\u0131n\u0131z ad\u0131n\u0131z, e-posta adresiniz ve di\u011fer ileti\u015fim bilgileriniz gibi ki\u015fisel bilgileri topluyoruz. Kullan\u0131m Verileri: Cihaz t\u00fcr\u00fc, web taray\u0131c\u0131s\u0131, ziyaret edilen sayfalar, t\u0131klamalar, kullan\u0131m kal\u0131plar\u0131 ve di\u011fer kullan\u0131m bilgileri dahil olmak \u00fczere Siteye nas\u0131l eri\u015fti\u011finiz ve Siteyi nas\u0131l kulland\u0131\u011f\u0131n\u0131zla ilgili bilgileri otomatik olarak topluyoruz. \u00c7erezler ve Takip Teknolojileri: Deneyiminizi ki\u015fiselle\u015ftirmek ve web sitesi ve g\u00f6r\u00fcnt\u00fclenen reklamlarla etkile\u015fiminiz hakk\u0131nda veri toplamak i\u00e7in \u00e7erezler ve takip teknolojileri kullan\u0131yoruz.<\/li>\n\n\n\n<li>Bilgilerin Kullan\u0131m\u0131 Bilgilerinizi a\u015fa\u011f\u0131daki ama\u00e7larla kullan\u0131r\u0131z:<\/li>\n<\/ol>\n\n\n\n<p>Web sitemizi ve hizmetlerimizi sa\u011flamak, s\u00fcrd\u00fcrmek ve geli\u015ftirmek. Sizinle ileti\u015fim kurun, sorular\u0131n\u0131za ve isteklerinize yan\u0131t verin. Ki\u015fiselle\u015ftirilmi\u015f reklamlar g\u00f6r\u00fcnt\u00fcleyin ve veri analizi yap\u0131n.<\/p>\n\n\n\n<ol class=\"wp-block-list\" start=\"3\">\n<li>Bilgi Payla\u015f\u0131m\u0131 A\u015fa\u011f\u0131daki durumlarda bilgilerinizi \u00fc\u00e7\u00fcnc\u00fc taraflarla payla\u015fabiliriz:<\/li>\n<\/ol>\n\n\n\n<p>Hizmet Sa\u011flay\u0131c\u0131lar: Web bar\u0131nd\u0131rma ve veri analizi gibi siteyi i\u015fletmemize yard\u0131mc\u0131 olan sat\u0131c\u0131larla bilgi payla\u015f\u0131r\u0131z. Google Ad Exchange: Google Ad Exchange arac\u0131l\u0131\u011f\u0131yla reklam sunmak i\u00e7in gerekti\u011fi gibi. Yasal Uyumluluk: Gerekti\u011finde yasaya uymak veya yasal s\u00fcrece yan\u0131t vermek.<\/p>\n\n\n\n<ol class=\"wp-block-list\" start=\"4\">\n<li>Google AdSense Google AdSense \u015fartlar\u0131na uygun olarak, \u00fc\u00e7\u00fcnc\u00fc taraf sat\u0131c\u0131 olarak Google&#039;\u0131n web sitemizde reklam yay\u0131nlamak i\u00e7in \u00e7erezleri kulland\u0131\u011f\u0131n\u0131 l\u00fctfen unutmay\u0131n. Google&#039;\u0131n DART \u00e7erezini kullanmas\u0131, sitemize ve \u0130nternet&#039;teki di\u011fer sitelere yap\u0131lan ge\u00e7mi\u015f ziyaretlere dayal\u0131 olarak kullan\u0131c\u0131lar\u0131m\u0131za reklam sunmas\u0131na olanak tan\u0131r. Kullan\u0131c\u0131lar, Google Reklamc\u0131l\u0131k ve \u0130\u00e7erik A\u011f\u0131 Gizlilik Politikas\u0131&#039;n\u0131 ziyaret ederek DART \u00e7erezinin kullan\u0131m\u0131n\u0131 devre d\u0131\u015f\u0131 b\u0131rakabilir.<\/li>\n\n\n\n<li>Gizlilik Politikas\u0131ndaki De\u011fi\u015fiklikler Gizlilik Politikam\u0131z\u0131 zaman zaman g\u00fcncelleyebiliriz. Yeni Gizlilik Politikas\u0131n\u0131 bu sayfada yay\u0131nlayarak sizi herhangi bir de\u011fi\u015fiklik konusunda bilgilendirece\u011fiz.<\/li>\n\n\n\n<li>\u0130leti\u015fim Bu Gizlilik Politikas\u0131 hakk\u0131nda sorular\u0131n\u0131z varsa l\u00fctfen bizimle ileti\u015fime ge\u00e7in.<\/li>\n<\/ol>","protected":false},"excerpt":{"rendered":"<p>Moblyus&#039;a ho\u015f geldiniz. Bu gizlilik politikas\u0131, web sitemize eri\u015fti\u011finizde veya web sitemizi kulland\u0131\u011f\u0131n\u0131zda hakk\u0131n\u0131zdaki bilgileri nas\u0131l toplad\u0131\u011f\u0131m\u0131z\u0131, kulland\u0131\u011f\u0131m\u0131z\u0131 ve payla\u015ft\u0131\u011f\u0131m\u0131z\u0131 a\u00e7\u0131klamaktad\u0131r. Web sitemizi ve hizmetlerimizi sa\u011flamak, s\u00fcrd\u00fcrmek ve iyile\u015ftirmek. Sizinle ileti\u015fim kurmak, soru ve taleplerinize yan\u0131t vermek. Ki\u015fiselle\u015ftirilmi\u015f reklamlar g\u00f6r\u00fcnt\u00fclemek ve veri analizi yapmak. Hizmet Sa\u011flay\u0131c\u0131lar: Bilgileri, a\u015fa\u011f\u0131dakilerle payla\u015f\u0131yoruz\u2026 <a title=\"Gizlilik Politikas\u0131\" class=\"read-more\" href=\"https:\/\/moblyus.com\/tr\/politica-de-privacidade\/\" aria-label=\"Gizlilik Politikas\u0131 hakk\u0131nda daha fazla bilgi edinin\">devam\u0131n\u0131 oku<\/a><\/p>","protected":false},"author":1,"featured_media":0,"parent":0,"menu_order":0,"comment_status":"closed","ping_status":"closed","template":"","meta":{"footnotes":""},"class_list":["post-3","page","type-page","status-publish"],"_links":{"self":[{"href":"https:\/\/moblyus.com\/tr\/wp-json\/wp\/v2\/pages\/3","targetHints":{"allow":["GET"]}}],"collection":[{"href":"https:\/\/moblyus.com\/tr\/wp-json\/wp\/v2\/pages"}],"about":[{"href":"https:\/\/moblyus.com\/tr\/wp-json\/wp\/v2\/types\/page"}],"author":[{"embeddable":true,"href":"https:\/\/moblyus.com\/tr\/wp-json\/wp\/v2\/users\/1"}],"replies":[{"embeddable":true,"href":"https:\/\/moblyus.com\/tr\/wp-json\/wp\/v2\/comments?post=3"}],"version-history":[{"count":1,"href":"https:\/\/moblyus.com\/tr\/wp-json\/wp\/v2\/pages\/3\/revisions"}],"predecessor-version":[{"id":537,"href":"https:\/\/moblyus.com\/tr\/wp-json\/wp\/v2\/pages\/3\/revisions\/537"}],"wp:attachment":[{"href":"https:\/\/moblyus.com\/tr\/wp-json\/wp\/v2\/media?parent=3"}],"curies":[{"name":"wp","href":"https:\/\/api.w.org\/{rel}","templated":true}]}}