{"id":2,"date":"2024-03-09T10:48:06","date_gmt":"2024-03-09T10:48:06","guid":{"rendered":"https:\/\/moblyus.com\/?page_id=2"},"modified":"2024-06-28T07:28:11","modified_gmt":"2024-06-28T10:28:11","slug":"sorumluluk-reddi-beyani","status":"publish","type":"page","link":"https:\/\/moblyus.com\/tr\/disclaimer\/","title":{"rendered":"Sorumluluk reddi beyan\u0131"},"content":{"rendered":"<p>Bu web sitesinin ve taraf\u0131m\u0131zca sunulan ilgili uygulamalar\u0131n veya hizmetlerin kullan\u0131m\u0131 a\u015fa\u011f\u0131daki \u015fartlar ve ko\u015fullara tabidir. Web sitemize eri\u015ferek veya web sitemizi kullanarak bu \u015fartlara uymay\u0131 ve bunlara ba\u011fl\u0131 kalmay\u0131 kabul etmi\u015f olursunuz. Bu \u015fartlar\u0131n herhangi bir b\u00f6l\u00fcm\u00fcn\u00fc kabul etmiyorsan\u0131z l\u00fctfen bu web sitesini kullanmay\u0131n.<\/p>\n\n\n\n<ol class=\"wp-block-list\">\n<li><strong>Fikri m\u00fclkiyet:<\/strong>&nbsp;Metin, grafikler, logolar, simgeler, resimler, ses klipleri, dijital indirmeler ve veri derlemeleri dahil ancak bunlarla s\u0131n\u0131rl\u0131 olmamak \u00fczere bu sitede sunulan t\u00fcm i\u00e7erik, telif hakk\u0131 yasalar\u0131yla, telif hakk\u0131yla ve di\u011fer ilgili fikri m\u00fclkiyet haklar\u0131yla korunan, bizim veya lisans verenlerimizin m\u00fcnhas\u0131r m\u00fclkiyetindedir. m\u00fclkiyet kanunlar\u0131.<\/li>\n\n\n\n<li><strong>\u0130zin Verilen Kullan\u0131m:<\/strong>&nbsp;Bu web sitesine ki\u015fisel, ticari olmayan ama\u00e7larla eri\u015febilir ve kullanabilirsiniz. A\u00e7\u0131k yaz\u0131l\u0131 iznimiz olmadan bu web sitesinin i\u00e7eri\u011finin ticari olarak kullan\u0131lmas\u0131 veya yeniden yay\u0131nlanmas\u0131 kesinlikle yasakt\u0131r.<\/li>\n\n\n\n<li><strong>Yasal Uyar\u0131:<\/strong>&nbsp;Bu site, a\u00e7\u0131k veya z\u0131mni hi\u00e7bir garanti olmaks\u0131z\u0131n &quot;oldu\u011fu gibi&quot; ve &quot;mevcut oldu\u011fu \u015fekilde&quot; sa\u011flanmaktad\u0131r. Bu sitenin i\u00e7eri\u011finin do\u011frulu\u011funu, g\u00fcvenilirli\u011fini veya eksiksizli\u011fini garanti etmiyoruz. Bu web sitesini kullan\u0131m\u0131n\u0131z\u0131n riski size aittir.<\/li>\n\n\n\n<li><strong>\u00dc\u00e7\u00fcnc\u00fc Taraf Sitelere Ba\u011flant\u0131lar:<\/strong>&nbsp;Bu web sitesi taraf\u0131m\u0131zdan kontrol edilmeyen veya i\u015fletilmeyen \u00fc\u00e7\u00fcnc\u00fc taraf web sitelerine ba\u011flant\u0131lar i\u00e7erebilir. \u00dc\u00e7\u00fcnc\u00fc taraf sitelerin i\u00e7eri\u011finden, gizlilik politikalar\u0131ndan veya uygulamalar\u0131ndan sorumlu de\u011filiz. \u00dc\u00e7\u00fcnc\u00fc taraf web sitelerine ba\u011flant\u0131lar\u0131n dahil edilmesi, bu web sitelerindeki herhangi bir i\u00e7eri\u011fin onayland\u0131\u011f\u0131 veya tavsiye edildi\u011fi anlam\u0131na gelmez.<\/li>\n\n\n\n<li><strong>\u015eartlardaki De\u011fi\u015fiklikler:<\/strong>&nbsp;Bu \u015fartlar\u0131 herhangi bir zamanda, \u00f6nceden bildirimde bulunmaks\u0131z\u0131n de\u011fi\u015ftirme hakk\u0131n\u0131 sakl\u0131 tutuyoruz. Bu t\u00fcr de\u011fi\u015fikliklerden sonra bu siteyi kullanmaya devam etmeniz, revize edilen \u015fartlar\u0131 kabul etti\u011finiz anlam\u0131na gelir.<\/li>\n\n\n\n<li><strong>Uygulanabilir yasa:<\/strong>\u00a0Bu \u015fartlar ve ko\u015fullar Brezilya yasalar\u0131na g\u00f6re y\u00f6netilir ve yorumlan\u0131r. Bu \u015fartlarla ilgili herhangi bir anla\u015fmazl\u0131k, bu yarg\u0131 b\u00f6lgesinde bulunan yetkili mahkemelerin m\u00fcnhas\u0131r yarg\u0131 yetkisine tabi olacakt\u0131r.<\/li>\n<\/ol>\n\n\n\n<p>Bu web sitesini kullanarak bu \u015fart ve ko\u015fullar\u0131 okudu\u011funuzu, anlad\u0131\u011f\u0131n\u0131z\u0131 ve kabul etti\u011finizi onaylam\u0131\u015f olursunuz. Bu \u015fartlarla ilgili herhangi bir sorunuz veya endi\u015feniz varsa l\u00fctfen bizimle ileti\u015fime ge\u00e7in.<\/p>","protected":false},"excerpt":{"rendered":"<p>Bu web sitesinin ve taraf\u0131m\u0131zca sunulan ilgili uygulama veya hizmetlerin kullan\u0131m\u0131 a\u015fa\u011f\u0131daki h\u00fck\u00fcm ve ko\u015fullara tabidir. Web sitemize eri\u015ferek veya web sitemizi kullanarak, bu h\u00fck\u00fcm ve ko\u015fullara uymay\u0131 ve bunlara ba\u011fl\u0131 kalmay\u0131 kabul etmi\u015f olursunuz. Bu h\u00fck\u00fcm ve ko\u015fullar\u0131n herhangi bir k\u0131sm\u0131n\u0131 kabul etmiyorsan\u0131z, l\u00fctfen bu web sitesini kullanmay\u0131n. Bu web sitesini kullanarak\u2026 <a title=\"Sorumluluk reddi beyan\u0131\" class=\"read-more\" href=\"https:\/\/moblyus.com\/tr\/disclaimer\/\" aria-label=\"Yasal Uyar\u0131 hakk\u0131nda daha fazla bilgi edinin\">devam\u0131n\u0131 oku<\/a><\/p>","protected":false},"author":1,"featured_media":0,"parent":0,"menu_order":0,"comment_status":"closed","ping_status":"open","template":"","meta":{"footnotes":""},"class_list":["post-2","page","type-page","status-publish"],"_links":{"self":[{"href":"https:\/\/moblyus.com\/tr\/wp-json\/wp\/v2\/pages\/2","targetHints":{"allow":["GET"]}}],"collection":[{"href":"https:\/\/moblyus.com\/tr\/wp-json\/wp\/v2\/pages"}],"about":[{"href":"https:\/\/moblyus.com\/tr\/wp-json\/wp\/v2\/types\/page"}],"author":[{"embeddable":true,"href":"https:\/\/moblyus.com\/tr\/wp-json\/wp\/v2\/users\/1"}],"replies":[{"embeddable":true,"href":"https:\/\/moblyus.com\/tr\/wp-json\/wp\/v2\/comments?post=2"}],"version-history":[{"count":2,"href":"https:\/\/moblyus.com\/tr\/wp-json\/wp\/v2\/pages\/2\/revisions"}],"predecessor-version":[{"id":809,"href":"https:\/\/moblyus.com\/tr\/wp-json\/wp\/v2\/pages\/2\/revisions\/809"}],"wp:attachment":[{"href":"https:\/\/moblyus.com\/tr\/wp-json\/wp\/v2\/media?parent=2"}],"curies":[{"name":"wp","href":"https:\/\/api.w.org\/{rel}","templated":true}]}}