{"id":538,"date":"2024-04-23T19:03:23","date_gmt":"2024-04-23T22:03:23","guid":{"rendered":"https:\/\/moblyus.com\/?page_id=538"},"modified":"2024-04-23T19:03:23","modified_gmt":"2024-04-23T22:03:23","slug":"villkor","status":"publish","type":"page","link":"https:\/\/moblyus.com\/sv\/termos-de-uso\/","title":{"rendered":"Villkor"},"content":{"rendered":"<p>Om du forts\u00e4tter att surfa och anv\u00e4nda denna webbplats, samtycker du till att f\u00f6lja och vara bunden av f\u00f6ljande anv\u00e4ndarvillkor, som tillsammans med v\u00e5r integritetspolicy styr Moblyus relation med dig.<\/p>\n\n\n\n<p>Om du inte h\u00e5ller med om n\u00e5gon del av dessa villkor, anv\u00e4nd inte v\u00e5r webbplats.<\/p>\n\n\n\n<p>Anv\u00e4ndningen av denna webbplats \u00e4r f\u00f6rem\u00e5l f\u00f6r f\u00f6ljande anv\u00e4ndarvillkor:<\/p>\n\n\n\n<p>Inneh\u00e5llet p\u00e5 sidorna p\u00e5 denna webbplats \u00e4r endast f\u00f6r din allm\u00e4nna information och anv\u00e4ndning. Det kan \u00e4ndras utan f\u00f6reg\u00e5ende meddelande. Varken vi eller n\u00e5gon tredje part ger n\u00e5gra garantier eller garantier f\u00f6r riktigheten, aktualitet, prestanda, fullst\u00e4ndighet eller l\u00e4mplighet f\u00f6r informationen och materialet som finns eller erbjuds p\u00e5 denna webbplats f\u00f6r n\u00e5got speciellt \u00e4ndam\u00e5l. Din anv\u00e4ndning av all information eller material p\u00e5 denna webbplats sker helt p\u00e5 egen risk, vilket vi inte \u00e4r ansvariga f\u00f6r. D\u00e5 och d\u00e5 kan denna webbplats \u00e4ven inneh\u00e5lla l\u00e4nkar till andra webbplatser. Dessa l\u00e4nkar tillhandah\u00e5lls f\u00f6r din bekv\u00e4mlighet f\u00f6r att ge ytterligare information. Vi har inget ansvar f\u00f6r inneh\u00e5llet p\u00e5 de l\u00e4nkade webbplatserna.<\/p>","protected":false},"excerpt":{"rendered":"<p>Om du forts\u00e4tter att surfa p\u00e5 och anv\u00e4nda den h\u00e4r webbplatsen godk\u00e4nner du att f\u00f6lja och vara bunden av f\u00f6ljande anv\u00e4ndarvillkor, vilka tillsammans med v\u00e5r integritetspolicy reglerar Moblyus relation med dig. Om du inte h\u00e5ller med om n\u00e5gon del av dessa villkor ska du inte anv\u00e4nda v\u00e5r webbplats. Anv\u00e4ndning av denna webbplats \u00e4r f\u00f6rem\u00e5l f\u00f6r\u2026 <a title=\"Villkor\" class=\"read-more\" href=\"https:\/\/moblyus.com\/sv\/termos-de-uso\/\" aria-label=\"L\u00e4s mer om anv\u00e4ndarvillkoren\">l\u00e4s mer<\/a><\/p>","protected":false},"author":1,"featured_media":0,"parent":0,"menu_order":0,"comment_status":"closed","ping_status":"closed","template":"","meta":{"footnotes":""},"class_list":["post-538","page","type-page","status-publish"],"_links":{"self":[{"href":"https:\/\/moblyus.com\/sv\/wp-json\/wp\/v2\/pages\/538","targetHints":{"allow":["GET"]}}],"collection":[{"href":"https:\/\/moblyus.com\/sv\/wp-json\/wp\/v2\/pages"}],"about":[{"href":"https:\/\/moblyus.com\/sv\/wp-json\/wp\/v2\/types\/page"}],"author":[{"embeddable":true,"href":"https:\/\/moblyus.com\/sv\/wp-json\/wp\/v2\/users\/1"}],"replies":[{"embeddable":true,"href":"https:\/\/moblyus.com\/sv\/wp-json\/wp\/v2\/comments?post=538"}],"version-history":[{"count":1,"href":"https:\/\/moblyus.com\/sv\/wp-json\/wp\/v2\/pages\/538\/revisions"}],"predecessor-version":[{"id":539,"href":"https:\/\/moblyus.com\/sv\/wp-json\/wp\/v2\/pages\/538\/revisions\/539"}],"wp:attachment":[{"href":"https:\/\/moblyus.com\/sv\/wp-json\/wp\/v2\/media?parent=538"}],"curies":[{"name":"wp","href":"https:\/\/api.w.org\/{rel}","templated":true}]}}