{"id":538,"date":"2024-04-23T19:03:23","date_gmt":"2024-04-23T22:03:23","guid":{"rendered":"https:\/\/moblyus.com\/?page_id=538"},"modified":"2024-04-23T19:03:23","modified_gmt":"2024-04-23T22:03:23","slug":"pogoji-uporabe","status":"publish","type":"page","link":"https:\/\/moblyus.com\/sl\/termos-de-uso\/","title":{"rendered":"Pogoji uporabe"},"content":{"rendered":"<p>\u010ce nadaljujete z brskanjem in uporabo tega spletnega mesta, se strinjate, da boste upo\u0161tevali in vas zavezujejo naslednji pogoji uporabe, ki skupaj z na\u0161o politiko zasebnosti urejajo odnos dru\u017ebe Moblyus z vami.<\/p>\n\n\n\n<p>\u010ce se s katerim koli delom teh pogojev ne strinjate, ne uporabljajte na\u0161e spletne strani.<\/p>\n\n\n\n<p>Za uporabo te spletne strani veljajo naslednji pogoji uporabe:<\/p>\n\n\n\n<p>Vsebina strani tega spletnega mesta je samo za va\u0161e splo\u0161ne informacije in uporabo. Lahko se spremeni brez predhodnega obvestila. Niti mi niti katera koli tretja oseba ne zagotavlja nobene garancije ali garancije glede to\u010dnosti, pravo\u010dasnosti, uspe\u0161nosti, popolnosti ali primernosti informacij in materialov, ki so na tem spletnem mestu ali so na voljo za kateri koli poseben namen. Va\u0161a uporaba kakr\u0161nih koli informacij ali materialov na tej spletni strani je v celoti na lastno odgovornost, za kar ne odgovarjamo. Ob\u010dasno lahko to spletno mesto vklju\u010duje tudi povezave do drugih spletnih mest. Te povezave so na voljo za va\u0161e udobje pri zagotavljanju dodatnih informacij. Ne prevzemamo odgovornosti za vsebino povezanih spletnih mest.<\/p>","protected":false},"excerpt":{"rendered":"<p>\u010ce boste \u0161e naprej brskali po tem spletnem mestu in ga uporabljali, se strinjate, da boste upo\u0161tevali in vas zavezujejo naslednji pogoji uporabe, ki skupaj z na\u0161o politiko zasebnosti urejajo odnos med podjetjem Moblyus in vami. \u010ce se s katerim koli delom teh pogojev ne strinjate, ne uporabljajte na\u0161ega spletnega mesta. Uporaba tega spletnega mesta je predmet\u2026 <a title=\"Pogoji uporabe\" class=\"read-more\" href=\"https:\/\/moblyus.com\/sl\/termos-de-uso\/\" aria-label=\"Preberite ve\u010d o pogojih uporabe\">preberi ve\u010d<\/a><\/p>","protected":false},"author":1,"featured_media":0,"parent":0,"menu_order":0,"comment_status":"closed","ping_status":"closed","template":"","meta":{"footnotes":""},"class_list":["post-538","page","type-page","status-publish"],"_links":{"self":[{"href":"https:\/\/moblyus.com\/sl\/wp-json\/wp\/v2\/pages\/538","targetHints":{"allow":["GET"]}}],"collection":[{"href":"https:\/\/moblyus.com\/sl\/wp-json\/wp\/v2\/pages"}],"about":[{"href":"https:\/\/moblyus.com\/sl\/wp-json\/wp\/v2\/types\/page"}],"author":[{"embeddable":true,"href":"https:\/\/moblyus.com\/sl\/wp-json\/wp\/v2\/users\/1"}],"replies":[{"embeddable":true,"href":"https:\/\/moblyus.com\/sl\/wp-json\/wp\/v2\/comments?post=538"}],"version-history":[{"count":1,"href":"https:\/\/moblyus.com\/sl\/wp-json\/wp\/v2\/pages\/538\/revisions"}],"predecessor-version":[{"id":539,"href":"https:\/\/moblyus.com\/sl\/wp-json\/wp\/v2\/pages\/538\/revisions\/539"}],"wp:attachment":[{"href":"https:\/\/moblyus.com\/sl\/wp-json\/wp\/v2\/media?parent=538"}],"curies":[{"name":"delovni list","href":"https:\/\/api.w.org\/{rel}","templated":true}]}}