{"id":3,"date":"2024-03-09T10:48:06","date_gmt":"2024-03-09T10:48:06","guid":{"rendered":"https:\/\/moblyus.com\/?page_id=3"},"modified":"2024-12-17T23:52:16","modified_gmt":"2024-12-18T02:52:16","slug":"politiko-zasebnosti","status":"publish","type":"page","link":"https:\/\/moblyus.com\/sl\/politica-de-privacidade\/","title":{"rendered":"Politika zasebnosti"},"content":{"rendered":"<p>Dobrodo\u0161li v <strong>Moblyus<\/strong>. Ta pravilnik o zasebnosti opisuje, kako zbiramo, uporabljamo in delimo podatke o vas, ko dostopate ali uporabljate na\u0161e spletno mesto.<\/p>\n\n\n\n<ol class=\"wp-block-list\">\n<li>Podatki, ki jih zbiramo osebne podatke: zbiramo osebne podatke, ki jih prostovoljno posredujete, kot so va\u0161e ime, e-po\u0161ta in drugi kontaktni podatki, ko se prijavite na posodobitve ali komunicirate z nami. Podatki o uporabi: samodejno zbiramo informacije o tem, kako dostopate do spletnega mesta in ga uporabljate, vklju\u010dno z vrsto naprave, spletnim brskalnikom, obiskanimi stranmi, kliki, vzorci uporabe in drugimi informacijami o uporabi. Pi\u0161kotki in tehnologije sledenja: Pi\u0161kotke in tehnologije sledenja uporabljamo za prilagajanje va\u0161e izku\u0161nje in zbiranje podatkov o va\u0161i interakciji s spletnim mestom in prikazanimi oglasi.<\/li>\n\n\n\n<li>Uporaba informacij Va\u0161e podatke uporabljamo za:<\/li>\n<\/ol>\n\n\n\n<p>Zagotavljanje, vzdr\u017eevanje in izbolj\u0161anje na\u0161e spletne strani in storitev. Komunicirajte z vami, odgovarjajte na va\u0161a vpra\u0161anja in zahteve. Prika\u017eite prilagojene oglase in izvedite analizo podatkov.<\/p>\n\n\n\n<ol class=\"wp-block-list\" start=\"3\">\n<li>Deljenje informacij Va\u0161e podatke lahko delimo s tretjimi osebami v naslednjih okoli\u0161\u010dinah:<\/li>\n<\/ol>\n\n\n\n<p>Ponudniki storitev: Podatke delimo s prodajalci, ki nam pomagajo upravljati spletno mesto, kot je spletno gostovanje in analiza podatkov. Google Ad Exchange: kot je potrebno za prikazovanje oglasov prek Google Ad Exchange. Skladnost s pravnimi predpisi: kadar je to potrebno za izpolnjevanje zakonodaje ali odziv na pravni postopek.<\/p>\n\n\n\n<ol class=\"wp-block-list\" start=\"4\">\n<li>Google AdSense V skladu s pogoji Google AdSense upo\u0161tevajte, da Google kot tretji ponudnik uporablja pi\u0161kotke za prikazovanje oglasov na na\u0161i spletni strani. Googlova uporaba pi\u0161kotka DART omogo\u010da prikazovanje oglasov na\u0161im uporabnikom na podlagi preteklih obiskov na\u0161ega spletnega mesta in drugih spletnih mest na internetu. Uporabniki lahko zavrnejo uporabo pi\u0161kotka DART tako, da obi\u0161\u010dejo Googlov pravilnik o zasebnosti za ogla\u0161evalsko in vsebinsko omre\u017eje.<\/li>\n\n\n\n<li>Spremembe pravilnika o zasebnosti Na\u0161 pravilnik o zasebnosti lahko ob\u010dasno posodobimo. O vseh spremembah vas bomo obvestili z objavo novega pravilnika o zasebnosti na tej strani.<\/li>\n\n\n\n<li>Kontakt \u010ce imate vpra\u0161anja o tem pravilniku o zasebnosti, se obrnite na nas.<\/li>\n<\/ol>","protected":false},"excerpt":{"rendered":"<p>Dobrodo\u0161li v Moblyusu. Ta politika zasebnosti opisuje, kako zbiramo, uporabljamo in delimo podatke o vas, ko dostopate do na\u0161ega spletnega mesta ali ga uporabljate. Za zagotavljanje, vzdr\u017eevanje in izbolj\u0161evanje na\u0161ega spletnega mesta in storitev. Za komunikacijo z vami, odgovarjanje na va\u0161a vpra\u0161anja in zahteve. Za prikazovanje prilagojenih oglasov in izvajanje analize podatkov. Ponudniki storitev: Podatke delimo s prodajalci, ki\u2026 <a title=\"Politika zasebnosti\" class=\"read-more\" href=\"https:\/\/moblyus.com\/sl\/politica-de-privacidade\/\" aria-label=\"Preberite ve\u010d o politiki zasebnosti\">preberi ve\u010d<\/a><\/p>","protected":false},"author":1,"featured_media":0,"parent":0,"menu_order":0,"comment_status":"closed","ping_status":"closed","template":"","meta":{"footnotes":""},"class_list":["post-3","page","type-page","status-publish"],"_links":{"self":[{"href":"https:\/\/moblyus.com\/sl\/wp-json\/wp\/v2\/pages\/3","targetHints":{"allow":["GET"]}}],"collection":[{"href":"https:\/\/moblyus.com\/sl\/wp-json\/wp\/v2\/pages"}],"about":[{"href":"https:\/\/moblyus.com\/sl\/wp-json\/wp\/v2\/types\/page"}],"author":[{"embeddable":true,"href":"https:\/\/moblyus.com\/sl\/wp-json\/wp\/v2\/users\/1"}],"replies":[{"embeddable":true,"href":"https:\/\/moblyus.com\/sl\/wp-json\/wp\/v2\/comments?post=3"}],"version-history":[{"count":1,"href":"https:\/\/moblyus.com\/sl\/wp-json\/wp\/v2\/pages\/3\/revisions"}],"predecessor-version":[{"id":537,"href":"https:\/\/moblyus.com\/sl\/wp-json\/wp\/v2\/pages\/3\/revisions\/537"}],"wp:attachment":[{"href":"https:\/\/moblyus.com\/sl\/wp-json\/wp\/v2\/media?parent=3"}],"curies":[{"name":"delovni list","href":"https:\/\/api.w.org\/{rel}","templated":true}]}}