{"id":2,"date":"2024-03-09T10:48:06","date_gmt":"2024-03-09T10:48:06","guid":{"rendered":"https:\/\/moblyus.com\/?page_id=2"},"modified":"2024-06-28T07:28:11","modified_gmt":"2024-06-28T10:28:11","slug":"zavrnitev-odgovornosti","status":"publish","type":"page","link":"https:\/\/moblyus.com\/sl\/disclaimer\/","title":{"rendered":"Zavrnitev odgovornosti"},"content":{"rendered":"<p>Za uporabo tega spletnega mesta in vseh povezanih aplikacij ali storitev, ki jih ponujamo, veljajo naslednji pogoji. Z dostopom ali uporabo na\u0161ega spletnega mesta se strinjate, da boste upo\u0161tevali te pogoje in vas zavezujejo. \u010ce se ne strinjate s katerim koli delom teh pogojev, vas prosimo, da ne uporabljate te spletne strani.<\/p>\n\n\n\n<ol class=\"wp-block-list\">\n<li><strong>Intelektualna lastnina:<\/strong>&nbsp;Vsa vsebina, predstavljena na tem spletnem mestu, vklju\u010dno z besedilom, grafiko, logotipi, ikonami, slikami, zvo\u010dnimi posnetki, digitalnimi prenosi in zbirkami podatkov, je izklju\u010dna last nas ali na\u0161ih dajalcev licence, za\u0161\u010ditena z zakoni o avtorskih pravicah in drugimi veljavnimi intelektualnimi pravicami. lastninski zakoni.<\/li>\n\n\n\n<li><strong>Dovoljena uporaba:<\/strong>&nbsp;Do te spletne strani lahko dostopate in jo uporabljate za osebne, nekomercialne namene. Kakr\u0161na koli komercialna uporaba ali ponovna objava vsebine tega spletnega mesta brez na\u0161ega izrecnega pisnega dovoljenja je strogo prepovedana.<\/li>\n\n\n\n<li><strong>Zavrnitev odgovornosti:<\/strong>&nbsp;To spletno mesto je na voljo \u00bbkot je\u00ab in \u00bbkot je na voljo\u00ab brez kakr\u0161nih koli jamstev, izrecnih ali implicitnih. Ne jam\u010dimo za to\u010dnost, zanesljivost ali popolnost vsebine tega spletnega mesta. To spletno mesto uporabljate na lastno odgovornost.<\/li>\n\n\n\n<li><strong>Povezave do spletnih mest tretjih oseb:<\/strong>&nbsp;To spletno mesto lahko vsebuje povezave do spletnih mest tretjih oseb, ki jih ne nadzorujemo ali upravljamo. Nismo odgovorni za vsebino, pravilnike o zasebnosti ali prakse spletnih mest tretjih oseb. Vklju\u010ditev povezav do spletnih mest tretjih oseb ne pomeni odobritve ali priporo\u010dila katere koli vsebine na teh spletnih mestih.<\/li>\n\n\n\n<li><strong>Spremembe pogojev:<\/strong>&nbsp;Pridr\u017eujemo si pravico do spremembe teh pogojev kadar koli, brez predhodnega obvestila. Va\u0161a nadaljnja uporaba tega mesta po tak\u0161nih spremembah pomeni, da se strinjate s spremenjenimi pogoji.<\/li>\n\n\n\n<li><strong>Veljavno pravo:<\/strong>\u00a0Ta dolo\u010dila in pogoji urejajo brazilski zakoni in so razlo\u017eeni v skladu z njimi. Vsi spori v zvezi s temi pogoji bodo predmet izklju\u010dne pristojnosti pristojnih sodi\u0161\u010d, ki se nahajajo v tej jurisdikciji.<\/li>\n<\/ol>\n\n\n\n<p>Z uporabo te spletne strani potrjujete, da ste prebrali, razumeli in se z njimi strinjali. \u010ce imate kakr\u0161na koli vpra\u0161anja ali pomisleke glede teh pogojev, se obrnite na nas.<\/p>","protected":false},"excerpt":{"rendered":"<p>Za va\u0161o uporabo tega spletnega mesta, kot tudi vseh povezanih aplikacij ali storitev, ki jih ponujamo, veljajo naslednji pogoji in dolo\u010dila. Z dostopom do na\u0161ega spletnega mesta ali njegovo uporabo se strinjate, da boste upo\u0161tevali te pogoje in da vas ti pogoji zavezujejo. \u010ce se s katerim koli delom teh pogojev ne strinjate, prosimo, da tega spletnega mesta ne uporabljate. Z uporabo tega\u2026 <a title=\"Zavrnitev odgovornosti\" class=\"read-more\" href=\"https:\/\/moblyus.com\/sl\/disclaimer\/\" aria-label=\"Preberite ve\u010d o omejitvi odgovornosti\">preberi ve\u010d<\/a><\/p>","protected":false},"author":1,"featured_media":0,"parent":0,"menu_order":0,"comment_status":"closed","ping_status":"open","template":"","meta":{"footnotes":""},"class_list":["post-2","page","type-page","status-publish"],"_links":{"self":[{"href":"https:\/\/moblyus.com\/sl\/wp-json\/wp\/v2\/pages\/2","targetHints":{"allow":["GET"]}}],"collection":[{"href":"https:\/\/moblyus.com\/sl\/wp-json\/wp\/v2\/pages"}],"about":[{"href":"https:\/\/moblyus.com\/sl\/wp-json\/wp\/v2\/types\/page"}],"author":[{"embeddable":true,"href":"https:\/\/moblyus.com\/sl\/wp-json\/wp\/v2\/users\/1"}],"replies":[{"embeddable":true,"href":"https:\/\/moblyus.com\/sl\/wp-json\/wp\/v2\/comments?post=2"}],"version-history":[{"count":2,"href":"https:\/\/moblyus.com\/sl\/wp-json\/wp\/v2\/pages\/2\/revisions"}],"predecessor-version":[{"id":809,"href":"https:\/\/moblyus.com\/sl\/wp-json\/wp\/v2\/pages\/2\/revisions\/809"}],"wp:attachment":[{"href":"https:\/\/moblyus.com\/sl\/wp-json\/wp\/v2\/media?parent=2"}],"curies":[{"name":"delovni list","href":"https:\/\/api.w.org\/{rel}","templated":true}]}}