{"id":538,"date":"2024-04-23T19:03:23","date_gmt":"2024-04-23T22:03:23","guid":{"rendered":"https:\/\/moblyus.com\/?page_id=538"},"modified":"2024-04-23T19:03:23","modified_gmt":"2024-04-23T22:03:23","slug":"podmienky-pouzivania","status":"publish","type":"page","link":"https:\/\/moblyus.com\/sk\/termos-de-uso\/","title":{"rendered":"Podmienky pou\u017e\u00edvania"},"content":{"rendered":"<p>Ak budete pokra\u010dova\u0165 v prehliadan\u00ed a pou\u017e\u00edvan\u00ed tejto webovej str\u00e1nky, s\u00fahlas\u00edte s t\u00fdm, \u017ee budete dodr\u017eiava\u0165 a budete viazan\u00ed nasleduj\u00facimi podmienkami pou\u017e\u00edvania, ktor\u00e9 spolu s na\u0161imi z\u00e1sadami ochrany osobn\u00fdch \u00fadajov upravuj\u00fa vz\u0165ah spolo\u010dnosti Moblyus s vami.<\/p>\n\n\n\n<p>Ak nes\u00fahlas\u00edte s akouko\u013evek \u010das\u0165ou t\u00fdchto podmienok, nepou\u017e\u00edvajte na\u0161u webov\u00fa str\u00e1nku.<\/p>\n\n\n\n<p>Pou\u017e\u00edvanie tejto webovej str\u00e1nky podlieha nasleduj\u00facim podmienkam pou\u017e\u00edvania:<\/p>\n\n\n\n<p>Obsah str\u00e1nok tejto webovej lokality sl\u00fa\u017ei len pre va\u0161u v\u0161eobecn\u00fa inform\u00e1ciu a pou\u017eitie. M\u00f4\u017ee sa zmeni\u0165 bez upozornenia. Ani my, ani \u017eiadne tretie strany neposkytujeme \u017eiadnu z\u00e1ruku ani garanciu, pokia\u013e ide o presnos\u0165, aktu\u00e1lnos\u0165, v\u00fdkon, \u00faplnos\u0165 alebo vhodnos\u0165 inform\u00e1ci\u00ed a materi\u00e1lov n\u00e1jden\u00fdch alebo pon\u00fakan\u00fdch na tejto webovej str\u00e1nke na konkr\u00e9tny \u00fa\u010del. Ak\u00e9ko\u013evek inform\u00e1cie alebo materi\u00e1ly na tejto webovej str\u00e1nke pou\u017e\u00edvate v\u00fdlu\u010dne na va\u0161e vlastn\u00e9 riziko, za ktor\u00e9 nenesieme \u017eiadnu zodpovednos\u0165. T\u00e1to webov\u00e1 str\u00e1nka m\u00f4\u017ee z \u010dasu na \u010das obsahova\u0165 aj odkazy na in\u00e9 webov\u00e9 str\u00e1nky. Tieto odkazy s\u00fa poskytnut\u00e9 pre va\u0161e pohodlie a poskytuj\u00fa \u010fal\u0161ie inform\u00e1cie. Nenesieme \u017eiadnu zodpovednos\u0165 za obsah prepojen\u00fdch webov\u00fdch str\u00e1nok.<\/p>","protected":false},"excerpt":{"rendered":"<p>Ak budete pokra\u010dova\u0165 v prehliadan\u00ed a pou\u017e\u00edvan\u00ed tejto str\u00e1nky, s\u00fahlas\u00edte s t\u00fdm, \u017ee budete dodr\u017eiava\u0165 nasleduj\u00face podmienky pou\u017e\u00edvania, ktor\u00e9 spolu s na\u0161imi z\u00e1sadami ochrany osobn\u00fdch \u00fadajov upravuj\u00fa vz\u0165ah spolo\u010dnosti Moblyus s vami. Ak nes\u00fahlas\u00edte s akouko\u013evek \u010das\u0165ou t\u00fdchto podmienok, nepou\u017e\u00edvajte na\u0161u str\u00e1nku. Pou\u017e\u00edvanie tejto str\u00e1nky podlieha\u2026 <a title=\"Podmienky pou\u017e\u00edvania\" class=\"read-more\" href=\"https:\/\/moblyus.com\/sk\/termos-de-uso\/\" aria-label=\"Kliknite na Podmienky pou\u017e\u00edvania\">\u010d\u00edta\u0165 \u010falej<\/a><\/p>","protected":false},"author":1,"featured_media":0,"parent":0,"menu_order":0,"comment_status":"closed","ping_status":"closed","template":"","meta":{"footnotes":""},"class_list":["post-538","page","type-page","status-publish"],"_links":{"self":[{"href":"https:\/\/moblyus.com\/sk\/wp-json\/wp\/v2\/pages\/538","targetHints":{"allow":["GET"]}}],"collection":[{"href":"https:\/\/moblyus.com\/sk\/wp-json\/wp\/v2\/pages"}],"about":[{"href":"https:\/\/moblyus.com\/sk\/wp-json\/wp\/v2\/types\/page"}],"author":[{"embeddable":true,"href":"https:\/\/moblyus.com\/sk\/wp-json\/wp\/v2\/users\/1"}],"replies":[{"embeddable":true,"href":"https:\/\/moblyus.com\/sk\/wp-json\/wp\/v2\/comments?post=538"}],"version-history":[{"count":1,"href":"https:\/\/moblyus.com\/sk\/wp-json\/wp\/v2\/pages\/538\/revisions"}],"predecessor-version":[{"id":539,"href":"https:\/\/moblyus.com\/sk\/wp-json\/wp\/v2\/pages\/538\/revisions\/539"}],"wp:attachment":[{"href":"https:\/\/moblyus.com\/sk\/wp-json\/wp\/v2\/media?parent=538"}],"curies":[{"name":"pracovn\u00fd list","href":"https:\/\/api.w.org\/{rel}","templated":true}]}}