{"id":3,"date":"2024-03-09T10:48:06","date_gmt":"2024-03-09T10:48:06","guid":{"rendered":"https:\/\/moblyus.com\/?page_id=3"},"modified":"2024-12-17T23:52:16","modified_gmt":"2024-12-18T02:52:16","slug":"zasady-ochrany-osobnych-udajov","status":"publish","type":"page","link":"https:\/\/moblyus.com\/sk\/politica-de-privacidade\/","title":{"rendered":"Z\u00e1sady ochrany osobn\u00fdch \u00fadajov"},"content":{"rendered":"<p>Vitajte v <strong>Moblyus<\/strong>. Tieto z\u00e1sady ochrany osobn\u00fdch \u00fadajov popisuj\u00fa, ako zhroma\u017e\u010fujeme, pou\u017e\u00edvame a zdie\u013eame inform\u00e1cie o v\u00e1s, ke\u010f pristupujete na na\u0161u webov\u00fa str\u00e1nku alebo ju pou\u017e\u00edvate.<\/p>\n\n\n\n<ol class=\"wp-block-list\">\n<li>Inform\u00e1cie, ktor\u00e9 zhroma\u017e\u010fujeme osobn\u00e9 \u00fadaje: Zhroma\u017e\u010fujeme osobn\u00e9 \u00fadaje, ktor\u00e9 n\u00e1m dobrovo\u013ene poskytnete, ako je va\u0161e meno, e-mail a \u010fal\u0161ie kontaktn\u00e9 inform\u00e1cie, ke\u010f sa prihl\u00e1site na odber aktualiz\u00e1ci\u00ed alebo s nami komunikujete. \u00dadaje o pou\u017e\u00edvan\u00ed: Automaticky zhroma\u017e\u010fujeme inform\u00e1cie o tom, ako pristupujete na str\u00e1nku a ako ju pou\u017e\u00edvate, vr\u00e1tane typu zariadenia, webov\u00e9ho prehliada\u010da, nav\u0161t\u00edven\u00fdch str\u00e1nok, kliknut\u00ed, vzorov pou\u017e\u00edvania a in\u00fdch inform\u00e1ci\u00ed o pou\u017e\u00edvan\u00ed. S\u00fabory cookie a technol\u00f3gie sledovania: Pou\u017e\u00edvame s\u00fabory cookie a technol\u00f3gie sledovania na prisp\u00f4sobenie va\u0161ej sk\u00fasenosti a zhroma\u017e\u010fovanie \u00fadajov o va\u0161ej interakcii s webovou str\u00e1nkou a zobrazen\u00fdmi reklamami.<\/li>\n\n\n\n<li>Pou\u017eitie inform\u00e1ci\u00ed Va\u0161e inform\u00e1cie pou\u017e\u00edvame na:<\/li>\n<\/ol>\n\n\n\n<p>Poskytova\u0165, udr\u017eiava\u0165 a zlep\u0161ova\u0165 na\u0161u webov\u00fa str\u00e1nku a slu\u017eby. Komunikujte s vami, odpovedajte na va\u0161e ot\u00e1zky a po\u017eiadavky. Zobrazujte prisp\u00f4soben\u00e9 reklamy a vykon\u00e1vajte anal\u00fdzu \u00fadajov.<\/p>\n\n\n\n<ol class=\"wp-block-list\" start=\"3\">\n<li>Zdie\u013eanie inform\u00e1ci\u00ed Va\u0161e inform\u00e1cie m\u00f4\u017eeme zdie\u013ea\u0165 s tret\u00edmi stranami za nasleduj\u00facich okolnost\u00ed:<\/li>\n<\/ol>\n\n\n\n<p>Poskytovatelia slu\u017eieb: Inform\u00e1cie zdie\u013eame s dod\u00e1vate\u013emi, ktor\u00ed n\u00e1m pom\u00e1haj\u00fa prev\u00e1dzkova\u0165 str\u00e1nku, ako je webhosting a anal\u00fdza \u00fadajov. Google Ad Exchange: Pod\u013ea potreby na zobrazovanie rekl\u00e1m prostredn\u00edctvom slu\u017eby Google Ad Exchange. S\u00falad s pr\u00e1vnymi predpismi: Ak je to potrebn\u00e9 na dosiahnutie s\u00faladu so z\u00e1konom alebo zareagovanie na pr\u00e1vny proces.<\/p>\n\n\n\n<ol class=\"wp-block-list\" start=\"4\">\n<li>Google AdSense V s\u00falade s podmienkami Google AdSense upozor\u0148ujeme, \u017ee spolo\u010dnos\u0165 Google ako dod\u00e1vate\u013e tretej strany pou\u017e\u00edva s\u00fabory cookie na zobrazovanie rekl\u00e1m na na\u0161ej webovej str\u00e1nke. Pou\u017e\u00edvanie s\u00faboru cookie DART od spolo\u010dnosti Google jej umo\u017e\u0148uje zobrazova\u0165 reklamy na\u0161im pou\u017e\u00edvate\u013eom na z\u00e1klade minul\u00fdch n\u00e1v\u0161tev na\u0161ej str\u00e1nky a in\u00fdch str\u00e1nok na internete. Pou\u017e\u00edvatelia sa m\u00f4\u017eu odhl\u00e1si\u0165 z pou\u017e\u00edvania s\u00faboru cookie DART n\u00e1v\u0161tevou Z\u00e1sad ochrany osobn\u00fdch \u00fadajov pre reklamn\u00fa a obsahov\u00fa sie\u0165 Google.<\/li>\n\n\n\n<li>Zmeny Z\u00e1sad ochrany osobn\u00fdch \u00fadajov Na\u0161e Z\u00e1sady ochrany osobn\u00fdch \u00fadajov m\u00f4\u017eeme z \u010dasu na \u010das aktualizova\u0165. O ak\u00fdchko\u013evek zmen\u00e1ch v\u00e1s budeme informova\u0165 zverejnen\u00edm nov\u00fdch Z\u00e1sad ochrany osobn\u00fdch \u00fadajov na tejto str\u00e1nke.<\/li>\n\n\n\n<li>Kontakt Ak m\u00e1te ot\u00e1zky t\u00fdkaj\u00face sa t\u00fdchto Z\u00e1sad ochrany osobn\u00fdch \u00fadajov, kontaktujte n\u00e1s.<\/li>\n<\/ol>","protected":false},"excerpt":{"rendered":"<p>Vitajte v Moblyus. Tieto z\u00e1sady ochrany osobn\u00fdch \u00fadajov opisuj\u00fa, ako zhroma\u017e\u010fujeme, pou\u017e\u00edvame a zdie\u013eame inform\u00e1cie o v\u00e1s, ke\u010f pristupujete na na\u0161u webov\u00fa str\u00e1nku alebo ju pou\u017e\u00edvate. Na poskytovanie, \u00fadr\u017ebu a vylep\u0161ovanie na\u0161ej webovej str\u00e1nky a slu\u017eieb. Na komunik\u00e1ciu s vami, odpovedanie na va\u0161e ot\u00e1zky a po\u017eiadavky. Na zobrazovanie prisp\u00f4soben\u00fdch rekl\u00e1m a vykon\u00e1vanie anal\u00fdzy \u00fadajov. Poskytovatelia slu\u017eieb: Zdie\u013eame inform\u00e1cie s dod\u00e1vate\u013emi, ktor\u00ed\u2026 <a title=\"Z\u00e1sady ochrany osobn\u00fdch \u00fadajov\" class=\"read-more\" href=\"https:\/\/moblyus.com\/sk\/politica-de-privacidade\/\" aria-label=\"Upozor\u0148ujeme, \u017ee ak si pre\u010d\u00edtate Z\u00e1sady ochrany osobn\u00fdch \u00fadajov\">\u010d\u00edta\u0165 \u010falej<\/a><\/p>","protected":false},"author":1,"featured_media":0,"parent":0,"menu_order":0,"comment_status":"closed","ping_status":"closed","template":"","meta":{"footnotes":""},"class_list":["post-3","page","type-page","status-publish"],"_links":{"self":[{"href":"https:\/\/moblyus.com\/sk\/wp-json\/wp\/v2\/pages\/3","targetHints":{"allow":["GET"]}}],"collection":[{"href":"https:\/\/moblyus.com\/sk\/wp-json\/wp\/v2\/pages"}],"about":[{"href":"https:\/\/moblyus.com\/sk\/wp-json\/wp\/v2\/types\/page"}],"author":[{"embeddable":true,"href":"https:\/\/moblyus.com\/sk\/wp-json\/wp\/v2\/users\/1"}],"replies":[{"embeddable":true,"href":"https:\/\/moblyus.com\/sk\/wp-json\/wp\/v2\/comments?post=3"}],"version-history":[{"count":1,"href":"https:\/\/moblyus.com\/sk\/wp-json\/wp\/v2\/pages\/3\/revisions"}],"predecessor-version":[{"id":537,"href":"https:\/\/moblyus.com\/sk\/wp-json\/wp\/v2\/pages\/3\/revisions\/537"}],"wp:attachment":[{"href":"https:\/\/moblyus.com\/sk\/wp-json\/wp\/v2\/media?parent=3"}],"curies":[{"name":"pracovn\u00fd list","href":"https:\/\/api.w.org\/{rel}","templated":true}]}}