{"id":2,"date":"2024-03-09T10:48:06","date_gmt":"2024-03-09T10:48:06","guid":{"rendered":"https:\/\/moblyus.com\/?page_id=2"},"modified":"2024-06-28T07:28:11","modified_gmt":"2024-06-28T10:28:11","slug":"odmietnutie-zodpovednosti","status":"publish","type":"page","link":"https:\/\/moblyus.com\/sk\/disclaimer\/","title":{"rendered":"Vyl\u00fa\u010denie zodpovednosti"},"content":{"rendered":"<p>Pou\u017e\u00edvanie tejto webovej str\u00e1nky a ak\u00fdchko\u013evek s\u00favisiacich aplik\u00e1ci\u00ed alebo slu\u017eieb, ktor\u00e9 pon\u00fakame, podlieha nasleduj\u00facim zmluvn\u00fdm podmienkam. Vstupom na na\u0161u webov\u00fa str\u00e1nku alebo jej pou\u017e\u00edvan\u00edm s\u00fahlas\u00edte s t\u00fdm, \u017ee budete dodr\u017eiava\u0165 tieto podmienky a budete nimi viazan\u00ed. Ak nes\u00fahlas\u00edte s akouko\u013evek \u010das\u0165ou t\u00fdchto podmienok, pros\u00edm nepou\u017e\u00edvajte t\u00fato webov\u00fa str\u00e1nku.<\/p>\n\n\n\n<ol class=\"wp-block-list\">\n<li><strong>Du\u0161evn\u00e9 vlastn\u00edctvo:<\/strong>&nbsp;V\u0161etok obsah prezentovan\u00fd na tejto str\u00e1nke, vr\u00e1tane, ale nie v\u00fdlu\u010dne, textu, grafiky, log, ikon, obr\u00e1zkov, zvukov\u00fdch klipov, digit\u00e1lnych s\u0165ahovan\u00ed a kompil\u00e1ci\u00ed \u00fadajov, je v\u00fdhradn\u00fdm vlastn\u00edctvom n\u00e1s alebo na\u0161ich poskytovate\u013eov licenci\u00ed, chr\u00e1nen\u00fd autorsk\u00fdmi pr\u00e1vami, autorsk\u00fdmi pr\u00e1vami a in\u00fdmi pr\u00edslu\u0161n\u00fdmi intelektu\u00e1lnymi majetkov\u00e9 z\u00e1kony.<\/li>\n\n\n\n<li><strong>Povolen\u00e9 pou\u017eitie:<\/strong>&nbsp;Na t\u00fato webov\u00fa str\u00e1nku m\u00f4\u017eete pristupova\u0165 a pou\u017e\u00edva\u0165 ju na osobn\u00e9, nekomer\u010dn\u00e9 \u00fa\u010dely. Ak\u00e9ko\u013evek komer\u010dn\u00e9 pou\u017eitie alebo publikovanie obsahu tejto webovej str\u00e1nky bez n\u00e1\u0161ho v\u00fdslovn\u00e9ho p\u00edsomn\u00e9ho povolenia je pr\u00edsne zak\u00e1zan\u00e9.<\/li>\n\n\n\n<li><strong>Vyl\u00fa\u010denie zodpovednosti:<\/strong>&nbsp;T\u00e1to str\u00e1nka sa poskytuje \u201etak ako je\u201c a \u201eako je dostupn\u00e1\u201c bez z\u00e1ruk ak\u00e9hoko\u013evek druhu, v\u00fdslovn\u00fdch alebo predpokladan\u00fdch. Nezaru\u010dujeme presnos\u0165, spo\u013eahlivos\u0165 ani \u00faplnos\u0165 obsahu tejto str\u00e1nky. Pou\u017e\u00edvanie tejto webovej str\u00e1nky je na va\u0161e vlastn\u00e9 riziko.<\/li>\n\n\n\n<li><strong>Odkazy na str\u00e1nky tret\u00edch str\u00e1n:<\/strong>&nbsp;T\u00e1to webov\u00e1 str\u00e1nka m\u00f4\u017ee obsahova\u0165 odkazy na webov\u00e9 str\u00e1nky tret\u00edch str\u00e1n, ktor\u00e9 nie s\u00fa kontrolovan\u00e9 ani prev\u00e1dzkovan\u00e9 nami. Nie sme zodpovedn\u00ed za obsah, z\u00e1sady ochrany osobn\u00fdch \u00fadajov alebo praktiky str\u00e1nok tret\u00edch str\u00e1n. Zahrnutie odkazov na webov\u00e9 str\u00e1nky tret\u00edch str\u00e1n neznamen\u00e1 schv\u00e1lenie alebo odpor\u00fa\u010danie ak\u00e9hoko\u013evek obsahu na t\u00fdchto webov\u00fdch str\u00e1nkach.<\/li>\n\n\n\n<li><strong>Zmeny podmienok:<\/strong>&nbsp;Vyhradzujeme si pr\u00e1vo tieto podmienky kedyko\u013evek upravi\u0165 bez predch\u00e1dzaj\u00faceho upozornenia. Va\u0161e \u010fal\u0161ie pou\u017e\u00edvanie tejto str\u00e1nky po tak\u00fdchto \u00faprav\u00e1ch predstavuje v\u00e1\u0161 s\u00fahlas s upraven\u00fdmi podmienkami.<\/li>\n\n\n\n<li><strong>Rozhodn\u00e9 pr\u00e1vo:<\/strong>\u00a0Tieto zmluvn\u00e9 podmienky sa riadia a vykladaj\u00fa v s\u00falade so z\u00e1konmi Braz\u00edlie. Ak\u00fdko\u013evek spor t\u00fdkaj\u00faci sa t\u00fdchto podmienok bude podlieha\u0165 v\u00fdlu\u010dnej jurisdikcii pr\u00edslu\u0161n\u00fdch s\u00fadov v tejto jurisdikcii.<\/li>\n<\/ol>\n\n\n\n<p>Pou\u017e\u00edvan\u00edm tejto webovej str\u00e1nky potvrdzujete, \u017ee ste si pre\u010d\u00edtali, porozumeli a s\u00fahlasili s t\u00fdmito podmienkami. Ak m\u00e1te ak\u00e9ko\u013evek ot\u00e1zky alebo obavy t\u00fdkaj\u00face sa t\u00fdchto podmienok, kontaktujte n\u00e1s.<\/p>","protected":false},"excerpt":{"rendered":"<p>Pou\u017e\u00edvanie tejto webovej str\u00e1nky, ako aj v\u0161etk\u00fdch s\u00favisiacich aplik\u00e1ci\u00ed alebo slu\u017eieb, ktor\u00e9 pon\u00fakame, podlieha nasleduj\u00facim zmluvn\u00fdm podmienkam. Pr\u00edstupom na na\u0161u webov\u00fa str\u00e1nku alebo jej pou\u017e\u00edvan\u00edm s\u00fahlas\u00edte s t\u00fdm, \u017ee budete dodr\u017eiava\u0165 tieto podmienky a \u017ee budete nimi viazan\u00ed. Ak s ktorouko\u013evek \u010das\u0165ou t\u00fdchto podmienok nes\u00fahlas\u00edte, nepou\u017e\u00edvajte t\u00fato webov\u00fa str\u00e1nku. Pou\u017e\u00edvan\u00edm tejto\u2026 <a title=\"Vyl\u00fa\u010denie zodpovednosti\" class=\"read-more\" href=\"https:\/\/moblyus.com\/sk\/disclaimer\/\" aria-label=\"Upozor\u0148ujeme, \u017ee ak pou\u017eijete Vyhl\u00e1senie o odmietnut\u00ed zodpovednosti\">\u010d\u00edta\u0165 \u010falej<\/a><\/p>","protected":false},"author":1,"featured_media":0,"parent":0,"menu_order":0,"comment_status":"closed","ping_status":"open","template":"","meta":{"footnotes":""},"class_list":["post-2","page","type-page","status-publish"],"_links":{"self":[{"href":"https:\/\/moblyus.com\/sk\/wp-json\/wp\/v2\/pages\/2","targetHints":{"allow":["GET"]}}],"collection":[{"href":"https:\/\/moblyus.com\/sk\/wp-json\/wp\/v2\/pages"}],"about":[{"href":"https:\/\/moblyus.com\/sk\/wp-json\/wp\/v2\/types\/page"}],"author":[{"embeddable":true,"href":"https:\/\/moblyus.com\/sk\/wp-json\/wp\/v2\/users\/1"}],"replies":[{"embeddable":true,"href":"https:\/\/moblyus.com\/sk\/wp-json\/wp\/v2\/comments?post=2"}],"version-history":[{"count":2,"href":"https:\/\/moblyus.com\/sk\/wp-json\/wp\/v2\/pages\/2\/revisions"}],"predecessor-version":[{"id":809,"href":"https:\/\/moblyus.com\/sk\/wp-json\/wp\/v2\/pages\/2\/revisions\/809"}],"wp:attachment":[{"href":"https:\/\/moblyus.com\/sk\/wp-json\/wp\/v2\/media?parent=2"}],"curies":[{"name":"pracovn\u00fd list","href":"https:\/\/api.w.org\/{rel}","templated":true}]}}