{"id":538,"date":"2024-04-23T19:03:23","date_gmt":"2024-04-23T22:03:23","guid":{"rendered":"https:\/\/moblyus.com\/?page_id=538"},"modified":"2024-04-23T19:03:23","modified_gmt":"2024-04-23T22:03:23","slug":"termeni-de-utilizare","status":"publish","type":"page","link":"https:\/\/moblyus.com\/ro\/termos-de-uso\/","title":{"rendered":"Termeni de utilizare"},"content":{"rendered":"<p>Dac\u0103 continua\u021bi s\u0103 naviga\u021bi \u0219i s\u0103 utiliza\u021bi acest site web, sunte\u021bi de acord s\u0103 respecta\u021bi \u0219i s\u0103 fi\u021bi legat de urm\u0103torii termeni \u0219i condi\u021bii de utilizare, care \u00eempreun\u0103 cu politica noastr\u0103 de confiden\u021bialitate guverneaz\u0103 rela\u021bia Moblyus cu dvs.<\/p>\n\n\n\n<p>Dac\u0103 nu sunte\u021bi de acord cu orice parte a acestor termeni \u0219i condi\u021bii, nu utiliza\u021bi site-ul nostru.<\/p>\n\n\n\n<p>Utilizarea acestui site web este supus\u0103 urm\u0103torilor termeni de utilizare:<\/p>\n\n\n\n<p>Con\u021binutul paginilor acestui site este doar pentru informa\u021bii generale \u0219i pentru utilizare. Acesta poate fi modificat f\u0103r\u0103 notificare. Nici noi, nici ter\u021bi nu oferim nicio garan\u021bie cu privire la acurate\u021bea, promptitudinea, performan\u021ba, completitudinea sau adecvarea informa\u021biilor \u0219i materialelor g\u0103site sau oferite pe acest site pentru un anumit scop. Utilizarea de c\u0103tre dumneavoastr\u0103 a oric\u0103ror informa\u021bii sau materiale de pe acest site web este \u00een \u00eentregime pe propriul risc, pentru care nu vom fi r\u0103spunz\u0103tori. Din c\u00e2nd \u00een c\u00e2nd, acest site web poate include \u0219i link-uri c\u0103tre alte site-uri web. Aceste link-uri sunt furnizate pentru confortul dvs. pentru a oferi informa\u021bii suplimentare. Nu avem nicio responsabilitate pentru con\u021binutul site-urilor web asociate.<\/p>","protected":false},"excerpt":{"rendered":"<p>Dac\u0103 continua\u021bi s\u0103 naviga\u021bi \u0219i s\u0103 utiliza\u021bi acest site, sunte\u021bi de acord s\u0103 respecta\u021bi \u0219i s\u0103 fi\u021bi obligat de urm\u0103torii termeni \u0219i condi\u021bii de utilizare, care, \u00eempreun\u0103 cu politica noastr\u0103 de confiden\u021bialitate, guverneaz\u0103 rela\u021bia Moblyus cu dvs. Dac\u0103 nu sunte\u021bi de acord cu orice parte a acestor termeni \u0219i condi\u021bii, nu utiliza\u021bi site-ul nostru. Utilizarea acestui site este supus\u0103... <a title=\"Termeni de utilizare\" class=\"read-more\" href=\"https:\/\/moblyus.com\/ro\/termos-de-uso\/\" aria-label=\"V\u0103 rug\u0103m s\u0103 cita\u021bi mai multe f\u0103r\u0103 Termenii de Utilizare\">cite\u015fte mai mult<\/a><\/p>","protected":false},"author":1,"featured_media":0,"parent":0,"menu_order":0,"comment_status":"closed","ping_status":"closed","template":"","meta":{"footnotes":""},"class_list":["post-538","page","type-page","status-publish"],"_links":{"self":[{"href":"https:\/\/moblyus.com\/ro\/wp-json\/wp\/v2\/pages\/538","targetHints":{"allow":["GET"]}}],"collection":[{"href":"https:\/\/moblyus.com\/ro\/wp-json\/wp\/v2\/pages"}],"about":[{"href":"https:\/\/moblyus.com\/ro\/wp-json\/wp\/v2\/types\/page"}],"author":[{"embeddable":true,"href":"https:\/\/moblyus.com\/ro\/wp-json\/wp\/v2\/users\/1"}],"replies":[{"embeddable":true,"href":"https:\/\/moblyus.com\/ro\/wp-json\/wp\/v2\/comments?post=538"}],"version-history":[{"count":1,"href":"https:\/\/moblyus.com\/ro\/wp-json\/wp\/v2\/pages\/538\/revisions"}],"predecessor-version":[{"id":539,"href":"https:\/\/moblyus.com\/ro\/wp-json\/wp\/v2\/pages\/538\/revisions\/539"}],"wp:attachment":[{"href":"https:\/\/moblyus.com\/ro\/wp-json\/wp\/v2\/media?parent=538"}],"curies":[{"name":"wp","href":"https:\/\/api.w.org\/{rel}","templated":true}]}}