{"id":2,"date":"2024-03-09T10:48:06","date_gmt":"2024-03-09T10:48:06","guid":{"rendered":"https:\/\/moblyus.com\/?page_id=2"},"modified":"2024-06-28T07:28:11","modified_gmt":"2024-06-28T10:28:11","slug":"declinare-a-raspunderii","status":"publish","type":"page","link":"https:\/\/moblyus.com\/ro\/disclaimer\/","title":{"rendered":"Disclaimer"},"content":{"rendered":"<p>Utilizarea acestui site web \u0219i a oric\u0103ror aplica\u021bii sau servicii conexe oferite de noi se supune urm\u0103torilor termeni \u0219i condi\u021bii. Prin accesarea sau utilizarea site-ului nostru web, sunte\u021bi de acord s\u0103 respecta\u021bi \u0219i s\u0103 fi\u021bi legat de ace\u0219ti termeni. Dac\u0103 nu sunte\u021bi de acord cu vreo parte a acestor termeni, v\u0103 rug\u0103m s\u0103 nu utiliza\u021bi acest site web.<\/p>\n\n\n\n<ol class=\"wp-block-list\">\n<li><strong>Proprietate intelectual\u0103:<\/strong>&nbsp;Tot con\u021binutul prezentat pe acest site, incluz\u00e2nd, dar f\u0103r\u0103 a se limita la, text, grafic\u0103, logo-uri, pictograme, imagini, clipuri audio, desc\u0103rc\u0103ri digitale \u0219i compila\u021bii de date, este proprietatea exclusiv\u0103 a noastr\u0103 sau a licen\u021biatorilor no\u0219tri, protejat de legile dreptului de autor \u0219i de alte intelectuale aplicabile. legile proprietatii.<\/li>\n\n\n\n<li><strong>Utilizare permis\u0103:<\/strong>&nbsp;Pute\u021bi accesa \u0219i utiliza acest site web \u00een scopuri personale, necomerciale. Orice utilizare comercial\u0103 sau republicare a con\u021binutului acestui site f\u0103r\u0103 permisiunea noastr\u0103 expres\u0103 \u00een scris este strict interzis\u0103.<\/li>\n\n\n\n<li><strong>Disclaimer:<\/strong>&nbsp;Acest site este furnizat \u201eca atare\u201d \u0219i \u201ea\u0219a cum este disponibil\u201d, f\u0103r\u0103 garan\u021bii de niciun fel, fie exprese, fie implicite. Nu garant\u0103m acurate\u021bea, fiabilitatea sau completitudinea con\u021binutului acestui site. Utilizarea de c\u0103tre dumneavoastr\u0103 a acestui site este pe propriul risc.<\/li>\n\n\n\n<li><strong>Link-uri c\u0103tre site-uri ter\u021be:<\/strong>&nbsp;Acest site web poate con\u021bine link-uri c\u0103tre site-uri web ter\u021be care nu sunt controlate sau operate de noi. Nu suntem responsabili pentru con\u021binutul, politicile de confiden\u021bialitate sau practicile site-urilor ter\u021bilor. Includerea de link-uri c\u0103tre site-uri web ale ter\u021bilor nu implic\u0103 aprobarea sau recomandarea niciunui con\u021binut de pe acele site-uri web.<\/li>\n\n\n\n<li><strong>Modific\u0103ri ale Termenilor:<\/strong>&nbsp;Ne rezerv\u0103m dreptul de a modifica ace\u0219ti termeni \u00een orice moment, f\u0103r\u0103 notificare prealabil\u0103. Continuarea utiliz\u0103rii acestui site dup\u0103 astfel de modific\u0103ri constituie acordul dumneavoastr\u0103 cu termenii revizui\u021bi.<\/li>\n\n\n\n<li><strong>Lege aplicabil\u0103:<\/strong>\u00a0Ace\u0219ti termeni \u0219i condi\u021bii sunt guverna\u021bi \u0219i interpreta\u021bi \u00een conformitate cu legile din Brazilia. Orice litigiu legat de acesti termeni va fi supus jurisdictiei exclusive a instantelor competente situate in aceasta jurisdictie.<\/li>\n<\/ol>\n\n\n\n<p>Prin utilizarea acestui site web, confirma\u021bi c\u0103 a\u021bi citit, \u00een\u021beles \u0219i sunte\u021bi de acord cu ace\u0219ti termeni \u0219i condi\u021bii. Dac\u0103 ave\u021bi \u00eentreb\u0103ri sau nel\u0103muriri cu privire la ace\u0219ti termeni, v\u0103 rug\u0103m s\u0103 ne contacta\u021bi.<\/p>","protected":false},"excerpt":{"rendered":"<p>Utilizarea acestui site web, precum \u0219i a oric\u0103ror aplica\u021bii sau servicii aferente oferite de noi, este supus\u0103 urm\u0103torilor termeni \u0219i condi\u021bii. Prin accesarea sau utilizarea site-ului nostru web, sunte\u021bi de acord s\u0103 respecta\u021bi \u0219i s\u0103 fi\u021bi obligat de ace\u0219ti termeni. Dac\u0103 nu sunte\u021bi de acord cu nicio parte a acestor termeni, v\u0103 rug\u0103m s\u0103 nu utiliza\u021bi acest site web. Prin utilizarea acestui... <a title=\"Disclaimer\" class=\"read-more\" href=\"https:\/\/moblyus.com\/ro\/disclaimer\/\" aria-label=\"V\u0103 rug\u0103m s\u0103 cita\u021bi mai des. Declinare de responsabilitate.\">cite\u015fte mai mult<\/a><\/p>","protected":false},"author":1,"featured_media":0,"parent":0,"menu_order":0,"comment_status":"closed","ping_status":"open","template":"","meta":{"footnotes":""},"class_list":["post-2","page","type-page","status-publish"],"_links":{"self":[{"href":"https:\/\/moblyus.com\/ro\/wp-json\/wp\/v2\/pages\/2","targetHints":{"allow":["GET"]}}],"collection":[{"href":"https:\/\/moblyus.com\/ro\/wp-json\/wp\/v2\/pages"}],"about":[{"href":"https:\/\/moblyus.com\/ro\/wp-json\/wp\/v2\/types\/page"}],"author":[{"embeddable":true,"href":"https:\/\/moblyus.com\/ro\/wp-json\/wp\/v2\/users\/1"}],"replies":[{"embeddable":true,"href":"https:\/\/moblyus.com\/ro\/wp-json\/wp\/v2\/comments?post=2"}],"version-history":[{"count":2,"href":"https:\/\/moblyus.com\/ro\/wp-json\/wp\/v2\/pages\/2\/revisions"}],"predecessor-version":[{"id":809,"href":"https:\/\/moblyus.com\/ro\/wp-json\/wp\/v2\/pages\/2\/revisions\/809"}],"wp:attachment":[{"href":"https:\/\/moblyus.com\/ro\/wp-json\/wp\/v2\/media?parent=2"}],"curies":[{"name":"wp","href":"https:\/\/api.w.org\/{rel}","templated":true}]}}