{"id":538,"date":"2024-04-23T19:03:23","date_gmt":"2024-04-23T22:03:23","guid":{"rendered":"https:\/\/moblyus.com\/?page_id=538"},"modified":"2024-04-23T19:03:23","modified_gmt":"2024-04-23T22:03:23","slug":"termos-de-uso","status":"publish","type":"page","link":"https:\/\/moblyus.com\/pt_us\/termos-de-uso\/","title":{"rendered":"Termos de Uso"},"content":{"rendered":"<p>Se voc\u00ea continuar navegando e usando este site, concorda em cumprir e ficar vinculado aos seguintes termos e condi\u00e7\u00f5es de uso, que, juntamente com nossa pol\u00edtica de privacidade, regem o relacionamento do Moblyus com voc\u00ea.<\/p>\n\n\n\n<p>Se voc\u00ea discordar de qualquer parte destes termos e condi\u00e7\u00f5es, n\u00e3o use nosso site.<\/p>\n\n\n\n<p>O uso deste site est\u00e1 sujeito aos seguintes termos de uso:<\/p>\n\n\n\n<p>O conte\u00fado das p\u00e1ginas deste site \u00e9 apenas para sua informa\u00e7\u00e3o geral e uso. Est\u00e1 sujeito a altera\u00e7\u00f5es sem aviso pr\u00e9vio. Nem n\u00f3s nem terceiros fornecemos qualquer garantia quanto \u00e0 precis\u00e3o, pontualidade, desempenho, integridade ou adequa\u00e7\u00e3o das informa\u00e7\u00f5es e materiais encontrados ou oferecidos neste site para qualquer finalidade espec\u00edfica. O uso de qualquer informa\u00e7\u00e3o ou material neste site \u00e9 inteiramente por sua conta e risco, pelo qual n\u00e3o seremos respons\u00e1veis. De tempos em tempos, este site tamb\u00e9m pode incluir links para outros sites. Esses links s\u00e3o fornecidos para sua conveni\u00eancia para fornecer mais informa\u00e7\u00f5es. N\u00e3o temos responsabilidade pelo conte\u00fado do(s) site(s) vinculado(s).<\/p>","protected":false},"excerpt":{"rendered":"<p>Se voc\u00ea continuar navegando e usando este site, concorda em cumprir e ficar vinculado aos seguintes termos e condi\u00e7\u00f5es de uso, que, juntamente com nossa pol\u00edtica de privacidade, regem o relacionamento do Moblyus com voc\u00ea. Se voc\u00ea discordar de qualquer parte destes termos e condi\u00e7\u00f5es, n\u00e3o use nosso site. O uso deste site est\u00e1 sujeito &#8230; <a title=\"Termos de Uso\" class=\"read-more\" href=\"https:\/\/moblyus.com\/pt_us\/termos-de-uso\/\" aria-label=\"Read more about Termos de Uso\">Leia mais<\/a><\/p>","protected":false},"author":1,"featured_media":0,"parent":0,"menu_order":0,"comment_status":"closed","ping_status":"closed","template":"","meta":{"footnotes":""},"class_list":["post-538","page","type-page","status-publish"],"_links":{"self":[{"href":"https:\/\/moblyus.com\/pt_us\/wp-json\/wp\/v2\/pages\/538","targetHints":{"allow":["GET"]}}],"collection":[{"href":"https:\/\/moblyus.com\/pt_us\/wp-json\/wp\/v2\/pages"}],"about":[{"href":"https:\/\/moblyus.com\/pt_us\/wp-json\/wp\/v2\/types\/page"}],"author":[{"embeddable":true,"href":"https:\/\/moblyus.com\/pt_us\/wp-json\/wp\/v2\/users\/1"}],"replies":[{"embeddable":true,"href":"https:\/\/moblyus.com\/pt_us\/wp-json\/wp\/v2\/comments?post=538"}],"version-history":[{"count":1,"href":"https:\/\/moblyus.com\/pt_us\/wp-json\/wp\/v2\/pages\/538\/revisions"}],"predecessor-version":[{"id":539,"href":"https:\/\/moblyus.com\/pt_us\/wp-json\/wp\/v2\/pages\/538\/revisions\/539"}],"wp:attachment":[{"href":"https:\/\/moblyus.com\/pt_us\/wp-json\/wp\/v2\/media?parent=538"}],"curies":[{"name":"wp","href":"https:\/\/api.w.org\/{rel}","templated":true}]}}