{"id":3,"date":"2024-03-09T10:48:06","date_gmt":"2024-03-09T10:48:06","guid":{"rendered":"https:\/\/moblyus.com\/?page_id=3"},"modified":"2024-12-17T23:52:16","modified_gmt":"2024-12-18T02:52:16","slug":"polityka-prywatnosci","status":"publish","type":"page","link":"https:\/\/moblyus.com\/pl\/politica-de-privacidade\/","title":{"rendered":"Polityka prywatno\u015bci"},"content":{"rendered":"<p>Witamy w <strong>Moblius<\/strong>. Niniejsza polityka prywatno\u015bci opisuje, w jaki spos\u00f3b zbieramy, wykorzystujemy i udost\u0119pniamy informacje o Tobie, gdy uzyskujesz dost\u0119p do naszej witryny internetowej lub z niej korzystasz.<\/p>\n\n\n\n<ol class=\"wp-block-list\">\n<li>Informacje, kt\u00f3re zbieramy Dane osobowe: Gromadzimy dane osobowe, kt\u00f3re podajesz dobrowolnie, takie jak imi\u0119 i nazwisko, adres e-mail i inne dane kontaktowe, gdy rejestrujesz si\u0119 w celu otrzymywania aktualizacji lub komunikujesz si\u0119 z nami. Dane o u\u017cytkowaniu: Automatycznie zbieramy informacje o tym, jak uzyskujesz dost\u0119p do Witryny i jak z niej korzystasz, w tym o typie urz\u0105dzenia, przegl\u0105darce internetowej, odwiedzanych stronach, klikni\u0119ciach, wzorach u\u017cytkowania i inne informacje o u\u017cytkowaniu. Pliki cookie i technologie \u015bledzenia: U\u017cywamy plik\u00f3w cookie i technologii \u015bledzenia, aby personalizowa\u0107 Twoje do\u015bwiadczenia i gromadzi\u0107 dane o Twoich interakcjach ze stron\u0105 internetow\u0105 i wy\u015bwietlanymi reklamami.<\/li>\n\n\n\n<li>Wykorzystanie informacji Wykorzystujemy Twoje dane, aby:<\/li>\n<\/ol>\n\n\n\n<p>Udost\u0119pniaj, utrzymuj i ulepszaj nasz\u0105 stron\u0119 internetow\u0105 i us\u0142ugi. Komunikuj si\u0119 z Tob\u0105, odpowiadaj na Twoje pytania i pro\u015bby. Wy\u015bwietlaj spersonalizowane reklamy i przeprowadzaj analiz\u0119 danych.<\/p>\n\n\n\n<ol class=\"wp-block-list\" start=\"3\">\n<li>Udost\u0119pnianie informacji Mo\u017cemy udost\u0119pnia\u0107 Twoje dane stronom trzecim w nast\u0119puj\u0105cych okoliczno\u015bciach:<\/li>\n<\/ol>\n\n\n\n<p>Dostawcy us\u0142ug: udost\u0119pniamy informacje dostawcom, kt\u00f3rzy pomagaj\u0105 nam w obs\u0142udze witryny, takimi jak hosting i analiza danych. Google Ad Exchange: zgodnie z wymaganiami do wy\u015bwietlania reklam za po\u015brednictwem Google Ad Exchange. Zgodno\u015b\u0107 z prawem: gdy jest to konieczne, aby zachowa\u0107 zgodno\u015b\u0107 z prawem lub zareagowa\u0107 na proces prawny.<\/p>\n\n\n\n<ol class=\"wp-block-list\" start=\"4\">\n<li>Google AdSense Zgodnie z warunkami Google AdSense informujemy, \u017ce Google, jako dostawca zewn\u0119trzny, wykorzystuje pliki cookie do wy\u015bwietlania reklam na naszej stronie internetowej. Korzystanie przez Google z pliku cookie DART umo\u017cliwia wy\u015bwietlanie reklam naszym u\u017cytkownikom na podstawie poprzednich wizyt w naszej witrynie i innych witrynach w Internecie. U\u017cytkownicy mog\u0105 zrezygnowa\u0107 z u\u017cywania pliku cookie DART, odwiedzaj\u0105c Polityk\u0119 prywatno\u015bci Google dotycz\u0105c\u0105 reklam i sieci partnerskiej.<\/li>\n\n\n\n<li>Zmiany w Polityce prywatno\u015bci Mo\u017cemy od czasu do czasu aktualizowa\u0107 nasz\u0105 Polityk\u0119 prywatno\u015bci. O wszelkich zmianach poinformujemy Ci\u0119, publikuj\u0105c now\u0105 Polityk\u0119 prywatno\u015bci na tej stronie.<\/li>\n\n\n\n<li>Kontakt Je\u015bli masz pytania dotycz\u0105ce niniejszej Polityki prywatno\u015bci, skontaktuj si\u0119 z nami.<\/li>\n<\/ol>","protected":false},"excerpt":{"rendered":"<p>Witamy w Moblyus. Niniejsza polityka prywatno\u015bci opisuje, jak gromadzimy, wykorzystujemy i udost\u0119pniamy informacje o Tobie, gdy odwiedzasz nasz\u0105 stron\u0119 internetow\u0105 lub z niej korzystasz. Aby zapewni\u0107, utrzymywa\u0107 i ulepsza\u0107 nasz\u0105 stron\u0119 internetow\u0105 i us\u0142ugi. Aby komunikowa\u0107 si\u0119 z Tob\u0105, odpowiada\u0107 na Twoje pytania i pro\u015bby. Aby wy\u015bwietla\u0107 spersonalizowane reklamy i przeprowadza\u0107 analiz\u0119 danych. Dostawcy us\u0142ug: Udost\u0119pniamy informacje dostawcom, kt\u00f3rzy\u2026 <a title=\"Polityka prywatno\u015bci\" class=\"read-more\" href=\"https:\/\/moblyus.com\/pl\/politica-de-privacidade\/\" aria-label=\"Dowiedz si\u0119 zobacz Polityk\u0119 Prywatno\u015bci\">czytaj wi\u0119cej<\/a><\/p>","protected":false},"author":1,"featured_media":0,"parent":0,"menu_order":0,"comment_status":"closed","ping_status":"closed","template":"","meta":{"footnotes":""},"class_list":["post-3","page","type-page","status-publish"],"_links":{"self":[{"href":"https:\/\/moblyus.com\/pl\/wp-json\/wp\/v2\/pages\/3","targetHints":{"allow":["GET"]}}],"collection":[{"href":"https:\/\/moblyus.com\/pl\/wp-json\/wp\/v2\/pages"}],"about":[{"href":"https:\/\/moblyus.com\/pl\/wp-json\/wp\/v2\/types\/page"}],"author":[{"embeddable":true,"href":"https:\/\/moblyus.com\/pl\/wp-json\/wp\/v2\/users\/1"}],"replies":[{"embeddable":true,"href":"https:\/\/moblyus.com\/pl\/wp-json\/wp\/v2\/comments?post=3"}],"version-history":[{"count":1,"href":"https:\/\/moblyus.com\/pl\/wp-json\/wp\/v2\/pages\/3\/revisions"}],"predecessor-version":[{"id":537,"href":"https:\/\/moblyus.com\/pl\/wp-json\/wp\/v2\/pages\/3\/revisions\/537"}],"wp:attachment":[{"href":"https:\/\/moblyus.com\/pl\/wp-json\/wp\/v2\/media?parent=3"}],"curies":[{"name":"wp","href":"https:\/\/api.w.org\/{rel}","templated":true}]}}