{"id":2,"date":"2024-03-09T10:48:06","date_gmt":"2024-03-09T10:48:06","guid":{"rendered":"https:\/\/moblyus.com\/?page_id=2"},"modified":"2024-06-28T07:28:11","modified_gmt":"2024-06-28T10:28:11","slug":"zastrzezenie","status":"publish","type":"page","link":"https:\/\/moblyus.com\/pl\/disclaimer\/","title":{"rendered":"Zastrze\u017cenie"},"content":{"rendered":"<p>Korzystanie z tej witryny internetowej i wszelkich powi\u0105zanych aplikacji lub us\u0142ug oferowanych przez nas podlega nast\u0119puj\u0105cym warunkom. Wchodz\u0105c na nasz\u0105 stron\u0119 internetow\u0105 lub korzystaj\u0105c z niej, wyra\u017casz zgod\u0119 na przestrzeganie niniejszych warunk\u00f3w i jeste\u015b nimi zwi\u0105zany. Je\u015bli nie zgadzasz si\u0119 z jak\u0105kolwiek cz\u0119\u015bci\u0105 niniejszych warunk\u00f3w, prosimy o niekorzystanie z tej witryny.<\/p>\n\n\n\n<ol class=\"wp-block-list\">\n<li><strong>W\u0142asno\u015b\u0107 intelektualna:<\/strong>&nbsp;Ca\u0142a zawarto\u015b\u0107 prezentowana na tej stronie, w tym mi\u0119dzy innymi tekst, grafika, logo, ikony, obrazy, klipy audio, cyfrowe pliki do pobrania i kompilacje danych, jest wy\u0142\u0105czn\u0105 w\u0142asno\u015bci\u0105 nas lub naszych licencjodawc\u00f3w, chronion\u0105 prawami autorskimi, prawami autorskimi i innymi obowi\u0105zuj\u0105cymi prawami intelektualnymi prawa w\u0142asno\u015bci.<\/li>\n\n\n\n<li><strong>Dozwolone u\u017cycie:<\/strong>&nbsp;Mo\u017cesz uzyskiwa\u0107 dost\u0119p do tej witryny i korzysta\u0107 z niej w celach osobistych, niekomercyjnych. Jakiekolwiek komercyjne wykorzystanie lub ponowna publikacja zawarto\u015bci tej witryny bez naszej wyra\u017anej pisemnej zgody jest surowo zabronione.<\/li>\n\n\n\n<li><strong>Zastrze\u017cenie:<\/strong>&nbsp;Niniejsza witryna jest udost\u0119pniana w stanie \u201etakim, jakim jest\u201d i \u201ew miar\u0119 dost\u0119pno\u015bci\u201d, bez jakichkolwiek gwarancji, wyra\u017anych lub dorozumianych. Nie gwarantujemy dok\u0142adno\u015bci, wiarygodno\u015bci ani kompletno\u015bci zawarto\u015bci tej witryny. Korzystanie z tej witryny internetowej odbywa si\u0119 na w\u0142asne ryzyko.<\/li>\n\n\n\n<li><strong>Linki do witryn stron trzecich:<\/strong>&nbsp;Niniejsza witryna internetowa mo\u017ce zawiera\u0107 \u0142\u0105cza do witryn internetowych os\u00f3b trzecich, kt\u00f3re nie s\u0105 przez nas kontrolowane ani obs\u0142ugiwane. Nie ponosimy odpowiedzialno\u015bci za tre\u015b\u0107, polityk\u0119 prywatno\u015bci ani praktyki witryn stron trzecich. Zamieszczenie \u0142\u0105czy do stron internetowych os\u00f3b trzecich nie oznacza poparcia ani rekomendacji jakichkolwiek tre\u015bci znajduj\u0105cych si\u0119 na tych stronach.<\/li>\n\n\n\n<li><strong>Zmiany w Warunkach:<\/strong>&nbsp;Zastrzegamy sobie prawo do zmiany niniejszych warunk\u00f3w w dowolnym momencie, bez wcze\u015bniejszego powiadomienia. Dalsze korzystanie z tej witryny po wprowadzeniu takich modyfikacji oznacza zgod\u0119 na zmienione warunki.<\/li>\n\n\n\n<li><strong>Obowi\u0105zuj\u0105ce prawo:<\/strong>\u00a0Niniejsze warunki podlegaj\u0105 prawu Brazylii i zgodnie z nim b\u0119d\u0105 interpretowane. Wszelkie spory dotycz\u0105ce niniejszych warunk\u00f3w b\u0119d\u0105 podlega\u0107 wy\u0142\u0105cznej jurysdykcji w\u0142a\u015bciwych s\u0105d\u00f3w znajduj\u0105cych si\u0119 w tej jurysdykcji.<\/li>\n<\/ol>\n\n\n\n<p>Korzystaj\u0105c z tej witryny, potwierdzasz, \u017ce przeczyta\u0142e\u015b, zrozumia\u0142e\u015b i zgodzi\u0142e\u015b si\u0119 na niniejsze warunki. Je\u015bli masz jakiekolwiek pytania lub w\u0105tpliwo\u015bci dotycz\u0105ce niniejszych warunk\u00f3w, skontaktuj si\u0119 z nami.<\/p>","protected":false},"excerpt":{"rendered":"<p>Korzystanie z tej strony internetowej, a tak\u017ce wszelkich powi\u0105zanych aplikacji lub us\u0142ug oferowanych przez nas, podlega poni\u017cszym warunkom. Uzyskuj\u0105c dost\u0119p do naszej strony internetowej lub korzystaj\u0105c z niej, zgadzasz si\u0119 przestrzega\u0107 niniejszych warunk\u00f3w i by\u0107 nimi zwi\u0105zanym. Je\u015bli nie zgadzasz si\u0119 z jak\u0105kolwiek cz\u0119\u015bci\u0105 niniejszych warunk\u00f3w, prosimy o niekorzystanie z tej strony internetowej. Korzystanie z tej\u2026 <a title=\"Zastrze\u017cenie\" class=\"read-more\" href=\"https:\/\/moblyus.com\/pl\/disclaimer\/\" aria-label=\"Dowiedz si\u0119, je\u015bli opu\u015bcisz Zastrze\u017cenie\">czytaj wi\u0119cej<\/a><\/p>","protected":false},"author":1,"featured_media":0,"parent":0,"menu_order":0,"comment_status":"closed","ping_status":"open","template":"","meta":{"footnotes":""},"class_list":["post-2","page","type-page","status-publish"],"_links":{"self":[{"href":"https:\/\/moblyus.com\/pl\/wp-json\/wp\/v2\/pages\/2","targetHints":{"allow":["GET"]}}],"collection":[{"href":"https:\/\/moblyus.com\/pl\/wp-json\/wp\/v2\/pages"}],"about":[{"href":"https:\/\/moblyus.com\/pl\/wp-json\/wp\/v2\/types\/page"}],"author":[{"embeddable":true,"href":"https:\/\/moblyus.com\/pl\/wp-json\/wp\/v2\/users\/1"}],"replies":[{"embeddable":true,"href":"https:\/\/moblyus.com\/pl\/wp-json\/wp\/v2\/comments?post=2"}],"version-history":[{"count":2,"href":"https:\/\/moblyus.com\/pl\/wp-json\/wp\/v2\/pages\/2\/revisions"}],"predecessor-version":[{"id":809,"href":"https:\/\/moblyus.com\/pl\/wp-json\/wp\/v2\/pages\/2\/revisions\/809"}],"wp:attachment":[{"href":"https:\/\/moblyus.com\/pl\/wp-json\/wp\/v2\/media?parent=2"}],"curies":[{"name":"wp","href":"https:\/\/api.w.org\/{rel}","templated":true}]}}