{"id":538,"date":"2024-04-23T19:03:23","date_gmt":"2024-04-23T22:03:23","guid":{"rendered":"https:\/\/moblyus.com\/?page_id=538"},"modified":"2024-04-23T19:03:23","modified_gmt":"2024-04-23T22:03:23","slug":"naudojimo-salygos","status":"publish","type":"page","link":"https:\/\/moblyus.com\/lt\/termos-de-uso\/","title":{"rendered":"Naudojimo s\u0105lygos"},"content":{"rendered":"<p>Jei ir toliau nar\u0161ote ir naudojat\u0117s \u0161ioje svetain\u0117je, sutinkate laikytis ir b\u016bti \u012fpareigoti \u0161i\u0173 naudojimo s\u0105lyg\u0173, kurios kartu su m\u016bs\u0173 privatumo politika reglamentuoja Moblyus santykius su jumis.<\/p>\n\n\n\n<p>Jei nesutinkate su kuria nors \u0161i\u0173 s\u0105lyg\u0173 dalimi, nesinaudokite m\u016bs\u0173 svetaine.<\/p>\n\n\n\n<p>Naudojantis \u0161ia svetaine, taikomos \u0161ios naudojimo s\u0105lygos:<\/p>\n\n\n\n<p>\u0160ios svetain\u0117s puslapi\u0173 turinys skirtas tik bendrajai informacijai ir naudojimui. Jis gali b\u016bti kei\u010diamas be \u012fsp\u0117jimo. Nei mes, nei jokios tre\u010diosios \u0161alys nesuteikiame joki\u0173 garantij\u0173 d\u0117l \u0161ioje svetain\u0117je rastos ar si\u016blomos informacijos ir med\u017eiagos tikslumo, savalaiki\u0161kumo, na\u0161umo, i\u0161samumo ar tinkamumo jokiam konkre\u010diam tikslui. Bet kokios informacijos ar med\u017eiagos naudojimas \u0161ioje svetain\u0117je yra j\u016bs\u0173 pa\u010di\u0173 rizika, u\u017e kuri\u0105 mes neprisiimame atsakomyb\u0117s. Retkar\u010diais \u0161ioje svetain\u0117je taip pat gali b\u016bti nuorod\u0173 \u012f kitas svetaines. \u0160ios nuorodos pateikiamos j\u016bs\u0173 patogumui, kad b\u016bt\u0173 galima pateikti daugiau informacijos. Mes neprisiimame atsakomyb\u0117s u\u017e susietos (-i\u0173) svetain\u0117s (-i\u0173) turin\u012f.<\/p>","protected":false},"excerpt":{"rendered":"<p>Jei ir toliau nar\u0161ysite ir naudosite \u0161i\u0105 svetain\u0119, j\u016bs sutinkate laikytis \u0161i\u0173 naudojimo s\u0105lyg\u0173 ir nuostat\u0173, kurios kartu su m\u016bs\u0173 privatumo politika reglamentuoja \u201eMoblyus\u201c santykius su jumis. Jei nesutinkate su bet kuria \u0161i\u0173 s\u0105lyg\u0173 ir nuostat\u0173 dalimi, nesinaudokite m\u016bs\u0173 svetaine. \u0160ios svetain\u0117s naudojimas priklauso nuo\u2026 <a title=\"Naudojimo s\u0105lygos\" class=\"read-more\" href=\"https:\/\/moblyus.com\/lt\/termos-de-uso\/\" aria-label=\"Skaitykite daugiau apie Naudojimo s\u0105lygas\">skaityti daugiau<\/a><\/p>","protected":false},"author":1,"featured_media":0,"parent":0,"menu_order":0,"comment_status":"closed","ping_status":"closed","template":"","meta":{"footnotes":""},"class_list":["post-538","page","type-page","status-publish"],"_links":{"self":[{"href":"https:\/\/moblyus.com\/lt\/wp-json\/wp\/v2\/pages\/538","targetHints":{"allow":["GET"]}}],"collection":[{"href":"https:\/\/moblyus.com\/lt\/wp-json\/wp\/v2\/pages"}],"about":[{"href":"https:\/\/moblyus.com\/lt\/wp-json\/wp\/v2\/types\/page"}],"author":[{"embeddable":true,"href":"https:\/\/moblyus.com\/lt\/wp-json\/wp\/v2\/users\/1"}],"replies":[{"embeddable":true,"href":"https:\/\/moblyus.com\/lt\/wp-json\/wp\/v2\/comments?post=538"}],"version-history":[{"count":1,"href":"https:\/\/moblyus.com\/lt\/wp-json\/wp\/v2\/pages\/538\/revisions"}],"predecessor-version":[{"id":539,"href":"https:\/\/moblyus.com\/lt\/wp-json\/wp\/v2\/pages\/538\/revisions\/539"}],"wp:attachment":[{"href":"https:\/\/moblyus.com\/lt\/wp-json\/wp\/v2\/media?parent=538"}],"curies":[{"name":"wp","href":"https:\/\/api.w.org\/{rel}","templated":true}]}}