{"id":3,"date":"2024-03-09T10:48:06","date_gmt":"2024-03-09T10:48:06","guid":{"rendered":"https:\/\/moblyus.com\/?page_id=3"},"modified":"2024-12-17T23:52:16","modified_gmt":"2024-12-18T02:52:16","slug":"privatumo-politika","status":"publish","type":"page","link":"https:\/\/moblyus.com\/lt\/politica-de-privacidade\/","title":{"rendered":"Privatumo politika"},"content":{"rendered":"<p>Sveiki atvyk\u0119 \u012f <strong>Moblyus<\/strong>. \u0160ioje privatumo politikoje apra\u0161oma, kaip mes renkame, naudojame ir dalijam\u0117s informacija apie jus, kai lankot\u0117s arba naudojat\u0117s m\u016bs\u0173 svetaine.<\/p>\n\n\n\n<ol class=\"wp-block-list\">\n<li>Informacija, kuri\u0105 renkame asmenin\u0119 informacij\u0105: renkame asmenin\u0119 informacij\u0105, kuri\u0105 j\u016bs savanori\u0161kai pateikiate, pvz., j\u016bs\u0173 vard\u0105, el. pa\u0161to adres\u0105 ir kit\u0105 kontaktin\u0119 informacij\u0105, kai prisiregistruojate gauti atnaujinim\u0173 arba bendraujate su mumis. Naudojimo duomenys: automati\u0161kai renkame informacij\u0105 apie tai, kaip j\u016bs pasiekiate ir naudojate svetain\u0119, \u012fskaitant \u012frenginio tip\u0105, \u017einiatinklio nar\u0161ykl\u0119, aplankytus puslapius, paspaudimus, naudojimo b\u016bdus ir kit\u0105 naudojimo informacij\u0105. Slapukai ir sekimo technologijos: naudojame slapukus ir sekimo technologijas, kad suasmenintume j\u016bs\u0173 patirt\u012f ir rinktume duomenis apie j\u016bs\u0173 s\u0105veik\u0105 su svetaine ir rodomus skelbimus.<\/li>\n\n\n\n<li>Informacijos naudojimas Mes naudojame j\u016bs\u0173 informacij\u0105, kad:<\/li>\n<\/ol>\n\n\n\n<p>Teikti, pri\u017ei\u016br\u0117ti ir tobulinti m\u016bs\u0173 svetain\u0119 ir paslaugas. Bendraukite su jumis, atsakykite \u012f j\u016bs\u0173 klausimus ir pra\u0161ymus. Rodyti suasmenintus skelbimus ir atlikti duomen\u0173 analiz\u0119.<\/p>\n\n\n\n<ol class=\"wp-block-list\" start=\"3\">\n<li>Dalijimasis informacija Mes galime dalytis j\u016bs\u0173 informacija su tre\u010diosiomis \u0161alimis \u0161iomis aplinkyb\u0117mis:<\/li>\n<\/ol>\n\n\n\n<p>Paslaug\u0173 teik\u0117jai: dalijam\u0117s informacija su pardav\u0117jais, kurie padeda mums valdyti svetain\u0119, pvz., \u017einiatinklio prieglob\u0105 ir duomen\u0173 analiz\u0119. \u201eGoogle Ad Exchange\u201c: kaip reikia norint teikti skelbimus per \u201eGoogle Ad Exchange\u201c. Teis\u0117s laikymasis: kai reikia laikytis \u012fstatym\u0173 arba reaguoti \u012f teisin\u012f proces\u0105.<\/p>\n\n\n\n<ol class=\"wp-block-list\" start=\"4\">\n<li>\u201eGoogle AdSense\u201c Pagal \u201eGoogle AdSense\u201c s\u0105lygas informuojame, kad \u201eGoogle\u201c, kaip tre\u010diosios \u0161alies pardav\u0117jas, naudoja slapukus, kad pateikt\u0173 skelbimus m\u016bs\u0173 svetain\u0117je. \u201eGoogle\u201c naudoja DART slapuk\u0105, kad jis gal\u0117t\u0173 teikti skelbimus m\u016bs\u0173 vartotojams pagal ankstesnius apsilankymus m\u016bs\u0173 svetain\u0117je ir kitose interneto svetain\u0117se. Vartotojai gali atsisakyti naudoti DART slapuk\u0105, apsilank\u0119 \u201eGoogle\u201c reklamavimo ir turinio tinklo privatumo politikoje.<\/li>\n\n\n\n<li>Privatumo politikos pakeitimai Retkar\u010diais galime atnaujinti savo privatumo politik\u0105. Apie bet kokius pakeitimus prane\u0161ime \u0161iame puslapyje paskelbdami nauj\u0105 privatumo politik\u0105.<\/li>\n\n\n\n<li>Susisiekite Jei turite klausim\u0173 apie \u0161i\u0105 privatumo politik\u0105, susisiekite su mumis.<\/li>\n<\/ol>","protected":false},"excerpt":{"rendered":"<p>Sveiki atvyk\u0119 \u012f \u201eMoblyus\u201c. \u0160ioje privatumo politikoje apra\u0161oma, kaip mes renkame, naudojame ir bendriname informacij\u0105 apie jus, kai j\u016bs lankot\u0117s m\u016bs\u0173 svetain\u0117je arba ja naudojat\u0117s. Siekdami teikti, pri\u017ei\u016br\u0117ti ir tobulinti savo svetain\u0119 bei paslaugas. Bendrauti su jumis, atsakyti \u012f j\u016bs\u0173 klausimus ir u\u017eklausas. Rodydami suasmenintus skelbimus ir atlikdami duomen\u0173 analiz\u0119. Paslaug\u0173 teik\u0117jai: Mes dalijam\u0117s informacija su tiek\u0117jais, kurie\u2026 <a title=\"Privatumo politika\" class=\"read-more\" href=\"https:\/\/moblyus.com\/lt\/politica-de-privacidade\/\" aria-label=\"Skaitykite daugiau apie privatumo politik\u0105\">skaityti daugiau<\/a><\/p>","protected":false},"author":1,"featured_media":0,"parent":0,"menu_order":0,"comment_status":"closed","ping_status":"closed","template":"","meta":{"footnotes":""},"class_list":["post-3","page","type-page","status-publish"],"_links":{"self":[{"href":"https:\/\/moblyus.com\/lt\/wp-json\/wp\/v2\/pages\/3","targetHints":{"allow":["GET"]}}],"collection":[{"href":"https:\/\/moblyus.com\/lt\/wp-json\/wp\/v2\/pages"}],"about":[{"href":"https:\/\/moblyus.com\/lt\/wp-json\/wp\/v2\/types\/page"}],"author":[{"embeddable":true,"href":"https:\/\/moblyus.com\/lt\/wp-json\/wp\/v2\/users\/1"}],"replies":[{"embeddable":true,"href":"https:\/\/moblyus.com\/lt\/wp-json\/wp\/v2\/comments?post=3"}],"version-history":[{"count":1,"href":"https:\/\/moblyus.com\/lt\/wp-json\/wp\/v2\/pages\/3\/revisions"}],"predecessor-version":[{"id":537,"href":"https:\/\/moblyus.com\/lt\/wp-json\/wp\/v2\/pages\/3\/revisions\/537"}],"wp:attachment":[{"href":"https:\/\/moblyus.com\/lt\/wp-json\/wp\/v2\/media?parent=3"}],"curies":[{"name":"wp","href":"https:\/\/api.w.org\/{rel}","templated":true}]}}