{"id":538,"date":"2024-04-23T19:03:23","date_gmt":"2024-04-23T22:03:23","guid":{"rendered":"https:\/\/moblyus.com\/?page_id=538"},"modified":"2024-04-23T19:03:23","modified_gmt":"2024-04-23T22:03:23","slug":"termini-di-utilizzo","status":"publish","type":"page","link":"https:\/\/moblyus.com\/it\/termos-de-uso\/","title":{"rendered":"Termini di utilizzo"},"content":{"rendered":"<p>Se continui a navigare e utilizzare questo sito Web, accetti di rispettare e di essere vincolato dai seguenti termini e condizioni d&#039;uso, che insieme alla nostra politica sulla privacy regolano il rapporto di Moblyus con te.<\/p>\n\n\n\n<p>Se non sei d&#039;accordo con qualsiasi parte di questi termini e condizioni, non utilizzare il nostro sito web.<\/p>\n\n\n\n<p>L&#039;utilizzo di questo sito web \u00e8 soggetto ai seguenti termini di utilizzo:<\/p>\n\n\n\n<p>Il contenuto delle pagine di questo sito Web \u00e8 solo per tua informazione generale e per il tuo utilizzo. E &#039;soggetto a modifiche senza preavviso. N\u00e9 noi n\u00e9 terze parti forniamo alcuna garanzia circa l&#039;accuratezza, la tempestivit\u00e0, le prestazioni, la completezza o l&#039;idoneit\u00e0 delle informazioni e dei materiali trovati o offerti su questo sito Web per qualsiasi scopo particolare. L&#039;utilizzo di qualsiasi informazione o materiale presente su questo sito Web \u00e8 interamente a proprio rischio, per il quale non saremo responsabili. Di tanto in tanto questo sito web pu\u00f2 includere anche collegamenti ad altri siti web. Questi collegamenti vengono forniti per comodit\u00e0 dell&#039;utente per fornire ulteriori informazioni. Non abbiamo alcuna responsabilit\u00e0 per il contenuto dei siti Web collegati.<\/p>","protected":false},"excerpt":{"rendered":"<p>Continuando a navigare e utilizzare questo sito, accetti di rispettare e di essere vincolato dai seguenti termini e condizioni d&#039;uso, che, insieme alla nostra informativa sulla privacy, regolano il rapporto tra Moblyus e te. Se non sei d&#039;accordo con qualsiasi parte di questi termini e condizioni, ti preghiamo di non utilizzare il nostro sito. L&#039;utilizzo di questo sito \u00e8 soggetto a... <a title=\"Termini di utilizzo\" class=\"read-more\" href=\"https:\/\/moblyus.com\/it\/termos-de-uso\/\" aria-label=\"Si prega di notare i Termini di utilizzo\">Per saperne di pi\u00f9<\/a><\/p>","protected":false},"author":1,"featured_media":0,"parent":0,"menu_order":0,"comment_status":"closed","ping_status":"closed","template":"","meta":{"footnotes":""},"class_list":["post-538","page","type-page","status-publish"],"_links":{"self":[{"href":"https:\/\/moblyus.com\/it\/wp-json\/wp\/v2\/pages\/538","targetHints":{"allow":["GET"]}}],"collection":[{"href":"https:\/\/moblyus.com\/it\/wp-json\/wp\/v2\/pages"}],"about":[{"href":"https:\/\/moblyus.com\/it\/wp-json\/wp\/v2\/types\/page"}],"author":[{"embeddable":true,"href":"https:\/\/moblyus.com\/it\/wp-json\/wp\/v2\/users\/1"}],"replies":[{"embeddable":true,"href":"https:\/\/moblyus.com\/it\/wp-json\/wp\/v2\/comments?post=538"}],"version-history":[{"count":1,"href":"https:\/\/moblyus.com\/it\/wp-json\/wp\/v2\/pages\/538\/revisions"}],"predecessor-version":[{"id":539,"href":"https:\/\/moblyus.com\/it\/wp-json\/wp\/v2\/pages\/538\/revisions\/539"}],"wp:attachment":[{"href":"https:\/\/moblyus.com\/it\/wp-json\/wp\/v2\/media?parent=538"}],"curies":[{"name":"wp","href":"https:\/\/api.w.org\/{rel}","templated":true}]}}