{"id":3,"date":"2024-03-09T10:48:06","date_gmt":"2024-03-09T10:48:06","guid":{"rendered":"https:\/\/moblyus.com\/?page_id=3"},"modified":"2024-12-17T23:52:16","modified_gmt":"2024-12-18T02:52:16","slug":"adatvedelmi-iranyelvek","status":"publish","type":"page","link":"https:\/\/moblyus.com\/hu\/politica-de-privacidade\/","title":{"rendered":"Adatv\u00e9delmi ir\u00e1nyelvek"},"content":{"rendered":"<p>Isten hozott a <strong>Moblyus<\/strong>. Ez az adatv\u00e9delmi szab\u00e1lyzat le\u00edrja, hogyan gy\u0171jt\u00fcnk, haszn\u00e1lunk \u00e9s osztunk meg inform\u00e1ci\u00f3kat \u00d6nr\u0151l, amikor bel\u00e9p vagy haszn\u00e1lja webhely\u00fcnket.<\/p>\n\n\n\n<ol class=\"wp-block-list\">\n<li>Az \u00e1ltalunk gy\u0171jt\u00f6tt szem\u00e9lyes adatok: Az \u00d6n \u00e1ltal \u00f6nk\u00e9ntesen megadott szem\u00e9lyes adatokat gy\u0171jtj\u00fck, p\u00e9ld\u00e1ul nev\u00e9t, e-mail c\u00edm\u00e9t \u00e9s egy\u00e9b el\u00e9rhet\u0151s\u00e9geit, amikor feliratkozik a friss\u00edt\u00e9sekre vagy kommunik\u00e1l vel\u00fcnk. Haszn\u00e1lati adatok: Automatikusan inform\u00e1ci\u00f3kat gy\u0171jt\u00fcnk arr\u00f3l, hogyan \u00e9ri el \u00e9s haszn\u00e1lja a Webhelyet, bele\u00e9rtve az eszk\u00f6z t\u00edpus\u00e1t, a webb\u00f6ng\u00e9sz\u0151t, a megl\u00e1togatott oldalakat, a kattint\u00e1sokat, a haszn\u00e1lati mint\u00e1kat \u00e9s egy\u00e9b haszn\u00e1lati inform\u00e1ci\u00f3kat. Cookie-k \u00e9s nyomk\u00f6vet\u00e9si technol\u00f3gi\u00e1k: Cookie-kat \u00e9s nyomk\u00f6vet\u00e9si technol\u00f3gi\u00e1kat haszn\u00e1lunk, hogy szem\u00e9lyre szabjuk az \u00d6n \u00e9lm\u00e9ny\u00e9t, \u00e9s adatokat gy\u0171jts\u00fcnk a weboldallal val\u00f3 interakci\u00f3j\u00e1r\u00f3l \u00e9s a megjelen\u00edtett hirdet\u00e9sekr\u0151l.<\/li>\n\n\n\n<li>Az inform\u00e1ci\u00f3k felhaszn\u00e1l\u00e1sa Az \u00d6n adatait a k\u00f6vetkez\u0151kre haszn\u00e1ljuk fel:<\/li>\n<\/ol>\n\n\n\n<p>Weboldalunk \u00e9s szolg\u00e1ltat\u00e1saink biztos\u00edt\u00e1sa, karbantart\u00e1sa \u00e9s fejleszt\u00e9se. Kommunik\u00e1ljon \u00d6nnel, v\u00e1laszoljon k\u00e9rd\u00e9seire \u00e9s k\u00e9r\u00e9seire. Szem\u00e9lyre szabott hirdet\u00e9sek megjelen\u00edt\u00e9se \u00e9s adatelemz\u00e9s.<\/p>\n\n\n\n<ol class=\"wp-block-list\" start=\"3\">\n<li>Inform\u00e1ci\u00f3megoszt\u00e1s Az al\u00e1bbi esetekben megoszthatjuk adatait harmadik felekkel:<\/li>\n<\/ol>\n\n\n\n<p>Szolg\u00e1ltat\u00f3k: Inform\u00e1ci\u00f3kat osztunk meg olyan sz\u00e1ll\u00edt\u00f3kkal, amelyek seg\u00edtenek nek\u00fcnk az oldal m\u0171k\u00f6dtet\u00e9s\u00e9ben, p\u00e9ld\u00e1ul webt\u00e1rhely \u00e9s adatelemz\u00e9s. Google Ad Exchange: A Google Ad Exchange szolg\u00e1ltat\u00e1son kereszt\u00fcli hirdet\u00e9sek megjelen\u00edt\u00e9s\u00e9hez sz\u00fcks\u00e9ges. Jogi megfelel\u00e9s: Ha sz\u00fcks\u00e9ges a t\u00f6rv\u00e9nynek val\u00f3 megfelel\u00e9shez vagy a jogi elj\u00e1r\u00e1sra val\u00f3 reag\u00e1l\u00e1shoz.<\/p>\n\n\n\n<ol class=\"wp-block-list\" start=\"4\">\n<li>Google AdSense A Google AdSense felt\u00e9teleinek megfelel\u0151en, k\u00e9rj\u00fck, vegye figyelembe, hogy a Google, mint k\u00fcls\u0151 sz\u00e1ll\u00edt\u00f3, cookie-kat haszn\u00e1l a hirdet\u00e9sek megjelen\u00edt\u00e9s\u00e9hez webhely\u00fcnk\u00f6n. A DART cookie Google \u00e1ltali haszn\u00e1lata lehet\u0151v\u00e9 teszi, hogy hirdet\u00e9seket jelen\u00edtsen meg a felhaszn\u00e1l\u00f3knak webhely\u00fcnk \u00e9s m\u00e1s internetes oldalak kor\u00e1bbi l\u00e1togat\u00e1sai alapj\u00e1n. A felhaszn\u00e1l\u00f3k leiratkozhatnak a DART cookie haszn\u00e1lat\u00e1r\u00f3l a Google hirdet\u00e9si \u00e9s tartalmi h\u00e1l\u00f3zat adatv\u00e9delmi ir\u00e1nyelveinek megl\u00e1togat\u00e1s\u00e1val.<\/li>\n\n\n\n<li>Az adatv\u00e9delmi szab\u00e1lyzat v\u00e1ltoz\u00e1sai Adatv\u00e9delmi szab\u00e1lyzatunkat id\u0151r\u0151l id\u0151re friss\u00edthetj\u00fck. Minden v\u00e1ltoz\u00e1sr\u00f3l az \u00faj Adatv\u00e9delmi szab\u00e1lyzat k\u00f6zz\u00e9t\u00e9tel\u00e9vel \u00e9rtes\u00edtj\u00fck ezen az oldalon.<\/li>\n\n\n\n<li>Kapcsolatfelv\u00e9tel Ha k\u00e9rd\u00e9se van ezzel az adatv\u00e9delmi szab\u00e1lyzattal kapcsolatban, k\u00e9rj\u00fck, l\u00e9pjen kapcsolatba vel\u00fcnk.<\/li>\n<\/ol>","protected":false},"excerpt":{"rendered":"<p>\u00dcdv\u00f6z\u00f6lj\u00fck a Moblyus oldal\u00e1n. Ez az adatv\u00e9delmi ir\u00e1nyelv le\u00edrja, hogyan gy\u0171jt\u00fcnk, haszn\u00e1lunk \u00e9s osztunk meg \u00d6nr\u0151l inform\u00e1ci\u00f3kat, amikor \u00d6n felkeresi vagy haszn\u00e1lja weboldalunkat. Weboldalunk \u00e9s szolg\u00e1ltat\u00e1saink biztos\u00edt\u00e1sa, karbantart\u00e1sa \u00e9s fejleszt\u00e9se. Az \u00d6nnel val\u00f3 kommunik\u00e1ci\u00f3, k\u00e9rd\u00e9seire \u00e9s k\u00e9r\u00e9seire adott v\u00e1laszok. Szem\u00e9lyre szabott hirdet\u00e9sek megjelen\u00edt\u00e9se \u00e9s adatelemz\u00e9s elv\u00e9gz\u00e9se. Szolg\u00e1ltat\u00f3k: Inform\u00e1ci\u00f3kat osztunk meg olyan sz\u00e1ll\u00edt\u00f3kkal, akik\u2026 <a title=\"Adatv\u00e9delmi ir\u00e1nyelvek\" class=\"read-more\" href=\"https:\/\/moblyus.com\/hu\/politica-de-privacidade\/\" aria-label=\"Tov\u00e1bbi inform\u00e1ci\u00f3 az Adatv\u00e9delmi ir\u00e1nyelvekr\u0151l\">b\u0151vebben<\/a><\/p>","protected":false},"author":1,"featured_media":0,"parent":0,"menu_order":0,"comment_status":"closed","ping_status":"closed","template":"","meta":{"footnotes":""},"class_list":["post-3","page","type-page","status-publish"],"_links":{"self":[{"href":"https:\/\/moblyus.com\/hu\/wp-json\/wp\/v2\/pages\/3","targetHints":{"allow":["GET"]}}],"collection":[{"href":"https:\/\/moblyus.com\/hu\/wp-json\/wp\/v2\/pages"}],"about":[{"href":"https:\/\/moblyus.com\/hu\/wp-json\/wp\/v2\/types\/page"}],"author":[{"embeddable":true,"href":"https:\/\/moblyus.com\/hu\/wp-json\/wp\/v2\/users\/1"}],"replies":[{"embeddable":true,"href":"https:\/\/moblyus.com\/hu\/wp-json\/wp\/v2\/comments?post=3"}],"version-history":[{"count":1,"href":"https:\/\/moblyus.com\/hu\/wp-json\/wp\/v2\/pages\/3\/revisions"}],"predecessor-version":[{"id":537,"href":"https:\/\/moblyus.com\/hu\/wp-json\/wp\/v2\/pages\/3\/revisions\/537"}],"wp:attachment":[{"href":"https:\/\/moblyus.com\/hu\/wp-json\/wp\/v2\/media?parent=3"}],"curies":[{"name":"munkaf\u00fczet","href":"https:\/\/api.w.org\/{rel}","templated":true}]}}