{"id":2,"date":"2024-03-09T10:48:06","date_gmt":"2024-03-09T10:48:06","guid":{"rendered":"https:\/\/moblyus.com\/?page_id=2"},"modified":"2024-06-28T07:28:11","modified_gmt":"2024-06-28T10:28:11","slug":"felelossegkizaras","status":"publish","type":"page","link":"https:\/\/moblyus.com\/hu\/disclaimer\/","title":{"rendered":"Jogi nyilatkozat"},"content":{"rendered":"<p>A weboldal \u00e9s az \u00e1ltalunk k\u00edn\u00e1lt kapcsol\u00f3d\u00f3 alkalmaz\u00e1sok vagy szolg\u00e1ltat\u00e1sok haszn\u00e1lat\u00e1ra az al\u00e1bbi felt\u00e9telek vonatkoznak. Weboldalunk megnyit\u00e1s\u00e1val vagy haszn\u00e1lat\u00e1val \u00d6n beleegyezik, hogy betartja \u00e9s mag\u00e1ra n\u00e9zve k\u00f6telez\u0151nek ismeri el ezeket a felt\u00e9teleket. Ha nem \u00e9rt egyet a felt\u00e9telek b\u00e1rmelyik r\u00e9sz\u00e9vel, k\u00e9rj\u00fck, ne haszn\u00e1lja ezt a webhelyet.<\/p>\n\n\n\n<ol class=\"wp-block-list\">\n<li><strong>Szellemi tulajdon:<\/strong>&nbsp;Az ezen az oldalon bemutatott minden tartalom, bele\u00e9rtve, de nem kiz\u00e1r\u00f3lagosan a sz\u00f6veget, grafik\u00e1kat, log\u00f3kat, ikonokat, k\u00e9peket, audio klipeket, digit\u00e1lis let\u00f6lt\u00e9seket \u00e9s adatgy\u0171jtem\u00e9nyeket, a mi vagy licencad\u00f3ink kiz\u00e1r\u00f3lagos tulajdon\u00e1t k\u00e9pezi, szerz\u0151i jogi t\u00f6rv\u00e9nyek \u00e1ltal v\u00e9dett szerz\u0151i jogi \u00e9s egy\u00e9b vonatkoz\u00f3 szellemi tartalom. tulajdoni t\u00f6rv\u00e9nyek.<\/li>\n\n\n\n<li><strong>Enged\u00e9lyezett felhaszn\u00e1l\u00e1s:<\/strong>&nbsp;Ezt a weboldalt szem\u00e9lyes, nem kereskedelmi c\u00e9lokra \u00e9rheti el \u00e9s haszn\u00e1lhatja. Az oldal tartalm\u00e1nak b\u00e1rmilyen kereskedelmi felhaszn\u00e1l\u00e1sa vagy \u00fajrak\u00f6zl\u00e9se kifejezett \u00edr\u00e1sos enged\u00e9ly\u00fcnk n\u00e9lk\u00fcl szigor\u00faan tilos.<\/li>\n\n\n\n<li><strong>Jogi nyilatkozat:<\/strong>&nbsp;Ezt a webhelyet \u201eahogy van\u201d \u00e9s \u201eahogy el\u00e9rhet\u0151\u201d form\u00e1ban biztos\u00edtjuk, b\u00e1rmilyen kifejezett vagy hallgat\u00f3lagos garancia n\u00e9lk\u00fcl. Nem v\u00e1llalunk garanci\u00e1t az oldal tartalm\u00e1nak pontoss\u00e1g\u00e1\u00e9rt, megb\u00edzhat\u00f3s\u00e1g\u00e1\u00e9rt vagy teljess\u00e9g\u00e9\u00e9rt. A weboldal haszn\u00e1lata a saj\u00e1t felel\u0151ss\u00e9g\u00e9re t\u00f6rt\u00e9nik.<\/li>\n\n\n\n<li><strong>Linkek harmadik felek webhelyeire:<\/strong>&nbsp;Ez a weboldal tartalmazhat hivatkoz\u00e1sokat harmadik felek webhelyeire, amelyeket nem mi ir\u00e1ny\u00edtunk vagy \u00fczemeltet\u00fcnk. Nem v\u00e1llalunk felel\u0151ss\u00e9get a harmadik felek webhelyeinek tartalm\u00e1\u00e9rt, adatv\u00e9delmi ir\u00e1nyelvei\u00e9rt vagy gyakorlat\u00e1\u00e9rt. Harmadik felek webhelyeire mutat\u00f3 hivatkoz\u00e1sok szerepeltet\u00e9se nem jelenti az ezen webhelyeken tal\u00e1lhat\u00f3 tartalom j\u00f3v\u00e1hagy\u00e1s\u00e1t vagy aj\u00e1nl\u00e1s\u00e1t.<\/li>\n\n\n\n<li><strong>Felt\u00e9telek v\u00e1ltoz\u00e1sai:<\/strong>&nbsp;Fenntartjuk a jogot, hogy ezeket a felt\u00e9teleket b\u00e1rmikor, el\u0151zetes \u00e9rtes\u00edt\u00e9s n\u00e9lk\u00fcl m\u00f3dos\u00edtsuk. Az oldalnak az ilyen m\u00f3dos\u00edt\u00e1sok ut\u00e1ni tov\u00e1bbi haszn\u00e1lata a fel\u00fclvizsg\u00e1lt felt\u00e9telek elfogad\u00e1s\u00e1t jelenti.<\/li>\n\n\n\n<li><strong>Alkalmazand\u00f3 jog:<\/strong>\u00a0Ezeket a felt\u00e9teleket Braz\u00edlia t\u00f6rv\u00e9nyei szab\u00e1lyozz\u00e1k, \u00e9s ezeknek megfelel\u0151en \u00e9rtelmezik. A jelen felt\u00e9telekkel kapcsolatos b\u00e1rmely vita az ezen a ter\u00fcleten tal\u00e1lhat\u00f3 illet\u00e9kes b\u00edr\u00f3s\u00e1gok kiz\u00e1r\u00f3lagos joghat\u00f3s\u00e1ga al\u00e1 tartozik.<\/li>\n<\/ol>\n\n\n\n<p>A weboldal haszn\u00e1lat\u00e1val \u00d6n elismeri, hogy elolvasta, meg\u00e9rtette \u00e9s elfogadta ezeket a felt\u00e9teleket. Ha b\u00e1rmilyen k\u00e9rd\u00e9se vagy agg\u00e1lya van ezekkel a felt\u00e9telekkel kapcsolatban, k\u00e9rj\u00fck, l\u00e9pjen kapcsolatba vel\u00fcnk.<\/p>","protected":false},"excerpt":{"rendered":"<p>A weboldal, valamint az \u00e1ltalunk k\u00edn\u00e1lt kapcsol\u00f3d\u00f3 alkalmaz\u00e1sok vagy szolg\u00e1ltat\u00e1sok haszn\u00e1lata a k\u00f6vetkez\u0151 felhaszn\u00e1l\u00e1si felt\u00e9telek hat\u00e1lya al\u00e1 tartozik. A weboldalunk el\u00e9r\u00e9s\u00e9vel vagy haszn\u00e1lat\u00e1val \u00d6n elfogadja \u00e9s mag\u00e1ra n\u00e9zve k\u00f6telez\u0151nek ismeri el ezeket a felt\u00e9teleket. Ha nem \u00e9rt egyet a felt\u00e9telek b\u00e1rmely r\u00e9sz\u00e9vel, k\u00e9rj\u00fck, ne haszn\u00e1lja ezt a weboldalt. A weboldal haszn\u00e1lat\u00e1val\u2026 <a title=\"Jogi nyilatkozat\" class=\"read-more\" href=\"https:\/\/moblyus.com\/hu\/disclaimer\/\" aria-label=\"Tov\u00e1bbi inform\u00e1ci\u00f3 a nyilatkozatr\u00f3l\">b\u0151vebben<\/a><\/p>","protected":false},"author":1,"featured_media":0,"parent":0,"menu_order":0,"comment_status":"closed","ping_status":"open","template":"","meta":{"footnotes":""},"class_list":["post-2","page","type-page","status-publish"],"_links":{"self":[{"href":"https:\/\/moblyus.com\/hu\/wp-json\/wp\/v2\/pages\/2","targetHints":{"allow":["GET"]}}],"collection":[{"href":"https:\/\/moblyus.com\/hu\/wp-json\/wp\/v2\/pages"}],"about":[{"href":"https:\/\/moblyus.com\/hu\/wp-json\/wp\/v2\/types\/page"}],"author":[{"embeddable":true,"href":"https:\/\/moblyus.com\/hu\/wp-json\/wp\/v2\/users\/1"}],"replies":[{"embeddable":true,"href":"https:\/\/moblyus.com\/hu\/wp-json\/wp\/v2\/comments?post=2"}],"version-history":[{"count":2,"href":"https:\/\/moblyus.com\/hu\/wp-json\/wp\/v2\/pages\/2\/revisions"}],"predecessor-version":[{"id":809,"href":"https:\/\/moblyus.com\/hu\/wp-json\/wp\/v2\/pages\/2\/revisions\/809"}],"wp:attachment":[{"href":"https:\/\/moblyus.com\/hu\/wp-json\/wp\/v2\/media?parent=2"}],"curies":[{"name":"munkaf\u00fczet","href":"https:\/\/api.w.org\/{rel}","templated":true}]}}