{"id":538,"date":"2024-04-23T19:03:23","date_gmt":"2024-04-23T22:03:23","guid":{"rendered":"https:\/\/moblyus.com\/?page_id=538"},"modified":"2024-04-23T19:03:23","modified_gmt":"2024-04-23T22:03:23","slug":"uvjeti-koristenja","status":"publish","type":"page","link":"https:\/\/moblyus.com\/hr\/termos-de-uso\/","title":{"rendered":"Uvjeti kori\u0161tenja"},"content":{"rendered":"<p>Ako nastavite pregledavati i koristiti ovu web-stranicu, suglasni ste da \u0107ete se pridr\u017eavati sljede\u0107ih uvjeta i odredbi, koji zajedno s na\u0161om politikom privatnosti ure\u0111uju odnos Moblyusa s vama, te se sla\u017eete s njima.<\/p>\n\n\n\n<p>Ako se ne sla\u017eete s bilo kojim dijelom ovih uvjeta i odredbi, nemojte koristiti na\u0161u web stranicu.<\/p>\n\n\n\n<p>Kori\u0161tenje ove web stranice podlije\u017ee sljede\u0107im uvjetima kori\u0161tenja:<\/p>\n\n\n\n<p>Sadr\u017eaj stranica ove web stranice slu\u017ei samo za va\u0161e op\u0107e informacije i kori\u0161tenje. Podlo\u017eno je promjenama bez prethodne najave. Niti mi niti bilo koje tre\u0107e strane ne daju nikakva jamstva ili garancije u pogledu to\u010dnosti, pravodobnosti, izvedbe, potpunosti ili prikladnosti informacija i materijala koji se nalaze ili nude na ovoj web stranici za bilo koju posebnu svrhu. Va\u0161e kori\u0161tenje bilo kojih informacija ili materijala na ovoj web stranici u potpunosti je na vlastitu odgovornost, za \u0161to mi ne\u0107emo biti odgovorni. S vremena na vrijeme, ovo web mjesto tako\u0111er mo\u017ee sadr\u017eavati poveznice na druge web stranice. Ove veze su dane kako bi vam olak\u0161ale pru\u017eanje dodatnih informacija. Ne snosimo nikakvu odgovornost za sadr\u017eaj povezanih web stranica.<\/p>","protected":false},"excerpt":{"rendered":"<p>Ako nastavite pregledavati i koristiti ovu stranicu, pristajete na po\u0161tivanje sljede\u0107ih uvjeta kori\u0161tenja koji, zajedno s na\u0161im pravilima o privatnosti, ure\u0111uju odnos tvrtke Moblyus s vama. Ako se ne sla\u017eete s bilo kojim dijelom ovih uvjeta kori\u0161tenja, nemojte koristiti na\u0161u stranicu. Kori\u0161tenje ove stranice podlije\u017ee\u2026 <a title=\"Uvjeti kori\u0161tenja\" class=\"read-more\" href=\"https:\/\/moblyus.com\/hr\/termos-de-uso\/\" aria-label=\"Pro\u010ditajte vi\u0161e o Uvjetima kori\u0161tenja\">pro\u010ditaj vi\u0161e<\/a><\/p>","protected":false},"author":1,"featured_media":0,"parent":0,"menu_order":0,"comment_status":"closed","ping_status":"closed","template":"","meta":{"footnotes":""},"class_list":["post-538","page","type-page","status-publish"],"_links":{"self":[{"href":"https:\/\/moblyus.com\/hr\/wp-json\/wp\/v2\/pages\/538","targetHints":{"allow":["GET"]}}],"collection":[{"href":"https:\/\/moblyus.com\/hr\/wp-json\/wp\/v2\/pages"}],"about":[{"href":"https:\/\/moblyus.com\/hr\/wp-json\/wp\/v2\/types\/page"}],"author":[{"embeddable":true,"href":"https:\/\/moblyus.com\/hr\/wp-json\/wp\/v2\/users\/1"}],"replies":[{"embeddable":true,"href":"https:\/\/moblyus.com\/hr\/wp-json\/wp\/v2\/comments?post=538"}],"version-history":[{"count":1,"href":"https:\/\/moblyus.com\/hr\/wp-json\/wp\/v2\/pages\/538\/revisions"}],"predecessor-version":[{"id":539,"href":"https:\/\/moblyus.com\/hr\/wp-json\/wp\/v2\/pages\/538\/revisions\/539"}],"wp:attachment":[{"href":"https:\/\/moblyus.com\/hr\/wp-json\/wp\/v2\/media?parent=538"}],"curies":[{"name":"radni list","href":"https:\/\/api.w.org\/{rel}","templated":true}]}}