{"id":2,"date":"2024-03-09T10:48:06","date_gmt":"2024-03-09T10:48:06","guid":{"rendered":"https:\/\/moblyus.com\/?page_id=2"},"modified":"2024-06-28T07:28:11","modified_gmt":"2024-06-28T10:28:11","slug":"odricanje","status":"publish","type":"page","link":"https:\/\/moblyus.com\/hr\/disclaimer\/","title":{"rendered":"Odricanje"},"content":{"rendered":"<p>Kori\u0161tenje ove web stranice i svih povezanih aplikacija ili usluga koje nudimo podlije\u017ee sljede\u0107im uvjetima i odredbama. Pristupom ili kori\u0161tenjem na\u0161e web stranice, suglasni ste po\u0161tivati i biti vezani ovim uvjetima. Ako se ne sla\u017eete s bilo kojim dijelom ovih uvjeta, nemojte koristiti ovu web stranicu.<\/p>\n\n\n\n<ol class=\"wp-block-list\">\n<li><strong>Intelektualno vlasni\u0161tvo:<\/strong>&nbsp;Sav sadr\u017eaj prikazan na ovoj stranici, uklju\u010duju\u0107i, ali ne ograni\u010davaju\u0107i se na tekst, grafiku, logotipe, ikone, slike, audio isje\u010dke, digitalna preuzimanja i kompilacije podataka, isklju\u010divo je vlasni\u0161tvo nas ili na\u0161ih davatelja licence, za\u0161ti\u0107eno zakonima o autorskim pravima i drugim primjenjivim intelektualnim pravima vlasni\u010dki zakoni.<\/li>\n\n\n\n<li><strong>Dopu\u0161tena uporaba:<\/strong>&nbsp;Ovom web-mjestu mo\u017eete pristupiti i koristiti ga u osobne, nekomercijalne svrhe. Bilo kakvo komercijalno kori\u0161tenje ili ponovno objavljivanje sadr\u017eaja ove stranice bez na\u0161eg izri\u010ditog pismenog dopu\u0161tenja strogo je zabranjeno.<\/li>\n\n\n\n<li><strong>Odricanje:<\/strong>&nbsp;Ova stranica dostupna je &quot;kakva jest&quot; i &quot;kako je dostupna&quot; bez jamstava bilo koje vrste, izri\u010ditih ili podrazumijevanih. Ne jam\u010dimo za to\u010dnost, pouzdanost ili potpunost sadr\u017eaja ove stranice. Va\u0161e kori\u0161tenje ove web stranice je na vlastitu odgovornost.<\/li>\n\n\n\n<li><strong>Veze na stranice tre\u0107ih strana:<\/strong>&nbsp;Ova web stranica mo\u017ee sadr\u017eavati poveznice na web stranice tre\u0107ih strana koje mi ne kontroliramo niti njima upravljamo. Nismo odgovorni za sadr\u017eaj, politiku privatnosti ili praksu stranica tre\u0107ih strana. Uklju\u010divanje poveznica na web stranice tre\u0107ih strana ne podrazumijeva odobravanje ili preporuku bilo kojeg sadr\u017eaja na tim web stranicama.<\/li>\n\n\n\n<li><strong>Promjene uvjeta:<\/strong>&nbsp;Zadr\u017eavamo pravo izmjene ovih uvjeta u bilo kojem trenutku, bez prethodne najave. Va\u0161e daljnje kori\u0161tenje ove stranice nakon takvih izmjena predstavlja va\u0161 pristanak na revidirane uvjete.<\/li>\n\n\n\n<li><strong>Mjerodavno pravo:<\/strong>\u00a0Ovi uvjeti i odredbe ure\u0111eni su i tuma\u010de se u skladu sa zakonima Brazila. Svaki spor koji se odnosi na ove uvjete bit \u0107e podlo\u017ean isklju\u010divoj nadle\u017enosti nadle\u017enih sudova koji se nalaze u ovoj jurisdikciji.<\/li>\n<\/ol>\n\n\n\n<p>Kori\u0161tenjem ove web stranice potvr\u0111ujete da ste pro\u010ditali, razumjeli i da se sla\u017eete s ovim odredbama i uvjetima. Ako imate bilo kakvih pitanja ili nedoumica u vezi s ovim uvjetima, obratite nam se.<\/p>","protected":false},"excerpt":{"rendered":"<p>Va\u0161e kori\u0161tenje ove web stranice, kao i svih povezanih aplikacija ili usluga koje nudimo, podlije\u017ee sljede\u0107im uvjetima i odredbama. Pristupom ili kori\u0161tenjem na\u0161e web stranice pristajete na po\u0161tivanje ovih uvjeta i biti obvezani njima. Ako se ne sla\u017eete s bilo kojim dijelom ovih uvjeta, molimo vas da ne koristite ovu web stranicu. Kori\u0161tenjem ovog\u2026 <a title=\"Odricanje\" class=\"read-more\" href=\"https:\/\/moblyus.com\/hr\/disclaimer\/\" aria-label=\"Pro\u010ditajte vi\u0161e o odricanju odgovornosti\">pro\u010ditaj vi\u0161e<\/a><\/p>","protected":false},"author":1,"featured_media":0,"parent":0,"menu_order":0,"comment_status":"closed","ping_status":"open","template":"","meta":{"footnotes":""},"class_list":["post-2","page","type-page","status-publish"],"_links":{"self":[{"href":"https:\/\/moblyus.com\/hr\/wp-json\/wp\/v2\/pages\/2","targetHints":{"allow":["GET"]}}],"collection":[{"href":"https:\/\/moblyus.com\/hr\/wp-json\/wp\/v2\/pages"}],"about":[{"href":"https:\/\/moblyus.com\/hr\/wp-json\/wp\/v2\/types\/page"}],"author":[{"embeddable":true,"href":"https:\/\/moblyus.com\/hr\/wp-json\/wp\/v2\/users\/1"}],"replies":[{"embeddable":true,"href":"https:\/\/moblyus.com\/hr\/wp-json\/wp\/v2\/comments?post=2"}],"version-history":[{"count":2,"href":"https:\/\/moblyus.com\/hr\/wp-json\/wp\/v2\/pages\/2\/revisions"}],"predecessor-version":[{"id":809,"href":"https:\/\/moblyus.com\/hr\/wp-json\/wp\/v2\/pages\/2\/revisions\/809"}],"wp:attachment":[{"href":"https:\/\/moblyus.com\/hr\/wp-json\/wp\/v2\/media?parent=2"}],"curies":[{"name":"radni list","href":"https:\/\/api.w.org\/{rel}","templated":true}]}}