{"id":538,"date":"2024-04-23T19:03:23","date_gmt":"2024-04-23T22:03:23","guid":{"rendered":"https:\/\/moblyus.com\/?page_id=538"},"modified":"2024-04-23T19:03:23","modified_gmt":"2024-04-23T22:03:23","slug":"conditions-dutilisation","status":"publish","type":"page","link":"https:\/\/moblyus.com\/fr_ca\/termos-de-uso\/","title":{"rendered":"Conditions d&#039;utilisation"},"content":{"rendered":"<p>Si vous continuez \u00e0 naviguer et \u00e0 utiliser ce site Web, vous acceptez de vous conformer et d&#039;\u00eatre li\u00e9 par les conditions g\u00e9n\u00e9rales d&#039;utilisation suivantes, qui, avec notre politique de confidentialit\u00e9, r\u00e9gissent la relation de Moblyus avec vous.<\/p>\n\n\n\n<p>Si vous n&#039;\u00eates pas d&#039;accord avec une partie de ces termes et conditions, n&#039;utilisez pas notre site Web.<\/p>\n\n\n\n<p>L&#039;utilisation de ce site Web est soumise aux conditions d&#039;utilisation suivantes :<\/p>\n\n\n\n<p>Le contenu des pages de ce site Web est uniquement destin\u00e9 \u00e0 votre information g\u00e9n\u00e9rale et \u00e0 votre usage. Il est sujet \u00e0 changement sans pr\u00e9avis. Ni nous ni aucun tiers ne fournissons aucune garantie quant \u00e0 l&#039;exactitude, l&#039;actualit\u00e9, la performance, l&#039;exhaustivit\u00e9 ou l&#039;ad\u00e9quation des informations et des documents trouv\u00e9s ou propos\u00e9s sur ce site Web \u00e0 des fins particuli\u00e8res. Votre utilisation de toute information ou mat\u00e9riel sur ce site Web est enti\u00e8rement \u00e0 vos propres risques, pour lesquels nous ne serons pas responsables. De temps en temps, ce site Web peut \u00e9galement inclure des liens vers d&#039;autres sites Web. Ces liens sont fournis pour votre commodit\u00e9 afin de fournir de plus amples informations. Nous n&#039;avons aucune responsabilit\u00e9 quant au contenu du ou des sites Web li\u00e9s.<\/p>","protected":false},"excerpt":{"rendered":"<p>En continuant \u00e0 naviguer et \u00e0 utiliser ce site, vous acceptez de vous conformer aux conditions g\u00e9n\u00e9rales d&#039;utilisation suivantes, qui, avec notre politique de confidentialit\u00e9, r\u00e9gissent la relation entre Moblyus et vous. Si vous \u00eates en d\u00e9saccord avec une quelconque partie de ces conditions g\u00e9n\u00e9rales, veuillez ne pas utiliser notre site. L&#039;utilisation de ce site est soumise \u00e0\u2026 <a title=\"Conditions d&#039;utilisation\" class=\"read-more\" href=\"https:\/\/moblyus.com\/fr_ca\/termos-de-uso\/\" aria-label=\"En savoir plus sur les conditions d&#039;utilisation\">En savoir plus<\/a><\/p>","protected":false},"author":1,"featured_media":0,"parent":0,"menu_order":0,"comment_status":"closed","ping_status":"closed","template":"","meta":{"footnotes":""},"class_list":["post-538","page","type-page","status-publish"],"_links":{"self":[{"href":"https:\/\/moblyus.com\/fr_ca\/wp-json\/wp\/v2\/pages\/538","targetHints":{"allow":["GET"]}}],"collection":[{"href":"https:\/\/moblyus.com\/fr_ca\/wp-json\/wp\/v2\/pages"}],"about":[{"href":"https:\/\/moblyus.com\/fr_ca\/wp-json\/wp\/v2\/types\/page"}],"author":[{"embeddable":true,"href":"https:\/\/moblyus.com\/fr_ca\/wp-json\/wp\/v2\/users\/1"}],"replies":[{"embeddable":true,"href":"https:\/\/moblyus.com\/fr_ca\/wp-json\/wp\/v2\/comments?post=538"}],"version-history":[{"count":1,"href":"https:\/\/moblyus.com\/fr_ca\/wp-json\/wp\/v2\/pages\/538\/revisions"}],"predecessor-version":[{"id":539,"href":"https:\/\/moblyus.com\/fr_ca\/wp-json\/wp\/v2\/pages\/538\/revisions\/539"}],"wp:attachment":[{"href":"https:\/\/moblyus.com\/fr_ca\/wp-json\/wp\/v2\/media?parent=538"}],"curies":[{"name":"wp","href":"https:\/\/api.w.org\/{rel}","templated":true}]}}