{"id":2,"date":"2024-03-09T10:48:06","date_gmt":"2024-03-09T10:48:06","guid":{"rendered":"https:\/\/moblyus.com\/?page_id=2"},"modified":"2024-06-28T07:28:11","modified_gmt":"2024-06-28T10:28:11","slug":"clause-de-non-responsabilite","status":"publish","type":"page","link":"https:\/\/moblyus.com\/fr_be\/disclaimer\/","title":{"rendered":"Clause de non-responsabilit\u00e9"},"content":{"rendered":"<p>L&#039;utilisation de ce site Web et de toute application ou service connexe que nous proposons est soumise aux termes et conditions suivants. En acc\u00e9dant ou en utilisant notre site Web, vous acceptez de respecter et d&#039;\u00eatre li\u00e9 par ces conditions. Si vous n&#039;\u00eates pas d&#039;accord avec une partie de ces conditions, veuillez ne pas utiliser ce site Web.<\/p>\n\n\n\n<ol class=\"wp-block-list\">\n<li><strong>Propri\u00e9t\u00e9 intellectuelle\u00a0:<\/strong>&nbsp;Tout le contenu pr\u00e9sent\u00e9 sur ce site, y compris, mais sans s&#039;y limiter, les textes, graphiques, logos, ic\u00f4nes, images, clips audio, t\u00e9l\u00e9chargements num\u00e9riques et compilations de donn\u00e9es, est la propri\u00e9t\u00e9 exclusive de nous ou de nos conc\u00e9dants de licence, prot\u00e9g\u00e9 par les lois sur le droit d&#039;auteur et autres droits intellectuels applicables. lois sur la propri\u00e9t\u00e9.<\/li>\n\n\n\n<li><strong>Utilisation autoris\u00e9e\u00a0:<\/strong>&nbsp;Vous pouvez acc\u00e9der et utiliser ce site Web \u00e0 des fins personnelles et non commerciales. Toute utilisation commerciale ou republication du contenu de ce site Web sans notre autorisation \u00e9crite expresse est strictement interdite.<\/li>\n\n\n\n<li><strong>Clause de non-responsabilit\u00e9:<\/strong>&nbsp;Ce site est fourni \u00ab tel quel \u00bb et \u00ab tel que disponible \u00bb sans garantie d&#039;aucune sorte, expresse ou implicite. Nous ne garantissons pas l&#039;exactitude, la fiabilit\u00e9 ou l&#039;exhaustivit\u00e9 du contenu de ce site. Votre utilisation de ce site Web est \u00e0 vos propres risques.<\/li>\n\n\n\n<li><strong>Liens vers des sites tiers :<\/strong>&nbsp;Ce site Web peut contenir des liens vers des sites Web de tiers qui ne sont ni contr\u00f4l\u00e9s ni exploit\u00e9s par nous. Nous ne sommes pas responsables du contenu, des politiques de confidentialit\u00e9 ou des pratiques des sites tiers. L&#039;inclusion de liens vers des sites Web tiers n&#039;implique pas une approbation ou une recommandation du contenu de ces sites Web.<\/li>\n\n\n\n<li><strong>Modifications des conditions\u00a0:<\/strong>&nbsp;Nous nous r\u00e9servons le droit de modifier ces conditions \u00e0 tout moment, sans pr\u00e9avis. Votre utilisation continue de ce site apr\u00e8s de telles modifications constitue votre accord avec les conditions r\u00e9vis\u00e9es.<\/li>\n\n\n\n<li><strong>Loi applicable\u00a0:<\/strong>\u00a0Ces termes et conditions sont r\u00e9gis et interpr\u00e9t\u00e9s conform\u00e9ment aux lois du Br\u00e9sil. Tout litige relatif aux pr\u00e9sentes conditions sera soumis \u00e0 la comp\u00e9tence exclusive des tribunaux comp\u00e9tents situ\u00e9s dans cette juridiction.<\/li>\n<\/ol>\n\n\n\n<p>En utilisant ce site Web, vous reconnaissez avoir lu, compris et accept\u00e9 ces termes et conditions. Si vous avez des questions ou des pr\u00e9occupations concernant ces conditions, veuillez nous contacter.<\/p>","protected":false},"excerpt":{"rendered":"<p>L\u2019utilisation de ce site web, ainsi que de toute application ou service associ\u00e9 que nous proposons, est soumise aux conditions g\u00e9n\u00e9rales suivantes. En acc\u00e9dant \u00e0 notre site web ou en l\u2019utilisant, vous acceptez de vous conformer \u00e0 ces conditions et d\u2019\u00eatre li\u00e9 par elles. Si vous n\u2019acceptez pas l\u2019une quelconque de ces conditions, veuillez ne pas utiliser ce site web. En utilisant ce\u2026 <a title=\"Clause de non-responsabilit\u00e9\" class=\"read-more\" href=\"https:\/\/moblyus.com\/fr_be\/disclaimer\/\" aria-label=\"Pour en savoir plus, consultez la clause de non-responsabilit\u00e9.\">En savoir plus<\/a><\/p>","protected":false},"author":1,"featured_media":0,"parent":0,"menu_order":0,"comment_status":"closed","ping_status":"open","template":"","meta":{"footnotes":""},"class_list":["post-2","page","type-page","status-publish"],"_links":{"self":[{"href":"https:\/\/moblyus.com\/fr_be\/wp-json\/wp\/v2\/pages\/2","targetHints":{"allow":["GET"]}}],"collection":[{"href":"https:\/\/moblyus.com\/fr_be\/wp-json\/wp\/v2\/pages"}],"about":[{"href":"https:\/\/moblyus.com\/fr_be\/wp-json\/wp\/v2\/types\/page"}],"author":[{"embeddable":true,"href":"https:\/\/moblyus.com\/fr_be\/wp-json\/wp\/v2\/users\/1"}],"replies":[{"embeddable":true,"href":"https:\/\/moblyus.com\/fr_be\/wp-json\/wp\/v2\/comments?post=2"}],"version-history":[{"count":2,"href":"https:\/\/moblyus.com\/fr_be\/wp-json\/wp\/v2\/pages\/2\/revisions"}],"predecessor-version":[{"id":809,"href":"https:\/\/moblyus.com\/fr_be\/wp-json\/wp\/v2\/pages\/2\/revisions\/809"}],"wp:attachment":[{"href":"https:\/\/moblyus.com\/fr_be\/wp-json\/wp\/v2\/media?parent=2"}],"curies":[{"name":"wp","href":"https:\/\/api.w.org\/{rel}","templated":true}]}}