{"id":3,"date":"2024-03-09T10:48:06","date_gmt":"2024-03-09T10:48:06","guid":{"rendered":"https:\/\/moblyus.com\/?page_id=3"},"modified":"2024-12-17T23:52:16","modified_gmt":"2024-12-18T02:52:16","slug":"politique-de-confidentialite","status":"publish","type":"page","link":"https:\/\/moblyus.com\/fr\/politica-de-privacidade\/","title":{"rendered":"politique de confidentialit\u00e9"},"content":{"rendered":"<p>Bienvenue \u00e0 <strong>Moblyus<\/strong>. Cette politique de confidentialit\u00e9 d\u00e9crit la mani\u00e8re dont nous collectons, utilisons et partageons des informations vous concernant lorsque vous acc\u00e9dez ou utilisez notre site Web.<\/p>\n\n\n\n<ol class=\"wp-block-list\">\n<li>Informations que nous collectons Informations personnelles\u00a0: Nous collectons les informations personnelles que vous fournissez volontairement, telles que votre nom, votre adresse e-mail et d&#039;autres informations de contact lorsque vous vous inscrivez pour des mises \u00e0 jour ou communiquez avec nous. Donn\u00e9es d&#039;utilisation\u00a0: Nous collectons automatiquement des informations sur la fa\u00e7on dont vous acc\u00e9dez et utilisez le Site, y compris le type d&#039;appareil, le navigateur Web, les pages visit\u00e9es, les clics, les mod\u00e8les d&#039;utilisation et d&#039;autres informations d&#039;utilisation. Cookies et technologies de suivi : Nous utilisons des cookies et des technologies de suivi pour personnaliser votre exp\u00e9rience et collecter des donn\u00e9es sur votre interaction avec le site Web et les publicit\u00e9s affich\u00e9es.<\/li>\n\n\n\n<li>Utilisation des informations Nous utilisons vos informations pour\u00a0:<\/li>\n<\/ol>\n\n\n\n<p>Fournir, maintenir et am\u00e9liorer notre site Web et nos services. Communiquez avec vous, r\u00e9pondez \u00e0 vos questions et demandes. Affichez des publicit\u00e9s personnalis\u00e9es et effectuez une analyse des donn\u00e9es.<\/p>\n\n\n\n<ol class=\"wp-block-list\" start=\"3\">\n<li>Partage d&#039;informations Nous pouvons partager vos informations avec des tiers dans les circonstances suivantes\u00a0:<\/li>\n<\/ol>\n\n\n\n<p>Fournisseurs de services\u00a0: nous partageons des informations avec des fournisseurs qui nous aident \u00e0 exploiter le site, tels que l&#039;h\u00e9bergement Web et l&#039;analyse des donn\u00e9es. Google Ad Exchange\u00a0: n\u00e9cessaire pour diffuser des annonces via Google Ad Exchange. Conformit\u00e9 l\u00e9gale\u00a0: Lorsque cela est n\u00e9cessaire pour se conformer \u00e0 la loi ou r\u00e9pondre \u00e0 une proc\u00e9dure judiciaire.<\/p>\n\n\n\n<ol class=\"wp-block-list\" start=\"4\">\n<li>Google AdSense Conform\u00e9ment aux conditions d&#039;utilisation de Google AdSense, veuillez noter que Google, en tant que fournisseur tiers, utilise des cookies pour diffuser des annonces sur notre site Web. L&#039;utilisation par Google du cookie DART lui permet de diffuser des publicit\u00e9s \u00e0 nos utilisateurs en fonction des visites ant\u00e9rieures de notre site et d&#039;autres sites Internet. Les utilisateurs peuvent refuser l&#039;utilisation du cookie DART en consultant la politique de confidentialit\u00e9 de Google Advertising and Content Network.<\/li>\n\n\n\n<li>Modifications de la politique de confidentialit\u00e9 Nous pouvons mettre \u00e0 jour notre politique de confidentialit\u00e9 de temps \u00e0 autre. Nous vous informerons de tout changement en publiant la nouvelle politique de confidentialit\u00e9 sur cette page.<\/li>\n\n\n\n<li>Contact Si vous avez des questions concernant cette politique de confidentialit\u00e9, veuillez nous contacter.<\/li>\n<\/ol>","protected":false},"excerpt":{"rendered":"<p>Bienvenue sur Moblyus. Cette politique de confidentialit\u00e9 d\u00e9crit comment nous collectons, utilisons et partageons vos informations lorsque vous acc\u00e9dez \u00e0 notre site web ou l&#039;utilisez. Pour fournir, maintenir et am\u00e9liorer notre site web et nos services. Pour communiquer avec vous, r\u00e9pondre \u00e0 vos questions et demandes. Pour afficher des publicit\u00e9s personnalis\u00e9es et effectuer des analyses de donn\u00e9es. Prestataires de services\u00a0: Nous partageons des informations avec des fournisseurs qui\u2026 <a title=\"politique de confidentialit\u00e9\" class=\"read-more\" href=\"https:\/\/moblyus.com\/fr\/politica-de-privacidade\/\" aria-label=\"En savoir plus sur Politique de confidentialit\u00e9\">En savoir plus<\/a><\/p>","protected":false},"author":1,"featured_media":0,"parent":0,"menu_order":0,"comment_status":"closed","ping_status":"closed","template":"","meta":{"footnotes":""},"class_list":["post-3","page","type-page","status-publish"],"_links":{"self":[{"href":"https:\/\/moblyus.com\/fr\/wp-json\/wp\/v2\/pages\/3","targetHints":{"allow":["GET"]}}],"collection":[{"href":"https:\/\/moblyus.com\/fr\/wp-json\/wp\/v2\/pages"}],"about":[{"href":"https:\/\/moblyus.com\/fr\/wp-json\/wp\/v2\/types\/page"}],"author":[{"embeddable":true,"href":"https:\/\/moblyus.com\/fr\/wp-json\/wp\/v2\/users\/1"}],"replies":[{"embeddable":true,"href":"https:\/\/moblyus.com\/fr\/wp-json\/wp\/v2\/comments?post=3"}],"version-history":[{"count":1,"href":"https:\/\/moblyus.com\/fr\/wp-json\/wp\/v2\/pages\/3\/revisions"}],"predecessor-version":[{"id":537,"href":"https:\/\/moblyus.com\/fr\/wp-json\/wp\/v2\/pages\/3\/revisions\/537"}],"wp:attachment":[{"href":"https:\/\/moblyus.com\/fr\/wp-json\/wp\/v2\/media?parent=3"}],"curies":[{"name":"wp","href":"https:\/\/api.w.org\/{rel}","templated":true}]}}