{"id":3,"date":"2024-03-09T10:48:06","date_gmt":"2024-03-09T10:48:06","guid":{"rendered":"https:\/\/moblyus.com\/?page_id=3"},"modified":"2024-12-17T23:52:16","modified_gmt":"2024-12-18T02:52:16","slug":"politica-de-privacidad","status":"publish","type":"page","link":"https:\/\/moblyus.com\/es_eu\/politica-de-privacidade\/","title":{"rendered":"Pol\u00edtica de privacidad"},"content":{"rendered":"<p>Bienvenido al <strong>Moblyus<\/strong>. Esta pol\u00edtica de privacidad describe c\u00f3mo recopilamos, usamos y compartimos informaci\u00f3n sobre usted cuando accede o utiliza nuestro sitio web.<\/p>\n\n\n\n<ol class=\"wp-block-list\">\n<li>Informaci\u00f3n que recopilamos Informaci\u00f3n personal: Recopilamos informaci\u00f3n personal que usted proporciona voluntariamente, como su nombre, correo electr\u00f3nico y otra informaci\u00f3n de contacto cuando se registra para recibir actualizaciones o se comunica con nosotros. Datos de uso: recopilamos autom\u00e1ticamente informaci\u00f3n sobre c\u00f3mo accede y utiliza el Sitio, incluido el tipo de dispositivo, el navegador web, las p\u00e1ginas visitadas, los clics, los patrones de uso y otra informaci\u00f3n de uso. Cookies y tecnolog\u00edas de seguimiento: utilizamos cookies y tecnolog\u00edas de seguimiento para personalizar su experiencia y recopilar datos sobre su interacci\u00f3n con el sitio web y los anuncios mostrados.<\/li>\n\n\n\n<li>Uso de la informaci\u00f3n Usamos su informaci\u00f3n para:<\/li>\n<\/ol>\n\n\n\n<p>Proporcionar, mantener y mejorar nuestro sitio web y nuestros servicios. Comunicarnos con usted, responder a sus preguntas y solicitudes. Muestra anuncios personalizados y realiza an\u00e1lisis de datos.<\/p>\n\n\n\n<ol class=\"wp-block-list\" start=\"3\">\n<li>Intercambio de informaci\u00f3n Podemos compartir su informaci\u00f3n con terceros en las siguientes circunstancias:<\/li>\n<\/ol>\n\n\n\n<p>Proveedores de servicios: compartimos informaci\u00f3n con proveedores que nos ayudan a operar el sitio, como alojamiento web y an\u00e1lisis de datos. Google Ad Exchange: seg\u00fan sea necesario para publicar anuncios a trav\u00e9s de Google Ad Exchange. Cumplimiento Legal: Cuando sea necesario para cumplir con la ley o responder a un proceso legal.<\/p>\n\n\n\n<ol class=\"wp-block-list\" start=\"4\">\n<li>Google AdSense De acuerdo con los t\u00e9rminos de Google AdSense, tenga en cuenta que Google, como proveedor externo, utiliza cookies para publicar anuncios en nuestro sitio web. El uso de la cookie DART por parte de Google le permite mostrar anuncios a nuestros usuarios basados en visitas anteriores a nuestro sitio y otros sitios en Internet. Los usuarios pueden optar por no utilizar la cookie de DART visitando la Pol\u00edtica de privacidad de la red de contenido y publicidad de Google.<\/li>\n\n\n\n<li>Cambios a la Pol\u00edtica de Privacidad Es posible que actualicemos nuestra Pol\u00edtica de Privacidad de vez en cuando. Le notificaremos cualquier cambio publicando la nueva Pol\u00edtica de Privacidad en esta p\u00e1gina.<\/li>\n\n\n\n<li>Contacto Si tiene preguntas sobre esta Pol\u00edtica de Privacidad, por favor cont\u00e1ctenos.<\/li>\n<\/ol>","protected":false},"excerpt":{"rendered":"<p>Bienvenido a Moblyus. Esta pol\u00edtica de privacidad describe c\u00f3mo recopilamos, usamos y compartimos informaci\u00f3n sobre usted cuando accede o utiliza nuestro sitio web. Para proporcionar, mantener y mejorar nuestro sitio web y nuestros servicios. Para comunicarnos con usted, responder a sus preguntas y solicitudes. Para mostrar anuncios personalizados y realizar an\u00e1lisis de datos. Proveedores de servicios: Compartimos informaci\u00f3n con proveedores que\u2026 <a title=\"Pol\u00edtica de privacidad\" class=\"read-more\" href=\"https:\/\/moblyus.com\/es_eu\/politica-de-privacidade\/\" aria-label=\"Leer m\u00e1s sobre la Pol\u00edtica de Privacidad\">leer m\u00e1s<\/a><\/p>","protected":false},"author":1,"featured_media":0,"parent":0,"menu_order":0,"comment_status":"closed","ping_status":"closed","template":"","meta":{"footnotes":""},"class_list":["post-3","page","type-page","status-publish"],"_links":{"self":[{"href":"https:\/\/moblyus.com\/es_eu\/wp-json\/wp\/v2\/pages\/3","targetHints":{"allow":["GET"]}}],"collection":[{"href":"https:\/\/moblyus.com\/es_eu\/wp-json\/wp\/v2\/pages"}],"about":[{"href":"https:\/\/moblyus.com\/es_eu\/wp-json\/wp\/v2\/types\/page"}],"author":[{"embeddable":true,"href":"https:\/\/moblyus.com\/es_eu\/wp-json\/wp\/v2\/users\/1"}],"replies":[{"embeddable":true,"href":"https:\/\/moblyus.com\/es_eu\/wp-json\/wp\/v2\/comments?post=3"}],"version-history":[{"count":1,"href":"https:\/\/moblyus.com\/es_eu\/wp-json\/wp\/v2\/pages\/3\/revisions"}],"predecessor-version":[{"id":537,"href":"https:\/\/moblyus.com\/es_eu\/wp-json\/wp\/v2\/pages\/3\/revisions\/537"}],"wp:attachment":[{"href":"https:\/\/moblyus.com\/es_eu\/wp-json\/wp\/v2\/media?parent=3"}],"curies":[{"name":"wp","href":"https:\/\/api.w.org\/{rel}","templated":true}]}}