{"id":2,"date":"2024-03-09T10:48:06","date_gmt":"2024-03-09T10:48:06","guid":{"rendered":"https:\/\/moblyus.com\/?page_id=2"},"modified":"2024-06-28T07:28:11","modified_gmt":"2024-06-28T10:28:11","slug":"descargo-de-responsabilidad","status":"publish","type":"page","link":"https:\/\/moblyus.com\/es_eu\/disclaimer\/","title":{"rendered":"Descargo de responsabilidad"},"content":{"rendered":"<p>El uso de este sitio web y cualquier aplicaci\u00f3n o servicio relacionado que ofrecemos est\u00e1 sujeto a los siguientes t\u00e9rminos y condiciones. Al acceder o utilizar nuestro sitio web, usted acepta cumplir y estar sujeto a estos t\u00e9rminos. Si no est\u00e1 de acuerdo con alguna parte de estos t\u00e9rminos, no utilice este sitio web.<\/p>\n\n\n\n<ol class=\"wp-block-list\">\n<li><strong>Propiedad intelectual:<\/strong>&nbsp;Todo el contenido presentado en este sitio, incluidos, entre otros, texto, gr\u00e1ficos, logotipos, \u00edconos, im\u00e1genes, clips de audio, descargas digitales y compilaciones de datos, es propiedad exclusiva nuestra o de nuestros licenciantes, est\u00e1 protegido por las leyes de derechos de autor y otros derechos de propiedad intelectual aplicables. leyes de propiedad.<\/li>\n\n\n\n<li><strong>Uso permitido:<\/strong>&nbsp;Puede acceder y utilizar este sitio web para fines personales y no comerciales. Cualquier uso comercial o republicaci\u00f3n del contenido de este sitio web sin nuestro permiso expreso por escrito est\u00e1 estrictamente prohibido.<\/li>\n\n\n\n<li><strong>Descargo de responsabilidad:<\/strong>&nbsp;Este sitio se proporciona &quot;tal cual&quot; y &quot;seg\u00fan disponibilidad&quot; sin garant\u00edas de ning\u00fan tipo, expresas o impl\u00edcitas. No garantizamos la exactitud, confiabilidad o integridad del contenido de este sitio. El uso de este sitio web es bajo su propio riesgo.<\/li>\n\n\n\n<li><strong>Enlaces a sitios de terceros:<\/strong>&nbsp;Este sitio web puede contener enlaces a sitios web de terceros que no controlamos ni operamos nosotros. No somos responsables del contenido, las pol\u00edticas de privacidad o las pr\u00e1cticas de sitios de terceros. La inclusi\u00f3n de enlaces a sitios web de terceros no implica respaldo o recomendaci\u00f3n de ning\u00fan contenido en esos sitios web.<\/li>\n\n\n\n<li><strong>Cambios a los t\u00e9rminos:<\/strong>&nbsp;Nos reservamos el derecho de modificar estos t\u00e9rminos en cualquier momento, sin previo aviso. Su uso continuado de este sitio despu\u00e9s de dichas modificaciones constituye su aceptaci\u00f3n de los t\u00e9rminos revisados.<\/li>\n\n\n\n<li><strong>Ley aplicable:<\/strong>\u00a0Estos t\u00e9rminos y condiciones se rigen e interpretan de acuerdo con las leyes de Brasil. Cualquier disputa relacionada con estos t\u00e9rminos estar\u00e1 sujeta a la jurisdicci\u00f3n exclusiva de los tribunales competentes ubicados en esta jurisdicci\u00f3n.<\/li>\n<\/ol>\n\n\n\n<p>Al utilizar este sitio web, usted reconoce que ha le\u00eddo, comprendido y aceptado estos t\u00e9rminos y condiciones. Si tiene alguna pregunta o inquietud sobre estos t\u00e9rminos, comun\u00edquese con nosotros.<\/p>","protected":false},"excerpt":{"rendered":"<p>El uso de este sitio web, as\u00ed como de cualquier aplicaci\u00f3n o servicio relacionado que ofrezcamos, est\u00e1 sujeto a los siguientes t\u00e9rminos y condiciones. Al acceder o utilizar nuestro sitio web, usted acepta cumplir y estar sujeto a estos t\u00e9rminos. Si no est\u00e1 de acuerdo con alguna parte de estos t\u00e9rminos, le rogamos que no utilice este sitio web. Al utilizar este\u2026 <a title=\"Descargo de responsabilidad\" class=\"read-more\" href=\"https:\/\/moblyus.com\/es_eu\/disclaimer\/\" aria-label=\"Leer m\u00e1s sobre el descargo de responsabilidad\">leer m\u00e1s<\/a><\/p>","protected":false},"author":1,"featured_media":0,"parent":0,"menu_order":0,"comment_status":"closed","ping_status":"open","template":"","meta":{"footnotes":""},"class_list":["post-2","page","type-page","status-publish"],"_links":{"self":[{"href":"https:\/\/moblyus.com\/es_eu\/wp-json\/wp\/v2\/pages\/2","targetHints":{"allow":["GET"]}}],"collection":[{"href":"https:\/\/moblyus.com\/es_eu\/wp-json\/wp\/v2\/pages"}],"about":[{"href":"https:\/\/moblyus.com\/es_eu\/wp-json\/wp\/v2\/types\/page"}],"author":[{"embeddable":true,"href":"https:\/\/moblyus.com\/es_eu\/wp-json\/wp\/v2\/users\/1"}],"replies":[{"embeddable":true,"href":"https:\/\/moblyus.com\/es_eu\/wp-json\/wp\/v2\/comments?post=2"}],"version-history":[{"count":2,"href":"https:\/\/moblyus.com\/es_eu\/wp-json\/wp\/v2\/pages\/2\/revisions"}],"predecessor-version":[{"id":809,"href":"https:\/\/moblyus.com\/es_eu\/wp-json\/wp\/v2\/pages\/2\/revisions\/809"}],"wp:attachment":[{"href":"https:\/\/moblyus.com\/es_eu\/wp-json\/wp\/v2\/media?parent=2"}],"curies":[{"name":"wp","href":"https:\/\/api.w.org\/{rel}","templated":true}]}}