{"id":538,"date":"2024-04-23T19:03:23","date_gmt":"2024-04-23T22:03:23","guid":{"rendered":"https:\/\/moblyus.com\/?page_id=538"},"modified":"2024-04-23T19:03:23","modified_gmt":"2024-04-23T22:03:23","slug":"terminos-de-uso","status":"publish","type":"page","link":"https:\/\/moblyus.com\/es_cl\/termos-de-uso\/","title":{"rendered":"Terminos de uso"},"content":{"rendered":"<p>Si contin\u00faa navegando y utilizando este sitio web, acepta cumplir y estar sujeto a los siguientes t\u00e9rminos y condiciones de uso, que junto con nuestra pol\u00edtica de privacidad rigen la relaci\u00f3n de Moblyus con usted.<\/p>\n\n\n\n<p>Si no est\u00e1 de acuerdo con alguna parte de estos t\u00e9rminos y condiciones, no utilice nuestro sitio web.<\/p>\n\n\n\n<p>El uso de este sitio web est\u00e1 sujeto a los siguientes t\u00e9rminos de uso:<\/p>\n\n\n\n<p>El contenido de las p\u00e1ginas de este sitio web es para su informaci\u00f3n general y uso \u00fanicamente. Est\u00e1 sujeto a cambios sin previo aviso. Ni nosotros ni terceros ofrecemos ninguna garant\u00eda en cuanto a la exactitud, puntualidad, rendimiento, integridad o idoneidad de la informaci\u00f3n y los materiales encontrados u ofrecidos en este sitio web para ning\u00fan prop\u00f3sito particular. El uso que usted haga de cualquier informaci\u00f3n o material en este sitio web es bajo su propio riesgo, del cual no seremos responsables. De vez en cuando este sitio web tambi\u00e9n puede incluir enlaces a otros sitios web. Estos enlaces se proporcionan para su comodidad para proporcionar m\u00e1s informaci\u00f3n. No tenemos ninguna responsabilidad por el contenido de los sitios web vinculados.<\/p>","protected":false},"excerpt":{"rendered":"<p>Si contin\u00faa navegando y utilizando este sitio, acepta cumplir y estar sujeto a los siguientes t\u00e9rminos y condiciones de uso, que, junto con nuestra pol\u00edtica de privacidad, rigen la relaci\u00f3n de Moblyus con usted. Si no est\u00e1 de acuerdo con alguna parte de estos t\u00e9rminos y condiciones, no utilice nuestro sitio. El uso de este sitio est\u00e1 sujeto a\u2026 <a title=\"Terminos de uso\" class=\"read-more\" href=\"https:\/\/moblyus.com\/es_cl\/termos-de-uso\/\" aria-label=\"Leer m\u00e1s sobre los T\u00e9rminos de uso\">leer m\u00e1s<\/a><\/p>","protected":false},"author":1,"featured_media":0,"parent":0,"menu_order":0,"comment_status":"closed","ping_status":"closed","template":"","meta":{"footnotes":""},"class_list":["post-538","page","type-page","status-publish"],"_links":{"self":[{"href":"https:\/\/moblyus.com\/es_cl\/wp-json\/wp\/v2\/pages\/538","targetHints":{"allow":["GET"]}}],"collection":[{"href":"https:\/\/moblyus.com\/es_cl\/wp-json\/wp\/v2\/pages"}],"about":[{"href":"https:\/\/moblyus.com\/es_cl\/wp-json\/wp\/v2\/types\/page"}],"author":[{"embeddable":true,"href":"https:\/\/moblyus.com\/es_cl\/wp-json\/wp\/v2\/users\/1"}],"replies":[{"embeddable":true,"href":"https:\/\/moblyus.com\/es_cl\/wp-json\/wp\/v2\/comments?post=538"}],"version-history":[{"count":1,"href":"https:\/\/moblyus.com\/es_cl\/wp-json\/wp\/v2\/pages\/538\/revisions"}],"predecessor-version":[{"id":539,"href":"https:\/\/moblyus.com\/es_cl\/wp-json\/wp\/v2\/pages\/538\/revisions\/539"}],"wp:attachment":[{"href":"https:\/\/moblyus.com\/es_cl\/wp-json\/wp\/v2\/media?parent=538"}],"curies":[{"name":"wp","href":"https:\/\/api.w.org\/{rel}","templated":true}]}}