{"id":538,"date":"2024-04-23T19:03:23","date_gmt":"2024-04-23T22:03:23","guid":{"rendered":"https:\/\/moblyus.com\/?page_id=538"},"modified":"2024-04-23T19:03:23","modified_gmt":"2024-04-23T22:03:23","slug":"nutzungsbedingungen","status":"publish","type":"page","link":"https:\/\/moblyus.com\/de\/termos-de-uso\/","title":{"rendered":"Nutzungsbedingungen"},"content":{"rendered":"<p>Wenn Sie diese Website weiterhin durchsuchen und nutzen, erkl\u00e4ren Sie sich damit einverstanden, die folgenden Nutzungsbedingungen einzuhalten und an sie gebunden zu sein, die zusammen mit unserer Datenschutzrichtlinie die Beziehung zwischen Moblyus und Ihnen regeln.<\/p>\n\n\n\n<p>Wenn Sie mit einem Teil dieser Allgemeinen Gesch\u00e4ftsbedingungen nicht einverstanden sind, nutzen Sie unsere Website nicht.<\/p>\n\n\n\n<p>F\u00fcr die Nutzung dieser Website gelten die folgenden Nutzungsbedingungen:<\/p>\n\n\n\n<p>Der Inhalt der Seiten dieser Website dient ausschlie\u00dflich Ihrer allgemeinen Information und Nutzung. \u00c4nderungen ohne Vorank\u00fcndigung vorbehalten. Weder wir noch Dritte geben eine Gew\u00e4hrleistung oder Garantie hinsichtlich der Genauigkeit, Aktualit\u00e4t, Leistung, Vollst\u00e4ndigkeit oder Eignung der auf dieser Website gefundenen oder angebotenen Informationen und Materialien f\u00fcr einen bestimmten Zweck. Die Nutzung aller Informationen oder Materialien auf dieser Website erfolgt ausschlie\u00dflich auf Ihr eigenes Risiko, f\u00fcr das wir keine Haftung \u00fcbernehmen. Von Zeit zu Zeit kann diese Website auch Links zu anderen Websites enthalten. Diese Links werden zu Ihrer Bequemlichkeit bereitgestellt, um weitere Informationen bereitzustellen. Wir \u00fcbernehmen keine Verantwortung f\u00fcr den Inhalt der verlinkten Website(s).<\/p>","protected":false},"excerpt":{"rendered":"<p>Wenn Sie diese Website weiterhin nutzen, erkl\u00e4ren Sie sich mit den folgenden Nutzungsbedingungen einverstanden. Diese regeln zusammen mit unserer Datenschutzrichtlinie die Gesch\u00e4ftsbeziehung zwischen Moblyus und Ihnen. Sollten Sie mit diesen Bedingungen nicht einverstanden sein, nutzen Sie unsere Website bitte nicht. Die Nutzung dieser Website unterliegt\u2026 <a title=\"Nutzungsbedingungen\" class=\"read-more\" href=\"https:\/\/moblyus.com\/de\/termos-de-uso\/\" aria-label=\"Weitere Informationen zu den Nutzungsbedingungen\">mehr lesen<\/a><\/p>","protected":false},"author":1,"featured_media":0,"parent":0,"menu_order":0,"comment_status":"closed","ping_status":"closed","template":"","meta":{"footnotes":""},"class_list":["post-538","page","type-page","status-publish"],"_links":{"self":[{"href":"https:\/\/moblyus.com\/de\/wp-json\/wp\/v2\/pages\/538","targetHints":{"allow":["GET"]}}],"collection":[{"href":"https:\/\/moblyus.com\/de\/wp-json\/wp\/v2\/pages"}],"about":[{"href":"https:\/\/moblyus.com\/de\/wp-json\/wp\/v2\/types\/page"}],"author":[{"embeddable":true,"href":"https:\/\/moblyus.com\/de\/wp-json\/wp\/v2\/users\/1"}],"replies":[{"embeddable":true,"href":"https:\/\/moblyus.com\/de\/wp-json\/wp\/v2\/comments?post=538"}],"version-history":[{"count":1,"href":"https:\/\/moblyus.com\/de\/wp-json\/wp\/v2\/pages\/538\/revisions"}],"predecessor-version":[{"id":539,"href":"https:\/\/moblyus.com\/de\/wp-json\/wp\/v2\/pages\/538\/revisions\/539"}],"wp:attachment":[{"href":"https:\/\/moblyus.com\/de\/wp-json\/wp\/v2\/media?parent=538"}],"curies":[{"name":"wp","href":"https:\/\/api.w.org\/{rel}","templated":true}]}}