{"id":3,"date":"2024-03-09T10:48:06","date_gmt":"2024-03-09T10:48:06","guid":{"rendered":"https:\/\/moblyus.com\/?page_id=3"},"modified":"2024-12-17T23:52:16","modified_gmt":"2024-12-18T02:52:16","slug":"datenschutzrichtlinie","status":"publish","type":"page","link":"https:\/\/moblyus.com\/de\/politica-de-privacidade\/","title":{"rendered":"Datenschutzrichtlinie"},"content":{"rendered":"<p>Willkommen zu <strong>Moblyus<\/strong>. Diese Datenschutzrichtlinie beschreibt, wie wir Informationen \u00fcber Sie sammeln, verwenden und weitergeben, wenn Sie auf unsere Website zugreifen oder diese nutzen.<\/p>\n\n\n\n<ol class=\"wp-block-list\">\n<li>Von uns erfasste personenbezogene Daten: Wir erfassen personenbezogene Daten, die Sie freiwillig angeben, wie z. B. Ihren Namen, Ihre E-Mail-Adresse und andere Kontaktinformationen, wenn Sie sich f\u00fcr Updates anmelden oder mit uns kommunizieren. Nutzungsdaten: Wir erfassen automatisch Informationen dar\u00fcber, wie Sie auf die Website zugreifen und diese nutzen, einschlie\u00dflich Ger\u00e4tetyp, Webbrowser, besuchte Seiten, Klicks, Nutzungsmuster und andere Nutzungsinformationen. Cookies und Tracking-Technologien: Wir verwenden Cookies und Tracking-Technologien, um Ihr Erlebnis zu personalisieren und Daten \u00fcber Ihre Interaktion mit der Website und den angezeigten Werbeanzeigen zu sammeln.<\/li>\n\n\n\n<li>Verwendung von Informationen Wir verwenden Ihre Informationen, um:<\/li>\n<\/ol>\n\n\n\n<p>Bereitstellung, Pflege und Verbesserung unserer Website und Dienste. Kommunizieren Sie mit Ihnen, antworten Sie auf Ihre Fragen und W\u00fcnsche. Zeigen Sie personalisierte Anzeigen an und f\u00fchren Sie eine Datenanalyse durch.<\/p>\n\n\n\n<ol class=\"wp-block-list\" start=\"3\">\n<li>Informationsweitergabe Wir k\u00f6nnen Ihre Daten unter folgenden Umst\u00e4nden an Dritte weitergeben:<\/li>\n<\/ol>\n\n\n\n<p>Dienstleister: Wir geben Informationen an Anbieter weiter, die uns beim Betrieb der Website unterst\u00fctzen, z. B. Webhosting und Datenanalyse. Google Ad Exchange: Wie erforderlich, um Anzeigen \u00fcber Google Ad Exchange bereitzustellen. Rechtskonformit\u00e4t: Wenn es zur Einhaltung des Gesetzes oder zur Reaktion auf rechtliche Verfahren erforderlich ist.<\/p>\n\n\n\n<ol class=\"wp-block-list\" start=\"4\">\n<li>Google AdSense Bitte beachten Sie, dass Google als Drittanbieter gem\u00e4\u00df den Google AdSense-Bedingungen Cookies verwendet, um Anzeigen auf unserer Website zu schalten. Die Verwendung des DART-Cookies durch Google erm\u00f6glicht es uns, unseren Nutzern Anzeigen auf der Grundlage fr\u00fcherer Besuche auf unserer Website und anderen Websites im Internet anzuzeigen. Benutzer k\u00f6nnen die Verwendung des DART-Cookies deaktivieren, indem sie die Datenschutzrichtlinie von Google Advertising and Content Network besuchen.<\/li>\n\n\n\n<li>\u00c4nderungen der Datenschutzrichtlinie Wir k\u00f6nnen unsere Datenschutzrichtlinie von Zeit zu Zeit aktualisieren. Wir werden Sie \u00fcber alle \u00c4nderungen informieren, indem wir die neue Datenschutzrichtlinie auf dieser Seite ver\u00f6ffentlichen.<\/li>\n\n\n\n<li>Kontakt Wenn Sie Fragen zu dieser Datenschutzrichtlinie haben, kontaktieren Sie uns bitte.<\/li>\n<\/ol>","protected":false},"excerpt":{"rendered":"<p>Willkommen bei Moblyus. Diese Datenschutzrichtlinie beschreibt, wie wir Informationen \u00fcber Sie sammeln, verwenden und weitergeben, wenn Sie auf unsere Website zugreifen oder diese nutzen. Zur Bereitstellung, Wartung und Verbesserung unserer Website und Dienste. Zur Kommunikation mit Ihnen, zur Beantwortung Ihrer Fragen und Anfragen. Zur Anzeige personalisierter Werbung und zur Durchf\u00fchrung von Datenanalysen. Dienstanbieter: Wir geben Informationen an Anbieter weiter, die\u2026 <a title=\"Datenschutzrichtlinie\" class=\"read-more\" href=\"https:\/\/moblyus.com\/de\/politica-de-privacidade\/\" aria-label=\"Weitere Informationen zum Datenschutz\">mehr lesen<\/a><\/p>","protected":false},"author":1,"featured_media":0,"parent":0,"menu_order":0,"comment_status":"closed","ping_status":"closed","template":"","meta":{"footnotes":""},"class_list":["post-3","page","type-page","status-publish"],"_links":{"self":[{"href":"https:\/\/moblyus.com\/de\/wp-json\/wp\/v2\/pages\/3","targetHints":{"allow":["GET"]}}],"collection":[{"href":"https:\/\/moblyus.com\/de\/wp-json\/wp\/v2\/pages"}],"about":[{"href":"https:\/\/moblyus.com\/de\/wp-json\/wp\/v2\/types\/page"}],"author":[{"embeddable":true,"href":"https:\/\/moblyus.com\/de\/wp-json\/wp\/v2\/users\/1"}],"replies":[{"embeddable":true,"href":"https:\/\/moblyus.com\/de\/wp-json\/wp\/v2\/comments?post=3"}],"version-history":[{"count":1,"href":"https:\/\/moblyus.com\/de\/wp-json\/wp\/v2\/pages\/3\/revisions"}],"predecessor-version":[{"id":537,"href":"https:\/\/moblyus.com\/de\/wp-json\/wp\/v2\/pages\/3\/revisions\/537"}],"wp:attachment":[{"href":"https:\/\/moblyus.com\/de\/wp-json\/wp\/v2\/media?parent=3"}],"curies":[{"name":"wp","href":"https:\/\/api.w.org\/{rel}","templated":true}]}}