{"id":2,"date":"2024-03-09T10:48:06","date_gmt":"2024-03-09T10:48:06","guid":{"rendered":"https:\/\/moblyus.com\/?page_id=2"},"modified":"2024-06-28T07:28:11","modified_gmt":"2024-06-28T10:28:11","slug":"haftungsausschluss","status":"publish","type":"page","link":"https:\/\/moblyus.com\/de\/disclaimer\/","title":{"rendered":"Haftungsausschluss"},"content":{"rendered":"<p>Die Nutzung dieser Website und aller damit verbundenen von uns angebotenen Anwendungen oder Dienste unterliegt den folgenden Allgemeinen Gesch\u00e4ftsbedingungen. Durch den Zugriff auf oder die Nutzung unserer Website erkl\u00e4ren Sie sich mit der Einhaltung dieser Bedingungen einverstanden und an diese gebunden. Wenn Sie mit irgendeinem Teil dieser Bedingungen nicht einverstanden sind, nutzen Sie diese Website bitte nicht.<\/p>\n\n\n\n<ol class=\"wp-block-list\">\n<li><strong>Geistiges Eigentum:<\/strong>&nbsp;Alle auf dieser Website pr\u00e4sentierten Inhalte, einschlie\u00dflich, aber nicht beschr\u00e4nkt auf Texte, Grafiken, Logos, Symbole, Bilder, Audioclips, digitale Downloads und Datenzusammenstellungen, sind das ausschlie\u00dfliche Eigentum von uns oder unseren Lizenzgebern und durch Urheberrechtsgesetze und andere anwendbare geistige Eigentumsrechte gesch\u00fctzt Eigentumsgesetze.<\/li>\n\n\n\n<li><strong>Zul\u00e4ssige Verwendung:<\/strong>&nbsp;Sie d\u00fcrfen auf diese Website f\u00fcr pers\u00f6nliche, nicht kommerzielle Zwecke zugreifen und sie nutzen. Jede kommerzielle Nutzung oder Wiederver\u00f6ffentlichung des Inhalts dieser Website ist ohne unsere ausdr\u00fcckliche schriftliche Genehmigung strengstens untersagt.<\/li>\n\n\n\n<li><strong>Haftungsausschluss:<\/strong>&nbsp;Diese Website wird \u201ewie besehen\u201c und \u201ewie verf\u00fcgbar\u201c ohne Gew\u00e4hrleistungen jeglicher Art, weder ausdr\u00fccklich noch stillschweigend, bereitgestellt. Wir \u00fcbernehmen keine Gew\u00e4hr f\u00fcr die Richtigkeit, Zuverl\u00e4ssigkeit oder Vollst\u00e4ndigkeit des Inhalts dieser Website. Die Nutzung dieser Website erfolgt auf Ihr eigenes Risiko.<\/li>\n\n\n\n<li><strong>Links zu Websites Dritter:<\/strong>&nbsp;Diese Website kann Links zu Websites Dritter enthalten, die nicht von uns kontrolliert oder betrieben werden. Wir sind nicht verantwortlich f\u00fcr den Inhalt, die Datenschutzrichtlinien oder -praktiken von Websites Dritter. Die Aufnahme von Links zu Websites Dritter bedeutet nicht, dass der Inhalt dieser Websites bef\u00fcrwortet oder empfohlen wird.<\/li>\n\n\n\n<li><strong>\u00c4nderungen der Bedingungen:<\/strong>&nbsp;Wir behalten uns das Recht vor, diese Bedingungen jederzeit und ohne vorherige Ank\u00fcndigung zu \u00e4ndern. Ihre fortgesetzte Nutzung dieser Website nach solchen \u00c4nderungen stellt Ihr Einverst\u00e4ndnis mit den \u00fcberarbeiteten Bedingungen dar.<\/li>\n\n\n\n<li><strong>Anwendbares Recht:<\/strong>\u00a0Diese Allgemeinen Gesch\u00e4ftsbedingungen unterliegen den Gesetzen Brasiliens und werden in \u00dcbereinstimmung mit diesen ausgelegt. Alle Streitigkeiten im Zusammenhang mit diesen Bedingungen unterliegen der ausschlie\u00dflichen Zust\u00e4ndigkeit der zust\u00e4ndigen Gerichte in diesem Zust\u00e4ndigkeitsbereich.<\/li>\n<\/ol>\n\n\n\n<p>Durch die Nutzung dieser Website best\u00e4tigen Sie, dass Sie diese Allgemeinen Gesch\u00e4ftsbedingungen gelesen und verstanden haben und ihnen zustimmen. Wenn Sie Fragen oder Bedenken zu diesen Bedingungen haben, kontaktieren Sie uns bitte.<\/p>","protected":false},"excerpt":{"rendered":"<p>Die Nutzung dieser Website sowie aller damit verbundenen Anwendungen und Dienste unterliegt den folgenden Bedingungen. Mit dem Zugriff auf unsere Website erkl\u00e4ren Sie sich mit diesen Bedingungen einverstanden. Sollten Sie mit diesen Bedingungen nicht einverstanden sein, bitten wir Sie, diese Website nicht zu nutzen. Durch die Nutzung dieser Website\u2026 <a title=\"Haftungsausschluss\" class=\"read-more\" href=\"https:\/\/moblyus.com\/de\/disclaimer\/\" aria-label=\"Weitere Informationen finden Sie unter Haftungsausschluss\">mehr lesen<\/a><\/p>","protected":false},"author":1,"featured_media":0,"parent":0,"menu_order":0,"comment_status":"closed","ping_status":"open","template":"","meta":{"footnotes":""},"class_list":["post-2","page","type-page","status-publish"],"_links":{"self":[{"href":"https:\/\/moblyus.com\/de\/wp-json\/wp\/v2\/pages\/2","targetHints":{"allow":["GET"]}}],"collection":[{"href":"https:\/\/moblyus.com\/de\/wp-json\/wp\/v2\/pages"}],"about":[{"href":"https:\/\/moblyus.com\/de\/wp-json\/wp\/v2\/types\/page"}],"author":[{"embeddable":true,"href":"https:\/\/moblyus.com\/de\/wp-json\/wp\/v2\/users\/1"}],"replies":[{"embeddable":true,"href":"https:\/\/moblyus.com\/de\/wp-json\/wp\/v2\/comments?post=2"}],"version-history":[{"count":2,"href":"https:\/\/moblyus.com\/de\/wp-json\/wp\/v2\/pages\/2\/revisions"}],"predecessor-version":[{"id":809,"href":"https:\/\/moblyus.com\/de\/wp-json\/wp\/v2\/pages\/2\/revisions\/809"}],"wp:attachment":[{"href":"https:\/\/moblyus.com\/de\/wp-json\/wp\/v2\/media?parent=2"}],"curies":[{"name":"wp","href":"https:\/\/api.w.org\/{rel}","templated":true}]}}