{"id":538,"date":"2024-04-23T19:03:23","date_gmt":"2024-04-23T22:03:23","guid":{"rendered":"https:\/\/moblyus.com\/?page_id=538"},"modified":"2024-04-23T19:03:23","modified_gmt":"2024-04-23T22:03:23","slug":"podminky-pouziti","status":"publish","type":"page","link":"https:\/\/moblyus.com\/cs\/termos-de-uso\/","title":{"rendered":"Podm\u00ednky pou\u017eit\u00ed"},"content":{"rendered":"<p>Pokud budete pokra\u010dovat v proch\u00e1zen\u00ed a pou\u017e\u00edv\u00e1n\u00ed t\u00e9to webov\u00e9 str\u00e1nky, souhlas\u00edte s t\u00edm, \u017ee budete dodr\u017eovat a budete v\u00e1z\u00e1ni n\u00e1sleduj\u00edc\u00edmi podm\u00ednkami pou\u017e\u00edv\u00e1n\u00ed, kter\u00e9 spolu s na\u0161imi z\u00e1sadami ochrany osobn\u00edch \u00fadaj\u016f upravuj\u00ed vztah spole\u010dnosti Moblyus s v\u00e1mi.<\/p>\n\n\n\n<p>Pokud nesouhlas\u00edte s jakoukoli \u010d\u00e1st\u00ed t\u011bchto podm\u00ednek, nepou\u017e\u00edvejte na\u0161e webov\u00e9 str\u00e1nky.<\/p>\n\n\n\n<p>Pou\u017e\u00edv\u00e1n\u00ed t\u00e9to webov\u00e9 str\u00e1nky podl\u00e9h\u00e1 n\u00e1sleduj\u00edc\u00edm podm\u00ednk\u00e1m pou\u017eit\u00ed:<\/p>\n\n\n\n<p>Obsah str\u00e1nek tohoto webu slou\u017e\u00ed pouze pro va\u0161i obecnou informaci a pou\u017eit\u00ed. M\u016f\u017ee se zm\u011bnit bez p\u0159edchoz\u00edho upozorn\u011bn\u00ed. Ani my, ani \u017e\u00e1dn\u00e9 t\u0159et\u00ed strany neposkytujeme \u017e\u00e1dnou z\u00e1ruku nebo z\u00e1ruku, pokud jde o p\u0159esnost, v\u010dasnost, v\u00fdkon, \u00faplnost nebo vhodnost informac\u00ed a materi\u00e1l\u016f nalezen\u00fdch nebo nab\u00edzen\u00fdch na t\u00e9to webov\u00e9 str\u00e1nce pro jak\u00fdkoli konkr\u00e9tn\u00ed \u00fa\u010del. Va\u0161e pou\u017eit\u00ed jak\u00fdchkoli informac\u00ed nebo materi\u00e1l\u016f na t\u00e9to webov\u00e9 str\u00e1nce je zcela na va\u0161e vlastn\u00ed riziko, za kter\u00e9 neneseme odpov\u011bdnost. \u010cas od \u010dasu m\u016f\u017ee tato webov\u00e1 str\u00e1nka obsahovat tak\u00e9 odkazy na jin\u00e9 webov\u00e9 str\u00e1nky. Tyto odkazy jsou poskytov\u00e1ny pro va\u0161e pohodl\u00ed a poskytuj\u00ed dal\u0161\u00ed informace. Neneseme \u017e\u00e1dnou odpov\u011bdnost za obsah odkazovan\u00fdch webov\u00fdch str\u00e1nek.<\/p>","protected":false},"excerpt":{"rendered":"<p>Pokud budete pokra\u010dovat v prohl\u00ed\u017een\u00ed a pou\u017e\u00edv\u00e1n\u00ed t\u011bchto str\u00e1nek, souhlas\u00edte s t\u00edm, \u017ee budete dodr\u017eovat n\u00e1sleduj\u00edc\u00ed podm\u00ednky pou\u017e\u00edv\u00e1n\u00ed, kter\u00e9 spolu s na\u0161imi z\u00e1sadami ochrany osobn\u00edch \u00fadaj\u016f upravuj\u00ed vztah spole\u010dnosti Moblyus s v\u00e1mi. Pokud s jakoukoli \u010d\u00e1st\u00ed t\u011bchto podm\u00ednek nesouhlas\u00edte, nepou\u017e\u00edvejte na\u0161e str\u00e1nky. Pou\u017e\u00edv\u00e1n\u00ed t\u011bchto str\u00e1nek podl\u00e9h\u00e1\u2026 <a title=\"Podm\u00ednky pou\u017eit\u00ed\" class=\"read-more\" href=\"https:\/\/moblyus.com\/cs\/termos-de-uso\/\" aria-label=\"\u010c\u00edst v\u00edce o Podm\u00ednk\u00e1ch pou\u017eit\u00ed\">\u010d\u00edst d\u00e1le<\/a><\/p>","protected":false},"author":1,"featured_media":0,"parent":0,"menu_order":0,"comment_status":"closed","ping_status":"closed","template":"","meta":{"footnotes":""},"class_list":["post-538","page","type-page","status-publish"],"_links":{"self":[{"href":"https:\/\/moblyus.com\/cs\/wp-json\/wp\/v2\/pages\/538","targetHints":{"allow":["GET"]}}],"collection":[{"href":"https:\/\/moblyus.com\/cs\/wp-json\/wp\/v2\/pages"}],"about":[{"href":"https:\/\/moblyus.com\/cs\/wp-json\/wp\/v2\/types\/page"}],"author":[{"embeddable":true,"href":"https:\/\/moblyus.com\/cs\/wp-json\/wp\/v2\/users\/1"}],"replies":[{"embeddable":true,"href":"https:\/\/moblyus.com\/cs\/wp-json\/wp\/v2\/comments?post=538"}],"version-history":[{"count":1,"href":"https:\/\/moblyus.com\/cs\/wp-json\/wp\/v2\/pages\/538\/revisions"}],"predecessor-version":[{"id":539,"href":"https:\/\/moblyus.com\/cs\/wp-json\/wp\/v2\/pages\/538\/revisions\/539"}],"wp:attachment":[{"href":"https:\/\/moblyus.com\/cs\/wp-json\/wp\/v2\/media?parent=538"}],"curies":[{"name":"wp","href":"https:\/\/api.w.org\/{rel}","templated":true}]}}