{"id":3,"date":"2024-03-09T10:48:06","date_gmt":"2024-03-09T10:48:06","guid":{"rendered":"https:\/\/moblyus.com\/?page_id=3"},"modified":"2024-12-17T23:52:16","modified_gmt":"2024-12-18T02:52:16","slug":"zasady-ochrany-osobnich-udaju","status":"publish","type":"page","link":"https:\/\/moblyus.com\/cs\/politica-de-privacidade\/","title":{"rendered":"Z\u00e1sady ochrany osobn\u00edch \u00fadaj\u016f"},"content":{"rendered":"<p>V\u00edtejte v <strong>Moblyus<\/strong>. Tyto z\u00e1sady ochrany osobn\u00edch \u00fadaj\u016f popisuj\u00ed, jak shroma\u017e\u010fujeme, pou\u017e\u00edv\u00e1me a sd\u00edl\u00edme informace o v\u00e1s, kdy\u017e p\u0159istupujete na na\u0161e webov\u00e9 str\u00e1nky nebo je pou\u017e\u00edv\u00e1te.<\/p>\n\n\n\n<ol class=\"wp-block-list\">\n<li>Informace, kter\u00e9 shroma\u017e\u010fujeme osobn\u00ed \u00fadaje: Shroma\u017e\u010fujeme osobn\u00ed \u00fadaje, kter\u00e9 n\u00e1m dobrovoln\u011b poskytnete, jako je va\u0161e jm\u00e9no, e-mail a dal\u0161\u00ed kontaktn\u00ed \u00fadaje, kdy\u017e se p\u0159ihl\u00e1s\u00edte k odb\u011bru aktualizac\u00ed nebo s n\u00e1mi komunikujete. \u00dadaje o pou\u017e\u00edv\u00e1n\u00ed: Automaticky shroma\u017e\u010fujeme informace o tom, jak p\u0159istupujete na str\u00e1nky a jak je pou\u017e\u00edv\u00e1te, v\u010detn\u011b typu za\u0159\u00edzen\u00ed, webov\u00e9ho prohl\u00ed\u017ee\u010de, nav\u0161t\u00edven\u00fdch str\u00e1nek, kliknut\u00ed, vzor\u016f pou\u017e\u00edv\u00e1n\u00ed a dal\u0161\u00edch informac\u00ed o pou\u017e\u00edv\u00e1n\u00ed. Soubory cookie a technologie sledov\u00e1n\u00ed: Pou\u017e\u00edv\u00e1me soubory cookie a technologie sledov\u00e1n\u00ed k p\u0159izp\u016fsoben\u00ed va\u0161eho z\u00e1\u017eitku a shroma\u017e\u010fov\u00e1n\u00ed \u00fadaj\u016f o va\u0161\u00ed interakci s webem a zobrazovan\u00fdmi reklamami.<\/li>\n\n\n\n<li>Pou\u017eit\u00ed informac\u00ed Va\u0161e informace pou\u017e\u00edv\u00e1me k:<\/li>\n<\/ol>\n\n\n\n<p>Poskytovat, udr\u017eovat a zlep\u0161ovat na\u0161e webov\u00e9 str\u00e1nky a slu\u017eby. Komunikujte s v\u00e1mi, odpov\u00eddejte na va\u0161e dotazy a po\u017eadavky. Zobrazujte personalizovan\u00e9 reklamy a prov\u00e1d\u011bjte anal\u00fdzu dat.<\/p>\n\n\n\n<ol class=\"wp-block-list\" start=\"3\">\n<li>Sd\u00edlen\u00ed informac\u00ed Va\u0161e informace m\u016f\u017eeme sd\u00edlet s t\u0159et\u00edmi stranami za n\u00e1sleduj\u00edc\u00edch okolnost\u00ed:<\/li>\n<\/ol>\n\n\n\n<p>Poskytovatel\u00e9 slu\u017eeb: Sd\u00edl\u00edme informace s dodavateli, kte\u0159\u00ed n\u00e1m pom\u00e1haj\u00ed provozovat str\u00e1nky, jako je webhosting a anal\u00fdza dat. Google Ad Exchange: Podle pot\u0159eby k zobrazov\u00e1n\u00ed reklam prost\u0159ednictv\u00edm Google Ad Exchange. Dodr\u017eov\u00e1n\u00ed pr\u00e1vn\u00edch p\u0159edpis\u016f: Je-li to nutn\u00e9 k dodr\u017een\u00ed z\u00e1kona nebo k reakci na pr\u00e1vn\u00ed proces.<\/p>\n\n\n\n<ol class=\"wp-block-list\" start=\"4\">\n<li>Google AdSense V souladu s podm\u00ednkami Google AdSense upozor\u0148ujeme, \u017ee Google jako dodavatel t\u0159et\u00ed strany pou\u017e\u00edv\u00e1 k zobrazov\u00e1n\u00ed reklam na na\u0161ich webov\u00fdch str\u00e1nk\u00e1ch soubory cookie. Pou\u017e\u00edv\u00e1n\u00ed souboru cookie DART spole\u010dnosti Google umo\u017e\u0148uje zobrazovat reklamy na\u0161im u\u017eivatel\u016fm na z\u00e1klad\u011b minul\u00fdch n\u00e1v\u0161t\u011bv na\u0161\u00ed str\u00e1nky a dal\u0161\u00edch str\u00e1nek na internetu. U\u017eivatel\u00e9 se mohou odhl\u00e1sit z pou\u017e\u00edv\u00e1n\u00ed souboru cookie DART n\u00e1v\u0161t\u011bvou Z\u00e1sad ochrany osobn\u00edch \u00fadaj\u016f reklamn\u00ed a obsahov\u00e9 s\u00edt\u011b Google.<\/li>\n\n\n\n<li>Zm\u011bny Z\u00e1sad ochrany osobn\u00edch \u00fadaj\u016f Na\u0161e Z\u00e1sady ochrany osobn\u00edch \u00fadaj\u016f m\u016f\u017eeme \u010das od \u010dasu aktualizovat. O v\u0161ech zm\u011bn\u00e1ch v\u00e1s budeme informovat zve\u0159ejn\u011bn\u00edm nov\u00fdch Z\u00e1sad ochrany osobn\u00edch \u00fadaj\u016f na t\u00e9to str\u00e1nce.<\/li>\n\n\n\n<li>Kontakt M\u00e1te-li dotazy k t\u011bmto Z\u00e1sad\u00e1m ochrany osobn\u00edch \u00fadaj\u016f, kontaktujte n\u00e1s.<\/li>\n<\/ol>","protected":false},"excerpt":{"rendered":"<p>V\u00edtejte na str\u00e1nk\u00e1ch Moblyus. Tyto z\u00e1sady ochrany osobn\u00edch \u00fadaj\u016f popisuj\u00ed, jak shroma\u017e\u010fujeme, pou\u017e\u00edv\u00e1me a sd\u00edl\u00edme informace o v\u00e1s, kdy\u017e p\u0159istupujete na na\u0161e webov\u00e9 str\u00e1nky nebo je pou\u017e\u00edv\u00e1te. Abychom v\u00e1m mohli poskytovat, udr\u017eovat a vylep\u0161ovat na\u0161e webov\u00e9 str\u00e1nky a slu\u017eby. Abychom s v\u00e1mi komunikovali, odpov\u00eddali na va\u0161e ot\u00e1zky a po\u017eadavky. Abychom v\u00e1m zobrazovali personalizovan\u00e9 reklamy a prov\u00e1d\u011bli anal\u00fdzu dat. Poskytovatel\u00e9 slu\u017eeb: Sd\u00edl\u00edme informace s dodavateli, kte\u0159\u00ed\u2026 <a title=\"Z\u00e1sady ochrany osobn\u00edch \u00fadaj\u016f\" class=\"read-more\" href=\"https:\/\/moblyus.com\/cs\/politica-de-privacidade\/\" aria-label=\"Zde jsou Z\u00e1sady ochrany osobn\u00edch \u00fadaj\u016f\">\u010d\u00edst d\u00e1le<\/a><\/p>","protected":false},"author":1,"featured_media":0,"parent":0,"menu_order":0,"comment_status":"closed","ping_status":"closed","template":"","meta":{"footnotes":""},"class_list":["post-3","page","type-page","status-publish"],"_links":{"self":[{"href":"https:\/\/moblyus.com\/cs\/wp-json\/wp\/v2\/pages\/3","targetHints":{"allow":["GET"]}}],"collection":[{"href":"https:\/\/moblyus.com\/cs\/wp-json\/wp\/v2\/pages"}],"about":[{"href":"https:\/\/moblyus.com\/cs\/wp-json\/wp\/v2\/types\/page"}],"author":[{"embeddable":true,"href":"https:\/\/moblyus.com\/cs\/wp-json\/wp\/v2\/users\/1"}],"replies":[{"embeddable":true,"href":"https:\/\/moblyus.com\/cs\/wp-json\/wp\/v2\/comments?post=3"}],"version-history":[{"count":1,"href":"https:\/\/moblyus.com\/cs\/wp-json\/wp\/v2\/pages\/3\/revisions"}],"predecessor-version":[{"id":537,"href":"https:\/\/moblyus.com\/cs\/wp-json\/wp\/v2\/pages\/3\/revisions\/537"}],"wp:attachment":[{"href":"https:\/\/moblyus.com\/cs\/wp-json\/wp\/v2\/media?parent=3"}],"curies":[{"name":"wp","href":"https:\/\/api.w.org\/{rel}","templated":true}]}}