{"id":2,"date":"2024-03-09T10:48:06","date_gmt":"2024-03-09T10:48:06","guid":{"rendered":"https:\/\/moblyus.com\/?page_id=2"},"modified":"2024-06-28T07:28:11","modified_gmt":"2024-06-28T10:28:11","slug":"vylouceni-odpovednosti","status":"publish","type":"page","link":"https:\/\/moblyus.com\/cs\/disclaimer\/","title":{"rendered":"Z\u0159eknut\u00ed se odpov\u011bdnosti"},"content":{"rendered":"<p>Pou\u017e\u00edv\u00e1n\u00ed t\u00e9to webov\u00e9 str\u00e1nky a jak\u00fdchkoli souvisej\u00edc\u00edch aplikac\u00ed nebo slu\u017eeb, kter\u00e9 nab\u00edz\u00edme, podl\u00e9h\u00e1 n\u00e1sleduj\u00edc\u00edm podm\u00ednk\u00e1m. Vstupem na na\u0161e webov\u00e9 str\u00e1nky nebo jejich pou\u017e\u00edv\u00e1n\u00edm souhlas\u00edte s t\u00edm, \u017ee budete dodr\u017eovat tyto podm\u00ednky a budete jimi v\u00e1z\u00e1ni. Pokud nesouhlas\u00edte s jakoukoli \u010d\u00e1st\u00ed t\u011bchto podm\u00ednek, nepou\u017e\u00edvejte pros\u00edm tento web.<\/p>\n\n\n\n<ol class=\"wp-block-list\">\n<li><strong>Du\u0161evn\u00ed vlastnictv\u00ed:<\/strong>&nbsp;Ve\u0161ker\u00fd obsah prezentovan\u00fd na t\u00e9to str\u00e1nce, v\u010detn\u011b, ale bez omezen\u00ed na text, grafiku, loga, ikony, obr\u00e1zky, zvukov\u00e9 klipy, digit\u00e1ln\u00ed stahov\u00e1n\u00ed a kompilace dat, je v\u00fdhradn\u00edm vlastnictv\u00edm n\u00e1s nebo na\u0161ich poskytovatel\u016f licenc\u00ed a je chr\u00e1n\u011bn autorsk\u00fdmi pr\u00e1vy, autorsk\u00fdm pr\u00e1vem a dal\u0161\u00edmi p\u0159\u00edslu\u0161n\u00fdmi intelektu\u00e1ln\u00edmi majetkov\u00e9 z\u00e1kony.<\/li>\n\n\n\n<li><strong>Povolen\u00e9 pou\u017eit\u00ed:<\/strong>&nbsp;Na tyto webov\u00e9 str\u00e1nky m\u016f\u017eete p\u0159istupovat a pou\u017e\u00edvat je pro osobn\u00ed, nekomer\u010dn\u00ed \u00fa\u010dely. Jak\u00e9koli komer\u010dn\u00ed pou\u017eit\u00ed nebo publikov\u00e1n\u00ed obsahu t\u011bchto str\u00e1nek bez na\u0161eho v\u00fdslovn\u00e9ho p\u00edsemn\u00e9ho povolen\u00ed je p\u0159\u00edsn\u011b zak\u00e1z\u00e1no.<\/li>\n\n\n\n<li><strong>Vylou\u010den\u00ed odpov\u011bdnosti:<\/strong>&nbsp;Tato str\u00e1nka je poskytov\u00e1na \u201etak jak je\u201c a \u201ejak je dostupn\u00e1\u201c bez z\u00e1ruk jak\u00e9hokoli druhu, v\u00fdslovn\u00fdch nebo p\u0159edpokl\u00e1dan\u00fdch. Nezaru\u010dujeme p\u0159esnost, spolehlivost ani \u00faplnost obsahu t\u011bchto str\u00e1nek. Pou\u017e\u00edv\u00e1n\u00ed t\u011bchto webov\u00fdch str\u00e1nek je na va\u0161e vlastn\u00ed riziko.<\/li>\n\n\n\n<li><strong>Odkazy na str\u00e1nky t\u0159et\u00edch stran:<\/strong>&nbsp;Tato webov\u00e1 str\u00e1nka m\u016f\u017ee obsahovat odkazy na webov\u00e9 str\u00e1nky t\u0159et\u00edch stran, kter\u00e9 nejsou \u0159\u00edzeny ani provozov\u00e1ny n\u00e1mi. Nejsme zodpov\u011bdn\u00ed za obsah, z\u00e1sady ochrany osobn\u00edch \u00fadaj\u016f nebo praktiky str\u00e1nek t\u0159et\u00edch stran. Zahrnut\u00ed odkaz\u016f na webov\u00e9 str\u00e1nky t\u0159et\u00edch stran neznamen\u00e1 podporu nebo doporu\u010den\u00ed jak\u00e9hokoli obsahu na t\u011bchto webov\u00fdch str\u00e1nk\u00e1ch.<\/li>\n\n\n\n<li><strong>Zm\u011bny podm\u00ednek:<\/strong>&nbsp;Vyhrazujeme si pr\u00e1vo tyto podm\u00ednky kdykoli upravit bez p\u0159edchoz\u00edho upozorn\u011bn\u00ed. Va\u0161e dal\u0161\u00ed pou\u017e\u00edv\u00e1n\u00ed t\u00e9to str\u00e1nky po takov\u00fdch \u00faprav\u00e1ch p\u0159edstavuje v\u00e1\u0161 souhlas s revidovan\u00fdmi podm\u00ednkami.<\/li>\n\n\n\n<li><strong>Aplikovan\u00e9 pr\u00e1vo:<\/strong>\u00a0Tyto podm\u00ednky se \u0159\u00edd\u00ed z\u00e1kony Braz\u00edlie a jsou vykl\u00e1d\u00e1ny v souladu s nimi. Jak\u00fdkoli spor souvisej\u00edc\u00ed s t\u011bmito podm\u00ednkami bude podl\u00e9hat v\u00fdlu\u010dn\u00e9 jurisdikci p\u0159\u00edslu\u0161n\u00fdch soud\u016f um\u00edst\u011bn\u00fdch v t\u00e9to jurisdikci.<\/li>\n<\/ol>\n\n\n\n<p>Pou\u017e\u00edv\u00e1n\u00edm t\u00e9to webov\u00e9 str\u00e1nky potvrzujete, \u017ee jste si p\u0159e\u010detli, porozum\u011bli a souhlas\u00edte s t\u011bmito podm\u00ednkami. M\u00e1te-li jak\u00e9koli dotazy nebo obavy t\u00fdkaj\u00edc\u00ed se t\u011bchto podm\u00ednek, kontaktujte n\u00e1s.<\/p>","protected":false},"excerpt":{"rendered":"<p>Va\u0161e pou\u017e\u00edv\u00e1n\u00ed t\u011bchto webov\u00fdch str\u00e1nek, jako\u017e i ve\u0161ker\u00fdch souvisej\u00edc\u00edch aplikac\u00ed nebo slu\u017eeb, kter\u00e9 nab\u00edz\u00edme, podl\u00e9h\u00e1 n\u00e1sleduj\u00edc\u00edm podm\u00ednk\u00e1m. P\u0159\u00edstupem na na\u0161e webov\u00e9 str\u00e1nky nebo jejich pou\u017e\u00edv\u00e1n\u00edm souhlas\u00edte s t\u00edm, \u017ee budete tyto podm\u00ednky dodr\u017eovat a \u017ee budete jimi v\u00e1z\u00e1ni. Pokud s jakoukoli \u010d\u00e1st\u00ed t\u011bchto podm\u00ednek nesouhlas\u00edte, pros\u00edm, tyto webov\u00e9 str\u00e1nky nepou\u017e\u00edvejte. Pou\u017e\u00edv\u00e1n\u00edm tohoto\u2026 <a title=\"Z\u0159eknut\u00ed se odpov\u011bdnosti\" class=\"read-more\" href=\"https:\/\/moblyus.com\/cs\/disclaimer\/\" aria-label=\"\u010c\u00edst v\u00edce o Prohl\u00e1\u0161en\u00ed o vylou\u010den\u00ed odpov\u011bdnosti\">\u010d\u00edst d\u00e1le<\/a><\/p>","protected":false},"author":1,"featured_media":0,"parent":0,"menu_order":0,"comment_status":"closed","ping_status":"open","template":"","meta":{"footnotes":""},"class_list":["post-2","page","type-page","status-publish"],"_links":{"self":[{"href":"https:\/\/moblyus.com\/cs\/wp-json\/wp\/v2\/pages\/2","targetHints":{"allow":["GET"]}}],"collection":[{"href":"https:\/\/moblyus.com\/cs\/wp-json\/wp\/v2\/pages"}],"about":[{"href":"https:\/\/moblyus.com\/cs\/wp-json\/wp\/v2\/types\/page"}],"author":[{"embeddable":true,"href":"https:\/\/moblyus.com\/cs\/wp-json\/wp\/v2\/users\/1"}],"replies":[{"embeddable":true,"href":"https:\/\/moblyus.com\/cs\/wp-json\/wp\/v2\/comments?post=2"}],"version-history":[{"count":2,"href":"https:\/\/moblyus.com\/cs\/wp-json\/wp\/v2\/pages\/2\/revisions"}],"predecessor-version":[{"id":809,"href":"https:\/\/moblyus.com\/cs\/wp-json\/wp\/v2\/pages\/2\/revisions\/809"}],"wp:attachment":[{"href":"https:\/\/moblyus.com\/cs\/wp-json\/wp\/v2\/media?parent=2"}],"curies":[{"name":"wp","href":"https:\/\/api.w.org\/{rel}","templated":true}]}}